{"id":3785,"date":"2022-05-30T08:57:09","date_gmt":"2022-05-30T05:57:09","guid":{"rendered":"http:\/\/192.168.2.178:8083\/wordpress\/sertifikalar\/"},"modified":"2023-07-19T10:39:37","modified_gmt":"2023-07-19T07:39:37","slug":"certificates","status":"publish","type":"page","link":"https:\/\/volvacgermany.de\/ar\/certificates\/","title":{"rendered":"\u0627\u0644\u0634\u0647\u0627\u062f\u0627\u062a"},"content":{"rendered":"\t\t<div data-elementor-type=\"wp-page\" data-elementor-id=\"3785\" class=\"elementor elementor-3785 elementor-754\">\n\t\t\t\t\t\t\t\t\t<section data-particle_enable=\"false\" data-particle-mobile-disabled=\"false\" class=\"elementor-section elementor-top-section elementor-element elementor-element-faaaee4 elementor-section-boxed elementor-section-height-default elementor-section-height-default\" data-id=\"faaaee4\" data-element_type=\"section\">\n\t\t\n\t\t\t\t\t\t\t<div class=\"elementor-container elementor-column-gap-default\">\n\t\t\t\t\t\t\t\t\t\t\t<div class=\"elementor-column elementor-col-100 elementor-top-column elementor-element elementor-element-cbb3737\" data-id=\"cbb3737\" data-element_type=\"column\">\n\t\t\t\t\t<div class=\"elementor-widget-wrap elementor-element-populated\">\n\t\t\t\t\t\t\t\t<div class=\"elementor-element elementor-element-ad10eb4 elementor-widget elementor-widget-image-gallery\" data-id=\"ad10eb4\" data-element_type=\"widget\" data-widget_type=\"image-gallery.default\">\n\t\t\t\t<div class=\"elementor-widget-container\">\n\t\t\t<style>.elementor-image-gallery .gallery-item{display:inline-block;text-align:center;vertical-align:top;width:100%;max-width:100%;margin:0 auto}.elementor-image-gallery .gallery-item img{margin:0 auto}.elementor-image-gallery .gallery-item .gallery-caption{margin:0}.elementor-image-gallery figure img{display:block}.elementor-image-gallery figure figcaption{width:100%}.gallery-spacing-custom .elementor-image-gallery .gallery-icon{padding:0}@media (min-width:768px){.elementor-image-gallery .gallery-columns-2 .gallery-item{max-width:50%}.elementor-image-gallery .gallery-columns-3 .gallery-item{max-width:33.33%}.elementor-image-gallery .gallery-columns-4 .gallery-item{max-width:25%}.elementor-image-gallery .gallery-columns-5 .gallery-item{max-width:20%}.elementor-image-gallery .gallery-columns-6 .gallery-item{max-width:16.666%}.elementor-image-gallery .gallery-columns-7 .gallery-item{max-width:14.28%}.elementor-image-gallery .gallery-columns-8 .gallery-item{max-width:12.5%}.elementor-image-gallery .gallery-columns-9 .gallery-item{max-width:11.11%}.elementor-image-gallery .gallery-columns-10 .gallery-item{max-width:10%}}@media (min-width:480px) and (max-width:767px){.elementor-image-gallery .gallery.gallery-columns-2 .gallery-item,.elementor-image-gallery .gallery.gallery-columns-3 .gallery-item,.elementor-image-gallery .gallery.gallery-columns-4 .gallery-item,.elementor-image-gallery .gallery.gallery-columns-5 .gallery-item,.elementor-image-gallery .gallery.gallery-columns-6 .gallery-item,.elementor-image-gallery .gallery.gallery-columns-7 .gallery-item,.elementor-image-gallery .gallery.gallery-columns-8 .gallery-item,.elementor-image-gallery .gallery.gallery-columns-9 .gallery-item,.elementor-image-gallery .gallery.gallery-columns-10 .gallery-item{max-width:50%}}@media (max-width:479px){.elementor-image-gallery .gallery.gallery-columns-2 .gallery-item,.elementor-image-gallery .gallery.gallery-columns-3 .gallery-item,.elementor-image-gallery .gallery.gallery-columns-4 .gallery-item,.elementor-image-gallery .gallery.gallery-columns-5 .gallery-item,.elementor-image-gallery .gallery.gallery-columns-6 .gallery-item,.elementor-image-gallery .gallery.gallery-columns-7 .gallery-item,.elementor-image-gallery .gallery.gallery-columns-8 .gallery-item,.elementor-image-gallery .gallery.gallery-columns-9 .gallery-item,.elementor-image-gallery .gallery.gallery-columns-10 .gallery-item{max-width:100%}}<\/style>\t\t<div class=\"elementor-image-gallery\">\n\t\t\t<div id='gallery-1' class='gallery galleryid-3785 gallery-columns-4 gallery-size-full'><figure class='gallery-item'>\n\t\t\t<div class='gallery-icon portrait'>\n\t\t\t\t<a data-elementor-open-lightbox=\"yes\" data-elementor-lightbox-slideshow=\"ad10eb4\" data-elementor-lightbox-title=\"yerli2\" e-action-hash=\"#elementor-action%3Aaction%3Dlightbox%26settings%3DeyJpZCI6MTk0NywidXJsIjoiaHR0cHM6XC9cL3ZvbHZhY2dlcm1hbnkuZGVcL3dwLWNvbnRlbnRcL3VwbG9hZHNcLzIwMjJcLzAyXC95ZXJsaTIuanBnIiwic2xpZGVzaG93IjoiYWQxMGViNCJ9\" href='https:\/\/volvacgermany.de\/wp-content\/uploads\/2022\/02\/yerli2.jpg'><img loading=\"lazy\" decoding=\"async\" width=\"400\" height=\"584\" src=\"https:\/\/volvacgermany.de\/wp-content\/uploads\/2022\/02\/yerli2.jpg\" class=\"attachment-full size-full\" alt=\"\" aria-describedby=\"gallery-1-1947\" \/><\/a>\n\t\t\t<\/div>\n\t\t\t\t<figcaption class='wp-caption-text gallery-caption' id='gallery-1-1947'>\n\t\t\t\t654\n\t\t\t\t<\/figcaption><\/figure><figure class='gallery-item'>\n\t\t\t<div class='gallery-icon portrait'>\n\t\t\t\t<a data-elementor-open-lightbox=\"yes\" data-elementor-lightbox-slideshow=\"ad10eb4\" data-elementor-lightbox-title=\"yerli1\" e-action-hash=\"#elementor-action%3Aaction%3Dlightbox%26settings%3DeyJpZCI6MTk0NSwidXJsIjoiaHR0cHM6XC9cL3ZvbHZhY2dlcm1hbnkuZGVcL3dwLWNvbnRlbnRcL3VwbG9hZHNcLzIwMjJcLzAyXC95ZXJsaTEuanBnIiwic2xpZGVzaG93IjoiYWQxMGViNCJ9\" href='https:\/\/volvacgermany.de\/wp-content\/uploads\/2022\/02\/yerli1.jpg'><img loading=\"lazy\" decoding=\"async\" width=\"400\" height=\"584\" src=\"https:\/\/volvacgermany.de\/wp-content\/uploads\/2022\/02\/yerli1.jpg\" class=\"attachment-full size-full\" alt=\"\" \/><\/a>\n\t\t\t<\/div><\/figure><figure class='gallery-item'>\n\t\t\t<div class='gallery-icon portrait'>\n\t\t\t\t<a data-elementor-open-lightbox=\"yes\" data-elementor-lightbox-slideshow=\"ad10eb4\" data-elementor-lightbox-title=\"SKM_C22718022116020\" e-action-hash=\"#elementor-action%3Aaction%3Dlightbox%26settings%3DeyJpZCI6MTk1OSwidXJsIjoiaHR0cHM6XC9cL3ZvbHZhY2dlcm1hbnkuZGVcL3dwLWNvbnRlbnRcL3VwbG9hZHNcLzIwMjJcLzAyXC9DRS5qcGciLCJzbGlkZXNob3ciOiJhZDEwZWI0In0%3D\" href='https:\/\/volvacgermany.de\/wp-content\/uploads\/2022\/02\/CE.jpg'><img loading=\"lazy\" decoding=\"async\" width=\"500\" height=\"707\" src=\"https:\/\/volvacgermany.de\/wp-content\/uploads\/2022\/02\/CE.jpg\" class=\"attachment-full size-full\" alt=\"\" \/><\/a>\n\t\t\t<\/div><\/figure><figure class='gallery-item'>\n\t\t\t<div class='gallery-icon portrait'>\n\t\t\t\t<a data-elementor-open-lightbox=\"yes\" data-elementor-lightbox-slideshow=\"ad10eb4\" data-elementor-lightbox-title=\"marka-tescil\" e-action-hash=\"#elementor-action%3Aaction%3Dlightbox%26settings%3DeyJpZCI6MTk2MSwidXJsIjoiaHR0cHM6XC9cL3ZvbHZhY2dlcm1hbnkuZGVcL3dwLWNvbnRlbnRcL3VwbG9hZHNcLzIwMjJcLzAyXC9tYXJrYS10ZXNjaWwuanBnIiwic2xpZGVzaG93IjoiYWQxMGViNCJ9\" href='https:\/\/volvacgermany.de\/wp-content\/uploads\/2022\/02\/marka-tescil.jpg'><img loading=\"lazy\" decoding=\"async\" width=\"500\" height=\"743\" src=\"https:\/\/volvacgermany.de\/wp-content\/uploads\/2022\/02\/marka-tescil.jpg\" class=\"attachment-full size-full\" alt=\"\" \/><\/a>\n\t\t\t<\/div><\/figure><figure class='gallery-item'>\n\t\t\t<div class='gallery-icon portrait'>\n\t\t\t\t<a data-elementor-open-lightbox=\"yes\" data-elementor-lightbox-slideshow=\"ad10eb4\" data-elementor-lightbox-title=\"san\" e-action-hash=\"#elementor-action%3Aaction%3Dlightbox%26settings%3DeyJpZCI6MTk3MywidXJsIjoiaHR0cHM6XC9cL3ZvbHZhY2dlcm1hbnkuZGVcL3dwLWNvbnRlbnRcL3VwbG9hZHNcLzIwMjJcLzAyXC9zYW4uanBnIiwic2xpZGVzaG93IjoiYWQxMGViNCJ9\" href='https:\/\/volvacgermany.de\/wp-content\/uploads\/2022\/02\/san.jpg'><img loading=\"lazy\" decoding=\"async\" width=\"400\" height=\"584\" src=\"https:\/\/volvacgermany.de\/wp-content\/uploads\/2022\/02\/san.jpg\" class=\"attachment-full size-full\" alt=\"\" \/><\/a>\n\t\t\t<\/div><\/figure><figure class='gallery-item'>\n\t\t\t<div class='gallery-icon portrait'>\n\t\t\t\t<a data-elementor-open-lightbox=\"yes\" data-elementor-lightbox-slideshow=\"ad10eb4\" data-elementor-lightbox-title=\"VOLVAC PAKETLEME ISO 45001\" e-action-hash=\"#elementor-action%3Aaction%3Dlightbox%26settings%3DeyJpZCI6MTAyMjEsInVybCI6Imh0dHBzOlwvXC92b2x2YWNnZXJtYW55LmRlXC93cC1jb250ZW50XC91cGxvYWRzXC8yMDIzXC8wN1wvVk9MVkFDLVBBS0VUTEVNRS1JU08tNDUwMDEuanBnIiwic2xpZGVzaG93IjoiYWQxMGViNCJ9\" href='https:\/\/volvacgermany.de\/wp-content\/uploads\/2023\/07\/VOLVAC-PAKETLEME-ISO-45001.jpg'><img loading=\"lazy\" decoding=\"async\" width=\"1653\" height=\"2336\" src=\"https:\/\/volvacgermany.de\/wp-content\/uploads\/2023\/07\/VOLVAC-PAKETLEME-ISO-45001.jpg\" class=\"attachment-full size-full\" alt=\"\" srcset=\"https:\/\/volvacgermany.de\/wp-content\/uploads\/2023\/07\/VOLVAC-PAKETLEME-ISO-45001.jpg 1653w, https:\/\/volvacgermany.de\/wp-content\/uploads\/2023\/07\/VOLVAC-PAKETLEME-ISO-45001-725x1024.jpg 725w, https:\/\/volvacgermany.de\/wp-content\/uploads\/2023\/07\/VOLVAC-PAKETLEME-ISO-45001-768x1085.jpg 768w, https:\/\/volvacgermany.de\/wp-content\/uploads\/2023\/07\/VOLVAC-PAKETLEME-ISO-45001-1087x1536.jpg 1087w, https:\/\/volvacgermany.de\/wp-content\/uploads\/2023\/07\/VOLVAC-PAKETLEME-ISO-45001-1449x2048.jpg 1449w, https:\/\/volvacgermany.de\/wp-content\/uploads\/2023\/07\/VOLVAC-PAKETLEME-ISO-45001-640x904.jpg 640w, https:\/\/volvacgermany.de\/wp-content\/uploads\/2023\/07\/VOLVAC-PAKETLEME-ISO-45001-400x565.jpg 400w\" sizes=\"auto, (max-width: 1653px) 100vw, 1653px\" \/><\/a>\n\t\t\t<\/div><\/figure><figure class='gallery-item'>\n\t\t\t<div class='gallery-icon portrait'>\n\t\t\t\t<a data-elementor-open-lightbox=\"yes\" data-elementor-lightbox-slideshow=\"ad10eb4\" data-elementor-lightbox-title=\"VOLVAC PAKETLEME ISO 22000\" e-action-hash=\"#elementor-action%3Aaction%3Dlightbox%26settings%3DeyJpZCI6MTAyMTYsInVybCI6Imh0dHBzOlwvXC92b2x2YWNnZXJtYW55LmRlXC93cC1jb250ZW50XC91cGxvYWRzXC8yMDIzXC8wN1wvVk9MVkFDLVBBS0VUTEVNRS1JU08tMjIwMDAuanBnIiwic2xpZGVzaG93IjoiYWQxMGViNCJ9\" href='https:\/\/volvacgermany.de\/wp-content\/uploads\/2023\/07\/VOLVAC-PAKETLEME-ISO-22000.jpg'><img loading=\"lazy\" decoding=\"async\" width=\"1653\" height=\"2336\" src=\"https:\/\/volvacgermany.de\/wp-content\/uploads\/2023\/07\/VOLVAC-PAKETLEME-ISO-22000.jpg\" class=\"attachment-full size-full\" alt=\"\" srcset=\"https:\/\/volvacgermany.de\/wp-content\/uploads\/2023\/07\/VOLVAC-PAKETLEME-ISO-22000.jpg 1653w, https:\/\/volvacgermany.de\/wp-content\/uploads\/2023\/07\/VOLVAC-PAKETLEME-ISO-22000-725x1024.jpg 725w, https:\/\/volvacgermany.de\/wp-content\/uploads\/2023\/07\/VOLVAC-PAKETLEME-ISO-22000-768x1085.jpg 768w, https:\/\/volvacgermany.de\/wp-content\/uploads\/2023\/07\/VOLVAC-PAKETLEME-ISO-22000-1087x1536.jpg 1087w, https:\/\/volvacgermany.de\/wp-content\/uploads\/2023\/07\/VOLVAC-PAKETLEME-ISO-22000-1449x2048.jpg 1449w, https:\/\/volvacgermany.de\/wp-content\/uploads\/2023\/07\/VOLVAC-PAKETLEME-ISO-22000-640x904.jpg 640w, https:\/\/volvacgermany.de\/wp-content\/uploads\/2023\/07\/VOLVAC-PAKETLEME-ISO-22000-400x565.jpg 400w\" sizes=\"auto, (max-width: 1653px) 100vw, 1653px\" \/><\/a>\n\t\t\t<\/div><\/figure><figure class='gallery-item'>\n\t\t\t<div class='gallery-icon portrait'>\n\t\t\t\t<a data-elementor-open-lightbox=\"yes\" data-elementor-lightbox-slideshow=\"ad10eb4\" data-elementor-lightbox-title=\"VOLVAC PAKETLEME ISO 14001\" e-action-hash=\"#elementor-action%3Aaction%3Dlightbox%26settings%3DeyJpZCI6MTAyMTEsInVybCI6Imh0dHBzOlwvXC92b2x2YWNnZXJtYW55LmRlXC93cC1jb250ZW50XC91cGxvYWRzXC8yMDIzXC8wN1wvVk9MVkFDLVBBS0VUTEVNRS1JU08tMTQwMDEuanBnIiwic2xpZGVzaG93IjoiYWQxMGViNCJ9\" href='https:\/\/volvacgermany.de\/wp-content\/uploads\/2023\/07\/VOLVAC-PAKETLEME-ISO-14001.jpg'><img loading=\"lazy\" decoding=\"async\" width=\"1653\" height=\"2336\" src=\"https:\/\/volvacgermany.de\/wp-content\/uploads\/2023\/07\/VOLVAC-PAKETLEME-ISO-14001.jpg\" class=\"attachment-full size-full\" alt=\"\" srcset=\"https:\/\/volvacgermany.de\/wp-content\/uploads\/2023\/07\/VOLVAC-PAKETLEME-ISO-14001.jpg 1653w, https:\/\/volvacgermany.de\/wp-content\/uploads\/2023\/07\/VOLVAC-PAKETLEME-ISO-14001-725x1024.jpg 725w, https:\/\/volvacgermany.de\/wp-content\/uploads\/2023\/07\/VOLVAC-PAKETLEME-ISO-14001-768x1085.jpg 768w, https:\/\/volvacgermany.de\/wp-content\/uploads\/2023\/07\/VOLVAC-PAKETLEME-ISO-14001-1087x1536.jpg 1087w, https:\/\/volvacgermany.de\/wp-content\/uploads\/2023\/07\/VOLVAC-PAKETLEME-ISO-14001-1449x2048.jpg 1449w, https:\/\/volvacgermany.de\/wp-content\/uploads\/2023\/07\/VOLVAC-PAKETLEME-ISO-14001-640x904.jpg 640w, https:\/\/volvacgermany.de\/wp-content\/uploads\/2023\/07\/VOLVAC-PAKETLEME-ISO-14001-400x565.jpg 400w\" sizes=\"auto, (max-width: 1653px) 100vw, 1653px\" \/><\/a>\n\t\t\t<\/div><\/figure><figure class='gallery-item'>\n\t\t\t<div class='gallery-icon portrait'>\n\t\t\t\t<a data-elementor-open-lightbox=\"yes\" data-elementor-lightbox-slideshow=\"ad10eb4\" data-elementor-lightbox-title=\"VOLVAC PAKETLEME ISO 9001\" e-action-hash=\"#elementor-action%3Aaction%3Dlightbox%26settings%3DeyJpZCI6MTAyMDYsInVybCI6Imh0dHBzOlwvXC92b2x2YWNnZXJtYW55LmRlXC93cC1jb250ZW50XC91cGxvYWRzXC8yMDIzXC8wN1wvVk9MVkFDLVBBS0VUTEVNRS1JU08tOTAwMS5qcGciLCJzbGlkZXNob3ciOiJhZDEwZWI0In0%3D\" href='https:\/\/volvacgermany.de\/wp-content\/uploads\/2023\/07\/VOLVAC-PAKETLEME-ISO-9001.jpg'><img loading=\"lazy\" decoding=\"async\" width=\"1653\" height=\"2336\" src=\"https:\/\/volvacgermany.de\/wp-content\/uploads\/2023\/07\/VOLVAC-PAKETLEME-ISO-9001.jpg\" class=\"attachment-full size-full\" alt=\"\" srcset=\"https:\/\/volvacgermany.de\/wp-content\/uploads\/2023\/07\/VOLVAC-PAKETLEME-ISO-9001.jpg 1653w, https:\/\/volvacgermany.de\/wp-content\/uploads\/2023\/07\/VOLVAC-PAKETLEME-ISO-9001-725x1024.jpg 725w, https:\/\/volvacgermany.de\/wp-content\/uploads\/2023\/07\/VOLVAC-PAKETLEME-ISO-9001-768x1085.jpg 768w, https:\/\/volvacgermany.de\/wp-content\/uploads\/2023\/07\/VOLVAC-PAKETLEME-ISO-9001-1087x1536.jpg 1087w, https:\/\/volvacgermany.de\/wp-content\/uploads\/2023\/07\/VOLVAC-PAKETLEME-ISO-9001-1449x2048.jpg 1449w, https:\/\/volvacgermany.de\/wp-content\/uploads\/2023\/07\/VOLVAC-PAKETLEME-ISO-9001-640x904.jpg 640w, https:\/\/volvacgermany.de\/wp-content\/uploads\/2023\/07\/VOLVAC-PAKETLEME-ISO-9001-400x565.jpg 400w\" sizes=\"auto, (max-width: 1653px) 100vw, 1653px\" \/><\/a>\n\t\t\t<\/div><\/figure><figure class='gallery-item'>\n\t\t\t<div class='gallery-icon portrait'>\n\t\t\t\t<a data-elementor-open-lightbox=\"yes\" data-elementor-lightbox-slideshow=\"ad10eb4\" data-elementor-lightbox-title=\"VOLVAC PAKETLEME ISO 10002\" e-action-hash=\"#elementor-action%3Aaction%3Dlightbox%26settings%3DeyJpZCI6MTAyMDEsInVybCI6Imh0dHBzOlwvXC92b2x2YWNnZXJtYW55LmRlXC93cC1jb250ZW50XC91cGxvYWRzXC8yMDIzXC8wN1wvVk9MVkFDLVBBS0VUTEVNRS1JU08tMTAwMDIuanBnIiwic2xpZGVzaG93IjoiYWQxMGViNCJ9\" href='https:\/\/volvacgermany.de\/wp-content\/uploads\/2023\/07\/VOLVAC-PAKETLEME-ISO-10002.jpg'><img loading=\"lazy\" decoding=\"async\" width=\"1653\" height=\"2336\" src=\"https:\/\/volvacgermany.de\/wp-content\/uploads\/2023\/07\/VOLVAC-PAKETLEME-ISO-10002.jpg\" class=\"attachment-full size-full\" alt=\"\" srcset=\"https:\/\/volvacgermany.de\/wp-content\/uploads\/2023\/07\/VOLVAC-PAKETLEME-ISO-10002.jpg 1653w, https:\/\/volvacgermany.de\/wp-content\/uploads\/2023\/07\/VOLVAC-PAKETLEME-ISO-10002-725x1024.jpg 725w, https:\/\/volvacgermany.de\/wp-content\/uploads\/2023\/07\/VOLVAC-PAKETLEME-ISO-10002-768x1085.jpg 768w, https:\/\/volvacgermany.de\/wp-content\/uploads\/2023\/07\/VOLVAC-PAKETLEME-ISO-10002-1087x1536.jpg 1087w, https:\/\/volvacgermany.de\/wp-content\/uploads\/2023\/07\/VOLVAC-PAKETLEME-ISO-10002-1449x2048.jpg 1449w, https:\/\/volvacgermany.de\/wp-content\/uploads\/2023\/07\/VOLVAC-PAKETLEME-ISO-10002-640x904.jpg 640w, https:\/\/volvacgermany.de\/wp-content\/uploads\/2023\/07\/VOLVAC-PAKETLEME-ISO-10002-400x565.jpg 400w\" sizes=\"auto, (max-width: 1653px) 100vw, 1653px\" \/><\/a>\n\t\t\t<\/div><\/figure>\n\t\t<\/div>\n\t\t<\/div>\n\t\t\t\t<\/div>\n\t\t\t\t<\/div>\n\t\t\t\t\t<\/div>\n\t\t\t\t<\/div>\n\t\t\t\t\t<\/div>\n\t\t\t\t<\/section>\n\t\t\t\t\t\t\t<\/div>\n\t\t","protected":false},"excerpt":{"rendered":"<p>654<\/p>\n","protected":false},"author":1,"featured_media":0,"parent":0,"menu_order":0,"comment_status":"closed","ping_status":"closed","template":"","meta":{"footnotes":""},"class_list":["post-3785","page","type-page","status-publish","hentry"],"acf":[],"yoast_head":"<!-- This site is optimized with the Yoast SEO Premium plugin v19.5 (Yoast SEO v19.13) - https:\/\/yoast.com\/wordpress\/plugins\/seo\/ -->\n<title>\u0627\u0644\u0634\u0647\u0627\u062f\u0627\u062a - VOLVAC<\/title>\n<meta name=\"robots\" content=\"index, follow, max-snippet:-1, max-image-preview:large, max-video-preview:-1\" \/>\n<link rel=\"canonical\" href=\"https:\/\/volvacgermany.de\/ar\/certificates\/\" \/>\n<meta property=\"og:locale\" content=\"ar_AR\" \/>\n<meta property=\"og:type\" content=\"article\" \/>\n<meta property=\"og:title\" content=\"\u0627\u0644\u0634\u0647\u0627\u062f\u0627\u062a\" \/>\n<meta property=\"og:description\" content=\"654\" \/>\n<meta property=\"og:url\" content=\"https:\/\/volvacgermany.de\/ar\/certificates\/\" \/>\n<meta property=\"og:site_name\" content=\"VOLVAC\" \/>\n<meta property=\"article:modified_time\" content=\"2023-07-19T07:39:37+00:00\" \/>\n<meta property=\"og:image\" content=\"https:\/\/volvacgermany.de\/wp-content\/uploads\/2022\/02\/yerli2.jpg\" \/>\n<meta name=\"twitter:card\" content=\"summary_large_image\" \/>\n<script type=\"application\/ld+json\" class=\"yoast-schema-graph\">{\"@context\":\"https:\/\/schema.org\",\"@graph\":[{\"@type\":\"WebPage\",\"@id\":\"https:\/\/volvacgermany.de\/ar\/certificates\/\",\"url\":\"https:\/\/volvacgermany.de\/ar\/certificates\/\",\"name\":\"\u0627\u0644\u0634\u0647\u0627\u062f\u0627\u062a - VOLVAC\",\"isPartOf\":{\"@id\":\"https:\/\/volvacgermany.de\/#website\"},\"datePublished\":\"2022-05-30T05:57:09+00:00\",\"dateModified\":\"2023-07-19T07:39:37+00:00\",\"breadcrumb\":{\"@id\":\"https:\/\/volvacgermany.de\/ar\/certificates\/#breadcrumb\"},\"inLanguage\":\"ar\",\"potentialAction\":[{\"@type\":\"ReadAction\",\"target\":[\"https:\/\/volvacgermany.de\/ar\/certificates\/\"]}]},{\"@type\":\"BreadcrumbList\",\"@id\":\"https:\/\/volvacgermany.de\/ar\/certificates\/#breadcrumb\",\"itemListElement\":[{\"@type\":\"ListItem\",\"position\":1,\"name\":\"Home\",\"item\":\"https:\/\/volvacgermany.de\/ar\/\"},{\"@type\":\"ListItem\",\"position\":2,\"name\":\"\u0627\u0644\u0634\u0647\u0627\u062f\u0627\u062a\"}]},{\"@type\":\"WebSite\",\"@id\":\"https:\/\/volvacgermany.de\/#website\",\"url\":\"https:\/\/volvacgermany.de\/\",\"name\":\"VOLVAC\",\"description\":\"Vakum Paketleme Makinas\u0131 \u0130malat\u00e7\u0131s\u0131 (Garantili)\",\"potentialAction\":[{\"@type\":\"SearchAction\",\"target\":{\"@type\":\"EntryPoint\",\"urlTemplate\":\"https:\/\/volvacgermany.de\/?s={search_term_string}\"},\"query-input\":\"required name=search_term_string\"}],\"inLanguage\":\"ar\"}]}<\/script>\n<!-- \/ Yoast SEO Premium plugin. -->","yoast_head_json":{"title":"\u0627\u0644\u0634\u0647\u0627\u062f\u0627\u062a - VOLVAC","robots":{"index":"index","follow":"follow","max-snippet":"max-snippet:-1","max-image-preview":"max-image-preview:large","max-video-preview":"max-video-preview:-1"},"canonical":"https:\/\/volvacgermany.de\/ar\/certificates\/","og_locale":"ar_AR","og_type":"article","og_title":"\u0627\u0644\u0634\u0647\u0627\u062f\u0627\u062a","og_description":"654","og_url":"https:\/\/volvacgermany.de\/ar\/certificates\/","og_site_name":"VOLVAC","article_modified_time":"2023-07-19T07:39:37+00:00","og_image":[{"url":"https:\/\/volvacgermany.de\/wp-content\/uploads\/2022\/02\/yerli2.jpg"}],"twitter_card":"summary_large_image","schema":{"@context":"https:\/\/schema.org","@graph":[{"@type":"WebPage","@id":"https:\/\/volvacgermany.de\/ar\/certificates\/","url":"https:\/\/volvacgermany.de\/ar\/certificates\/","name":"\u0627\u0644\u0634\u0647\u0627\u062f\u0627\u062a - VOLVAC","isPartOf":{"@id":"https:\/\/volvacgermany.de\/#website"},"datePublished":"2022-05-30T05:57:09+00:00","dateModified":"2023-07-19T07:39:37+00:00","breadcrumb":{"@id":"https:\/\/volvacgermany.de\/ar\/certificates\/#breadcrumb"},"inLanguage":"ar","potentialAction":[{"@type":"ReadAction","target":["https:\/\/volvacgermany.de\/ar\/certificates\/"]}]},{"@type":"BreadcrumbList","@id":"https:\/\/volvacgermany.de\/ar\/certificates\/#breadcrumb","itemListElement":[{"@type":"ListItem","position":1,"name":"Home","item":"https:\/\/volvacgermany.de\/ar\/"},{"@type":"ListItem","position":2,"name":"\u0627\u0644\u0634\u0647\u0627\u062f\u0627\u062a"}]},{"@type":"WebSite","@id":"https:\/\/volvacgermany.de\/#website","url":"https:\/\/volvacgermany.de\/","name":"VOLVAC","description":"Vakum Paketleme Makinas\u0131 \u0130malat\u00e7\u0131s\u0131 (Garantili)","potentialAction":[{"@type":"SearchAction","target":{"@type":"EntryPoint","urlTemplate":"https:\/\/volvacgermany.de\/?s={search_term_string}"},"query-input":"required name=search_term_string"}],"inLanguage":"ar"}]}},"_links":{"self":[{"href":"https:\/\/volvacgermany.de\/ar\/wp-json\/wp\/v2\/pages\/3785","targetHints":{"allow":["GET"]}}],"collection":[{"href":"https:\/\/volvacgermany.de\/ar\/wp-json\/wp\/v2\/pages"}],"about":[{"href":"https:\/\/volvacgermany.de\/ar\/wp-json\/wp\/v2\/types\/page"}],"author":[{"embeddable":true,"href":"https:\/\/volvacgermany.de\/ar\/wp-json\/wp\/v2\/users\/1"}],"replies":[{"embeddable":true,"href":"https:\/\/volvacgermany.de\/ar\/wp-json\/wp\/v2\/comments?post=3785"}],"version-history":[{"count":5,"href":"https:\/\/volvacgermany.de\/ar\/wp-json\/wp\/v2\/pages\/3785\/revisions"}],"predecessor-version":[{"id":10243,"href":"https:\/\/volvacgermany.de\/ar\/wp-json\/wp\/v2\/pages\/3785\/revisions\/10243"}],"wp:attachment":[{"href":"https:\/\/volvacgermany.de\/ar\/wp-json\/wp\/v2\/media?parent=3785"}],"curies":[{"name":"wp","href":"https:\/\/api.w.org\/{rel}","templated":true}]}}