{"id":6600,"date":"2022-06-08T09:17:46","date_gmt":"2022-06-08T06:17:46","guid":{"rendered":"https:\/\/volvacgermany.de\/makineler\/tabak-kapatma-makineleri\/cekmeceli-modeller\/"},"modified":"2022-06-08T09:17:47","modified_gmt":"2022-06-08T06:17:47","slug":"cekmeceli-modeller","status":"publish","type":"page","link":"https:\/\/volvacgermany.de\/ar\/makineler\/tabak-kapatma-makineleri\/cekmeceli-modeller\/","title":{"rendered":"\u00c7ekmeceli Modeller"},"content":{"rendered":"\t\t<div data-elementor-type=\"wp-page\" data-elementor-id=\"6600\" class=\"elementor elementor-6600 elementor-2385\">\n\t\t\t\t\t\t\t\t\t<section data-particle_enable=\"false\" data-particle-mobile-disabled=\"false\" class=\"elementor-section elementor-top-section elementor-element elementor-element-8f4c689 elementor-section-boxed elementor-section-height-default elementor-section-height-default\" data-id=\"8f4c689\" data-element_type=\"section\" data-settings=\"{&quot;background_background&quot;:&quot;classic&quot;}\">\n\t\t\n\t\t\t\t\t\t\t<div class=\"elementor-container elementor-column-gap-default\">\n\t\t\t\t\t\t\t\t\t\t\t<div class=\"elementor-column elementor-col-100 elementor-top-column elementor-element elementor-element-a7c37e5\" data-id=\"a7c37e5\" data-element_type=\"column\">\n\t\t\t\t\t<div class=\"elementor-widget-wrap elementor-element-populated\">\n\t\t\t\t\t\t\t\t<div class=\"elementor-element elementor-element-02446a5 elementor-position-top elementor-vertical-align-top elementor-widget elementor-widget-image-box\" data-id=\"02446a5\" data-element_type=\"widget\" data-widget_type=\"image-box.default\">\n\t\t\t\t<div class=\"elementor-widget-container\">\n\t\t\t<style>.elementor-widget-image-box .elementor-image-box-content{width:100%}@media (min-width:768px){.elementor-widget-image-box.elementor-position-left .elementor-image-box-wrapper,.elementor-widget-image-box.elementor-position-right .elementor-image-box-wrapper{display:flex}.elementor-widget-image-box.elementor-position-right .elementor-image-box-wrapper{text-align:right;flex-direction:row-reverse}.elementor-widget-image-box.elementor-position-left .elementor-image-box-wrapper{text-align:left;flex-direction:row}.elementor-widget-image-box.elementor-position-top .elementor-image-box-img{margin:auto}.elementor-widget-image-box.elementor-vertical-align-top .elementor-image-box-wrapper{align-items:flex-start}.elementor-widget-image-box.elementor-vertical-align-middle .elementor-image-box-wrapper{align-items:center}.elementor-widget-image-box.elementor-vertical-align-bottom .elementor-image-box-wrapper{align-items:flex-end}}@media (max-width:767px){.elementor-widget-image-box .elementor-image-box-img{margin-left:auto!important;margin-right:auto!important;margin-bottom:15px}}.elementor-widget-image-box .elementor-image-box-img{display:inline-block}.elementor-widget-image-box .elementor-image-box-title a{color:inherit}.elementor-widget-image-box .elementor-image-box-wrapper{text-align:center}.elementor-widget-image-box .elementor-image-box-description{margin:0}<\/style><div class=\"elementor-image-box-wrapper\"><figure class=\"elementor-image-box-img\"><img loading=\"lazy\" decoding=\"async\" width=\"500\" height=\"128\" src=\"https:\/\/volvacgermany.de\/wp-content\/uploads\/2022\/02\/tabak.png\" class=\"attachment-large size-large wp-image-571\" alt=\"\" \/><\/figure><div class=\"elementor-image-box-content\"><p class=\"elementor-image-box-description\">Tabak \u00f6l\u00e7\u00fcn\u00fcze uygun haz\u0131rlanan kal\u0131plar\u0131m\u0131z ile tabak kapatma i\u015flemi yapabilirsiniz. Birden fazla kal\u0131p \u00f6l\u00e7\u00fcs\u00fc i\u00e7in kase kapama sistemlerimizi inceleyin.<\/p><\/div><\/div>\t\t<\/div>\n\t\t\t\t<\/div>\n\t\t\t\t\t<\/div>\n\t\t\t\t<\/div>\n\t\t\t\t\t<\/div>\n\t\t\t\t<\/section>\n\t\t\t\t<section data-particle_enable=\"false\" data-particle-mobile-disabled=\"false\" class=\"elementor-section elementor-top-section elementor-element elementor-element-613e807 elementor-section-boxed elementor-section-height-default elementor-section-height-default\" data-id=\"613e807\" data-element_type=\"section\" data-settings=\"{&quot;background_background&quot;:&quot;classic&quot;}\">\n\t\t\n\t\t\t\t\t\t\t<div class=\"elementor-container elementor-column-gap-default\">\n\t\t\t\t\t\t\t\t\t\t\t<div class=\"elementor-column elementor-col-25 elementor-top-column elementor-element elementor-element-9f39e74\" data-id=\"9f39e74\" data-element_type=\"column\">\n\t\t\t\t\t<div class=\"elementor-widget-wrap elementor-element-populated\">\n\t\t\t\t\t\t\t\t<div class=\"elementor-element elementor-element-6fd488b elementor-position-top elementor-vertical-align-top elementor-widget elementor-widget-image-box\" data-id=\"6fd488b\" data-element_type=\"widget\" data-widget_type=\"image-box.default\">\n\t\t\t\t<div class=\"elementor-widget-container\">\n\t\t\t<div class=\"elementor-image-box-wrapper\"><figure class=\"elementor-image-box-img\"><a href=\"https:\/\/volvacgermany.de\/makineler\/tabak-kapatma-makineleri\/cekmeceli-tabak-kapatma-makineleri\/volvac-e26\/\"><img loading=\"lazy\" decoding=\"async\" width=\"640\" height=\"480\" src=\"https:\/\/volvacgermany.de\/wp-content\/uploads\/2022\/06\/e26resim-640x480.png\" class=\"attachment-blog-grid size-blog-grid wp-image-5182\" alt=\"\" srcset=\"https:\/\/volvacgermany.de\/wp-content\/uploads\/2022\/06\/e26resim-640x480.png 640w, https:\/\/volvacgermany.de\/wp-content\/uploads\/2022\/06\/e26resim-463x348.png 463w, https:\/\/volvacgermany.de\/wp-content\/uploads\/2022\/06\/e26resim-400x300.png 400w\" sizes=\"auto, (max-width: 640px) 100vw, 640px\" \/><\/a><\/figure><div class=\"elementor-image-box-content\"><h5 class=\"elementor-image-box-title\"><a href=\"https:\/\/volvacgermany.de\/makineler\/tabak-kapatma-makineleri\/cekmeceli-tabak-kapatma-makineleri\/volvac-e26\/\">VOLVAC E26<\/a><\/h5><\/div><\/div>\t\t<\/div>\n\t\t\t\t<\/div>\n\t\t\t\t\t<\/div>\n\t\t\t\t<\/div>\n\t\t\t\t<div class=\"elementor-column elementor-col-25 elementor-top-column elementor-element elementor-element-41a687b\" data-id=\"41a687b\" data-element_type=\"column\">\n\t\t\t\t\t<div class=\"elementor-widget-wrap elementor-element-populated\">\n\t\t\t\t\t\t\t\t<div class=\"elementor-element elementor-element-93982ca elementor-position-top elementor-vertical-align-top elementor-widget elementor-widget-image-box\" data-id=\"93982ca\" data-element_type=\"widget\" data-widget_type=\"image-box.default\">\n\t\t\t\t<div class=\"elementor-widget-container\">\n\t\t\t<div class=\"elementor-image-box-wrapper\"><figure class=\"elementor-image-box-img\"><a href=\"https:\/\/volvacgermany.de\/makineler\/tabak-kapatma-makineleri\/cekmeceli-tabak-kapatma-makineleri\/volvac-e52\/\"><img loading=\"lazy\" decoding=\"async\" width=\"651\" height=\"432\" src=\"https:\/\/volvacgermany.de\/wp-content\/uploads\/2022\/02\/1.jpg\" class=\"attachment-large size-large wp-image-1029\" alt=\"\" \/><\/a><\/figure><div class=\"elementor-image-box-content\"><h5 class=\"elementor-image-box-title\"><a href=\"https:\/\/volvacgermany.de\/makineler\/tabak-kapatma-makineleri\/cekmeceli-tabak-kapatma-makineleri\/volvac-e52\/\">VOLVAC E52<\/a><\/h5><\/div><\/div>\t\t<\/div>\n\t\t\t\t<\/div>\n\t\t\t\t\t<\/div>\n\t\t\t\t<\/div>\n\t\t\t\t<div class=\"elementor-column elementor-col-25 elementor-top-column elementor-element elementor-element-ae03af0\" data-id=\"ae03af0\" data-element_type=\"column\">\n\t\t\t\t\t<div class=\"elementor-widget-wrap elementor-element-populated\">\n\t\t\t\t\t\t\t\t<div class=\"elementor-element elementor-element-029e9ff elementor-position-top elementor-vertical-align-top elementor-widget elementor-widget-image-box\" data-id=\"029e9ff\" data-element_type=\"widget\" data-widget_type=\"image-box.default\">\n\t\t\t\t<div class=\"elementor-widget-container\">\n\t\t\t<div class=\"elementor-image-box-wrapper\"><figure class=\"elementor-image-box-img\"><a href=\"https:\/\/volvacgermany.de\/makineler\/tabak-kapatma-makineleri\/cekmeceli-tabak-kapatma-makineleri\/volvac-ts40\/\"><img loading=\"lazy\" decoding=\"async\" width=\"651\" height=\"432\" src=\"https:\/\/volvacgermany.de\/wp-content\/uploads\/2022\/02\/4.jpg\" class=\"attachment-large size-large wp-image-1032\" alt=\"\" \/><\/a><\/figure><div class=\"elementor-image-box-content\"><h5 class=\"elementor-image-box-title\"><a href=\"https:\/\/volvacgermany.de\/makineler\/tabak-kapatma-makineleri\/cekmeceli-tabak-kapatma-makineleri\/volvac-ts40\/\">VOLVAC TS40<\/a><\/h5><\/div><\/div>\t\t<\/div>\n\t\t\t\t<\/div>\n\t\t\t\t\t<\/div>\n\t\t\t\t<\/div>\n\t\t\t\t<div class=\"elementor-column elementor-col-25 elementor-top-column elementor-element elementor-element-842fd77\" data-id=\"842fd77\" data-element_type=\"column\">\n\t\t\t\t\t<div class=\"elementor-widget-wrap elementor-element-populated\">\n\t\t\t\t\t\t\t\t<div class=\"elementor-element elementor-element-4236440 elementor-position-top elementor-vertical-align-top elementor-widget elementor-widget-image-box\" data-id=\"4236440\" data-element_type=\"widget\" data-widget_type=\"image-box.default\">\n\t\t\t\t<div class=\"elementor-widget-container\">\n\t\t\t<div class=\"elementor-image-box-wrapper\"><figure class=\"elementor-image-box-img\"><a href=\"https:\/\/volvacgermany.de\/makineler\/tabak-kapatma-makineleri\/cekmeceli-tabak-kapatma-makineleri\/volvac-ts52\/\"><img loading=\"lazy\" decoding=\"async\" width=\"651\" height=\"432\" src=\"https:\/\/volvacgermany.de\/wp-content\/uploads\/2022\/02\/4.jpg\" class=\"attachment-large size-large wp-image-1032\" alt=\"\" \/><\/a><\/figure><div class=\"elementor-image-box-content\"><h5 class=\"elementor-image-box-title\"><a href=\"https:\/\/volvacgermany.de\/makineler\/tabak-kapatma-makineleri\/cekmeceli-tabak-kapatma-makineleri\/volvac-ts52\/\">VOLVAC TS52<\/a><\/h5><\/div><\/div>\t\t<\/div>\n\t\t\t\t<\/div>\n\t\t\t\t\t<\/div>\n\t\t\t\t<\/div>\n\t\t\t\t\t<\/div>\n\t\t\t\t<\/section>\n\t\t\t\t\t\t\t<\/div>\n\t\t","protected":false},"excerpt":{"rendered":"<p>Tabak \u00f6l\u00e7\u00fcn\u00fcze uygun haz\u0131rlanan kal\u0131plar\u0131m\u0131z ile tabak kapatma i\u015flemi yapabilirsiniz. Birden fazla kal\u0131p \u00f6l\u00e7\u00fcs\u00fc i\u00e7in kase kapama sistemlerimizi inceleyin. VOLVAC E26 VOLVAC E52 VOLVAC TS40 VOLVAC TS52<\/p>\n","protected":false},"author":1,"featured_media":0,"parent":6572,"menu_order":0,"comment_status":"closed","ping_status":"closed","template":"","meta":{"footnotes":""},"class_list":["post-6600","page","type-page","status-publish","hentry"],"acf":[],"yoast_head":"<!-- This site is optimized with the Yoast SEO Premium plugin v19.5 (Yoast SEO v19.13) - https:\/\/yoast.com\/wordpress\/plugins\/seo\/ -->\n<title>\u00c7ekmeceli Modeller - VOLVAC<\/title>\n<meta name=\"robots\" content=\"index, follow, max-snippet:-1, max-image-preview:large, max-video-preview:-1\" \/>\n<link rel=\"canonical\" href=\"https:\/\/volvacgermany.de\/ar\/makineler\/tabak-kapatma-makineleri\/cekmeceli-modeller\/\" \/>\n<meta property=\"og:locale\" content=\"ar_AR\" \/>\n<meta property=\"og:type\" content=\"article\" \/>\n<meta property=\"og:title\" content=\"\u00c7ekmeceli Modeller\" \/>\n<meta property=\"og:description\" content=\"Tabak \u00f6l\u00e7\u00fcn\u00fcze uygun haz\u0131rlanan kal\u0131plar\u0131m\u0131z ile tabak kapatma i\u015flemi yapabilirsiniz. Birden fazla kal\u0131p \u00f6l\u00e7\u00fcs\u00fc i\u00e7in kase kapama sistemlerimizi inceleyin. VOLVAC E26 VOLVAC E52 VOLVAC TS40 VOLVAC TS52\" \/>\n<meta property=\"og:url\" content=\"https:\/\/volvacgermany.de\/ar\/makineler\/tabak-kapatma-makineleri\/cekmeceli-modeller\/\" \/>\n<meta property=\"og:site_name\" content=\"VOLVAC\" \/>\n<meta property=\"article:modified_time\" content=\"2022-06-08T06:17:47+00:00\" \/>\n<meta property=\"og:image\" content=\"https:\/\/volvacgermany.de\/wp-content\/uploads\/2022\/02\/tabak.png\" \/>\n<meta name=\"twitter:card\" content=\"summary_large_image\" \/>\n<script type=\"application\/ld+json\" class=\"yoast-schema-graph\">{\"@context\":\"https:\/\/schema.org\",\"@graph\":[{\"@type\":\"WebPage\",\"@id\":\"https:\/\/volvacgermany.de\/ar\/makineler\/tabak-kapatma-makineleri\/cekmeceli-modeller\/\",\"url\":\"https:\/\/volvacgermany.de\/ar\/makineler\/tabak-kapatma-makineleri\/cekmeceli-modeller\/\",\"name\":\"\u00c7ekmeceli Modeller - VOLVAC\",\"isPartOf\":{\"@id\":\"https:\/\/volvacgermany.de\/#website\"},\"datePublished\":\"2022-06-08T06:17:46+00:00\",\"dateModified\":\"2022-06-08T06:17:47+00:00\",\"breadcrumb\":{\"@id\":\"https:\/\/volvacgermany.de\/ar\/makineler\/tabak-kapatma-makineleri\/cekmeceli-modeller\/#breadcrumb\"},\"inLanguage\":\"ar\",\"potentialAction\":[{\"@type\":\"ReadAction\",\"target\":[\"https:\/\/volvacgermany.de\/ar\/makineler\/tabak-kapatma-makineleri\/cekmeceli-modeller\/\"]}]},{\"@type\":\"BreadcrumbList\",\"@id\":\"https:\/\/volvacgermany.de\/ar\/makineler\/tabak-kapatma-makineleri\/cekmeceli-modeller\/#breadcrumb\",\"itemListElement\":[{\"@type\":\"ListItem\",\"position\":1,\"name\":\"Home\",\"item\":\"https:\/\/volvacgermany.de\/ar\/\"},{\"@type\":\"ListItem\",\"position\":2,\"name\":\"MAK\u0130NELER\",\"item\":\"https:\/\/volvacgermany.de\/ar\/makineler\/\"},{\"@type\":\"ListItem\",\"position\":3,\"name\":\"Tabak Kapatma Makineleri\",\"item\":\"https:\/\/volvacgermany.de\/ar\/makineler\/tabak-kapatma-makineleri\/\"},{\"@type\":\"ListItem\",\"position\":4,\"name\":\"\u00c7ekmeceli Modeller\"}]},{\"@type\":\"WebSite\",\"@id\":\"https:\/\/volvacgermany.de\/#website\",\"url\":\"https:\/\/volvacgermany.de\/\",\"name\":\"VOLVAC\",\"description\":\"Vakum Paketleme Makinas\u0131 \u0130malat\u00e7\u0131s\u0131 (Garantili)\",\"potentialAction\":[{\"@type\":\"SearchAction\",\"target\":{\"@type\":\"EntryPoint\",\"urlTemplate\":\"https:\/\/volvacgermany.de\/?s={search_term_string}\"},\"query-input\":\"required name=search_term_string\"}],\"inLanguage\":\"ar\"}]}<\/script>\n<!-- \/ Yoast SEO Premium plugin. -->","yoast_head_json":{"title":"\u00c7ekmeceli Modeller - VOLVAC","robots":{"index":"index","follow":"follow","max-snippet":"max-snippet:-1","max-image-preview":"max-image-preview:large","max-video-preview":"max-video-preview:-1"},"canonical":"https:\/\/volvacgermany.de\/ar\/makineler\/tabak-kapatma-makineleri\/cekmeceli-modeller\/","og_locale":"ar_AR","og_type":"article","og_title":"\u00c7ekmeceli Modeller","og_description":"Tabak \u00f6l\u00e7\u00fcn\u00fcze uygun haz\u0131rlanan kal\u0131plar\u0131m\u0131z ile tabak kapatma i\u015flemi yapabilirsiniz. Birden fazla kal\u0131p \u00f6l\u00e7\u00fcs\u00fc i\u00e7in kase kapama sistemlerimizi inceleyin. VOLVAC E26 VOLVAC E52 VOLVAC TS40 VOLVAC TS52","og_url":"https:\/\/volvacgermany.de\/ar\/makineler\/tabak-kapatma-makineleri\/cekmeceli-modeller\/","og_site_name":"VOLVAC","article_modified_time":"2022-06-08T06:17:47+00:00","og_image":[{"url":"https:\/\/volvacgermany.de\/wp-content\/uploads\/2022\/02\/tabak.png"}],"twitter_card":"summary_large_image","schema":{"@context":"https:\/\/schema.org","@graph":[{"@type":"WebPage","@id":"https:\/\/volvacgermany.de\/ar\/makineler\/tabak-kapatma-makineleri\/cekmeceli-modeller\/","url":"https:\/\/volvacgermany.de\/ar\/makineler\/tabak-kapatma-makineleri\/cekmeceli-modeller\/","name":"\u00c7ekmeceli Modeller - VOLVAC","isPartOf":{"@id":"https:\/\/volvacgermany.de\/#website"},"datePublished":"2022-06-08T06:17:46+00:00","dateModified":"2022-06-08T06:17:47+00:00","breadcrumb":{"@id":"https:\/\/volvacgermany.de\/ar\/makineler\/tabak-kapatma-makineleri\/cekmeceli-modeller\/#breadcrumb"},"inLanguage":"ar","potentialAction":[{"@type":"ReadAction","target":["https:\/\/volvacgermany.de\/ar\/makineler\/tabak-kapatma-makineleri\/cekmeceli-modeller\/"]}]},{"@type":"BreadcrumbList","@id":"https:\/\/volvacgermany.de\/ar\/makineler\/tabak-kapatma-makineleri\/cekmeceli-modeller\/#breadcrumb","itemListElement":[{"@type":"ListItem","position":1,"name":"Home","item":"https:\/\/volvacgermany.de\/ar\/"},{"@type":"ListItem","position":2,"name":"MAK\u0130NELER","item":"https:\/\/volvacgermany.de\/ar\/makineler\/"},{"@type":"ListItem","position":3,"name":"Tabak Kapatma Makineleri","item":"https:\/\/volvacgermany.de\/ar\/makineler\/tabak-kapatma-makineleri\/"},{"@type":"ListItem","position":4,"name":"\u00c7ekmeceli Modeller"}]},{"@type":"WebSite","@id":"https:\/\/volvacgermany.de\/#website","url":"https:\/\/volvacgermany.de\/","name":"VOLVAC","description":"Vakum Paketleme Makinas\u0131 \u0130malat\u00e7\u0131s\u0131 (Garantili)","potentialAction":[{"@type":"SearchAction","target":{"@type":"EntryPoint","urlTemplate":"https:\/\/volvacgermany.de\/?s={search_term_string}"},"query-input":"required name=search_term_string"}],"inLanguage":"ar"}]}},"_links":{"self":[{"href":"https:\/\/volvacgermany.de\/ar\/wp-json\/wp\/v2\/pages\/6600","targetHints":{"allow":["GET"]}}],"collection":[{"href":"https:\/\/volvacgermany.de\/ar\/wp-json\/wp\/v2\/pages"}],"about":[{"href":"https:\/\/volvacgermany.de\/ar\/wp-json\/wp\/v2\/types\/page"}],"author":[{"embeddable":true,"href":"https:\/\/volvacgermany.de\/ar\/wp-json\/wp\/v2\/users\/1"}],"replies":[{"embeddable":true,"href":"https:\/\/volvacgermany.de\/ar\/wp-json\/wp\/v2\/comments?post=6600"}],"version-history":[{"count":0,"href":"https:\/\/volvacgermany.de\/ar\/wp-json\/wp\/v2\/pages\/6600\/revisions"}],"up":[{"embeddable":true,"href":"https:\/\/volvacgermany.de\/ar\/wp-json\/wp\/v2\/pages\/6572"}],"wp:attachment":[{"href":"https:\/\/volvacgermany.de\/ar\/wp-json\/wp\/v2\/media?parent=6600"}],"curies":[{"name":"wp","href":"https:\/\/api.w.org\/{rel}","templated":true}]}}