{"id":6708,"date":"2022-06-08T10:42:52","date_gmt":"2022-06-08T07:42:52","guid":{"rendered":"https:\/\/volvacgermany.de\/makineler\/termoform-makineleri\/"},"modified":"2022-06-15T09:22:50","modified_gmt":"2022-06-15T06:22:50","slug":"termoform-makineleri","status":"publish","type":"page","link":"https:\/\/volvacgermany.de\/ar\/makineler\/termoform-makineleri\/","title":{"rendered":"Termoform Makineleri"},"content":{"rendered":"\t\t<div data-elementor-type=\"wp-page\" data-elementor-id=\"6708\" class=\"elementor elementor-6708 elementor-4147\">\n\t\t\t\t\t\t\t\t\t<section data-particle_enable=\"false\" data-particle-mobile-disabled=\"false\" class=\"elementor-section elementor-top-section elementor-element elementor-element-f6edb4b elementor-section-boxed elementor-section-height-default elementor-section-height-default\" data-id=\"f6edb4b\" data-element_type=\"section\" data-settings=\"{&quot;background_background&quot;:&quot;classic&quot;}\">\n\t\t\n\t\t\t\t\t\t\t<div class=\"elementor-container elementor-column-gap-default\">\n\t\t\t\t\t\t\t\t\t\t\t<div class=\"elementor-column elementor-col-100 elementor-top-column elementor-element elementor-element-a4518da\" data-id=\"a4518da\" data-element_type=\"column\">\n\t\t\t\t\t<div class=\"elementor-widget-wrap elementor-element-populated\">\n\t\t\t\t\t\t\t\t<div class=\"elementor-element elementor-element-ebde3d7 elementor-position-top elementor-vertical-align-top elementor-widget elementor-widget-image-box\" data-id=\"ebde3d7\" data-element_type=\"widget\" data-widget_type=\"image-box.default\">\n\t\t\t\t<div class=\"elementor-widget-container\">\n\t\t\t<style>.elementor-widget-image-box .elementor-image-box-content{width:100%}@media (min-width:768px){.elementor-widget-image-box.elementor-position-left .elementor-image-box-wrapper,.elementor-widget-image-box.elementor-position-right .elementor-image-box-wrapper{display:flex}.elementor-widget-image-box.elementor-position-right .elementor-image-box-wrapper{text-align:right;flex-direction:row-reverse}.elementor-widget-image-box.elementor-position-left .elementor-image-box-wrapper{text-align:left;flex-direction:row}.elementor-widget-image-box.elementor-position-top .elementor-image-box-img{margin:auto}.elementor-widget-image-box.elementor-vertical-align-top .elementor-image-box-wrapper{align-items:flex-start}.elementor-widget-image-box.elementor-vertical-align-middle .elementor-image-box-wrapper{align-items:center}.elementor-widget-image-box.elementor-vertical-align-bottom .elementor-image-box-wrapper{align-items:flex-end}}@media (max-width:767px){.elementor-widget-image-box .elementor-image-box-img{margin-left:auto!important;margin-right:auto!important;margin-bottom:15px}}.elementor-widget-image-box .elementor-image-box-img{display:inline-block}.elementor-widget-image-box .elementor-image-box-title a{color:inherit}.elementor-widget-image-box .elementor-image-box-wrapper{text-align:center}.elementor-widget-image-box .elementor-image-box-description{margin:0}<\/style><div class=\"elementor-image-box-wrapper\"><figure class=\"elementor-image-box-img\"><img loading=\"lazy\" decoding=\"async\" width=\"500\" height=\"128\" src=\"https:\/\/volvacgermany.de\/wp-content\/uploads\/2022\/02\/vakum.png\" class=\"attachment-large size-large wp-image-573\" alt=\"\" \/><\/figure><div class=\"elementor-image-box-content\"><p class=\"elementor-image-box-description\">Vakum po\u015fetinize uygun t\u00fcm makine modellerimizi inceleyin. Ufak, orta ve b\u00fcy\u00fck boy vakum po\u015fetlerine uygun modellerimiz bulunmaktad\u0131r.<\/p><\/div><\/div>\t\t<\/div>\n\t\t\t\t<\/div>\n\t\t\t\t\t<\/div>\n\t\t\t\t<\/div>\n\t\t\t\t\t<\/div>\n\t\t\t\t<\/section>\n\t\t\t\t<section data-particle_enable=\"false\" data-particle-mobile-disabled=\"false\" class=\"elementor-section elementor-top-section elementor-element elementor-element-50a00de elementor-section-boxed elementor-section-height-default elementor-section-height-default\" data-id=\"50a00de\" data-element_type=\"section\" data-settings=\"{&quot;background_background&quot;:&quot;classic&quot;}\">\n\t\t\n\t\t\t\t\t\t\t<div class=\"elementor-container elementor-column-gap-default\">\n\t\t\t\t\t\t\t\t\t\t\t<div class=\"elementor-column elementor-col-33 elementor-top-column elementor-element elementor-element-a4a62c2\" data-id=\"a4a62c2\" data-element_type=\"column\">\n\t\t\t\t\t<div class=\"elementor-widget-wrap elementor-element-populated\">\n\t\t\t\t\t\t\t\t<div class=\"elementor-element elementor-element-ffc73cd elementor-position-top elementor-vertical-align-top elementor-widget elementor-widget-image-box\" data-id=\"ffc73cd\" data-element_type=\"widget\" data-widget_type=\"image-box.default\">\n\t\t\t\t<div class=\"elementor-widget-container\">\n\t\t\t<div class=\"elementor-image-box-wrapper\"><figure class=\"elementor-image-box-img\"><a href=\"https:\/\/volvacgermany.de\/termoform-makineleri\/volvac-wt65\/\"><img loading=\"lazy\" decoding=\"async\" width=\"768\" height=\"768\" src=\"https:\/\/volvacgermany.de\/wp-content\/uploads\/2022\/06\/WT65-1.jpg\" class=\"attachment-medium_large size-medium_large wp-image-4149\" alt=\"\" \/><\/a><\/figure><div class=\"elementor-image-box-content\"><h3 class=\"elementor-image-box-title\"><a href=\"https:\/\/volvacgermany.de\/termoform-makineleri\/volvac-wt65\/\">VOLVAC WT65<\/a><\/h3><\/div><\/div>\t\t<\/div>\n\t\t\t\t<\/div>\n\t\t\t\t\t<\/div>\n\t\t\t\t<\/div>\n\t\t\t\t<div class=\"elementor-column elementor-col-33 elementor-top-column elementor-element elementor-element-0eba326\" data-id=\"0eba326\" data-element_type=\"column\">\n\t\t\t\t\t<div class=\"elementor-widget-wrap\">\n\t\t\t\t\t\t\t\t\t<\/div>\n\t\t\t\t<\/div>\n\t\t\t\t<div class=\"elementor-column elementor-col-33 elementor-top-column elementor-element elementor-element-0bd9ac5\" data-id=\"0bd9ac5\" data-element_type=\"column\">\n\t\t\t\t\t<div class=\"elementor-widget-wrap\">\n\t\t\t\t\t\t\t\t\t<\/div>\n\t\t\t\t<\/div>\n\t\t\t\t\t<\/div>\n\t\t\t\t<\/section>\n\t\t\t\t\t\t\t<\/div>\n\t\t","protected":false},"excerpt":{"rendered":"<p>Vakum po\u015fetinize uygun t\u00fcm makine modellerimizi inceleyin. Ufak, orta ve b\u00fcy\u00fck boy vakum po\u015fetlerine uygun modellerimiz bulunmaktad\u0131r. VOLVAC WT65<\/p>\n","protected":false},"author":1,"featured_media":0,"parent":6566,"menu_order":0,"comment_status":"closed","ping_status":"closed","template":"","meta":{"footnotes":""},"class_list":["post-6708","page","type-page","status-publish","hentry"],"acf":[],"yoast_head":"<!-- This site is optimized with the Yoast SEO Premium plugin v19.5 (Yoast SEO v19.13) - https:\/\/yoast.com\/wordpress\/plugins\/seo\/ -->\n<title>Termoform Makineleri - VOLVAC<\/title>\n<meta name=\"robots\" content=\"index, follow, max-snippet:-1, max-image-preview:large, max-video-preview:-1\" \/>\n<link rel=\"canonical\" href=\"https:\/\/volvacgermany.de\/ar\/makineler\/termoform-makineleri\/\" \/>\n<meta property=\"og:locale\" content=\"ar_AR\" \/>\n<meta property=\"og:type\" content=\"article\" \/>\n<meta property=\"og:title\" content=\"Termoform Makineleri\" \/>\n<meta property=\"og:description\" content=\"Vakum po\u015fetinize uygun t\u00fcm makine modellerimizi inceleyin. Ufak, orta ve b\u00fcy\u00fck boy vakum po\u015fetlerine uygun modellerimiz bulunmaktad\u0131r. VOLVAC WT65\" \/>\n<meta property=\"og:url\" content=\"https:\/\/volvacgermany.de\/ar\/makineler\/termoform-makineleri\/\" \/>\n<meta property=\"og:site_name\" content=\"VOLVAC\" \/>\n<meta property=\"article:modified_time\" content=\"2022-06-15T06:22:50+00:00\" \/>\n<meta property=\"og:image\" content=\"https:\/\/volvacgermany.de\/wp-content\/uploads\/2022\/02\/vakum.png\" \/>\n<meta name=\"twitter:card\" content=\"summary_large_image\" \/>\n<script type=\"application\/ld+json\" class=\"yoast-schema-graph\">{\"@context\":\"https:\/\/schema.org\",\"@graph\":[{\"@type\":\"WebPage\",\"@id\":\"https:\/\/volvacgermany.de\/ar\/makineler\/termoform-makineleri\/\",\"url\":\"https:\/\/volvacgermany.de\/ar\/makineler\/termoform-makineleri\/\",\"name\":\"Termoform Makineleri - VOLVAC\",\"isPartOf\":{\"@id\":\"https:\/\/volvacgermany.de\/#website\"},\"datePublished\":\"2022-06-08T07:42:52+00:00\",\"dateModified\":\"2022-06-15T06:22:50+00:00\",\"breadcrumb\":{\"@id\":\"https:\/\/volvacgermany.de\/ar\/makineler\/termoform-makineleri\/#breadcrumb\"},\"inLanguage\":\"ar\",\"potentialAction\":[{\"@type\":\"ReadAction\",\"target\":[\"https:\/\/volvacgermany.de\/ar\/makineler\/termoform-makineleri\/\"]}]},{\"@type\":\"BreadcrumbList\",\"@id\":\"https:\/\/volvacgermany.de\/ar\/makineler\/termoform-makineleri\/#breadcrumb\",\"itemListElement\":[{\"@type\":\"ListItem\",\"position\":1,\"name\":\"Home\",\"item\":\"https:\/\/volvacgermany.de\/ar\/\"},{\"@type\":\"ListItem\",\"position\":2,\"name\":\"MAK\u0130NELER\",\"item\":\"https:\/\/volvacgermany.de\/ar\/makineler\/\"},{\"@type\":\"ListItem\",\"position\":3,\"name\":\"Termoform Makineleri\"}]},{\"@type\":\"WebSite\",\"@id\":\"https:\/\/volvacgermany.de\/#website\",\"url\":\"https:\/\/volvacgermany.de\/\",\"name\":\"VOLVAC\",\"description\":\"Vakum Paketleme Makinas\u0131 \u0130malat\u00e7\u0131s\u0131 (Garantili)\",\"potentialAction\":[{\"@type\":\"SearchAction\",\"target\":{\"@type\":\"EntryPoint\",\"urlTemplate\":\"https:\/\/volvacgermany.de\/?s={search_term_string}\"},\"query-input\":\"required name=search_term_string\"}],\"inLanguage\":\"ar\"}]}<\/script>\n<!-- \/ Yoast SEO Premium plugin. -->","yoast_head_json":{"title":"Termoform Makineleri - VOLVAC","robots":{"index":"index","follow":"follow","max-snippet":"max-snippet:-1","max-image-preview":"max-image-preview:large","max-video-preview":"max-video-preview:-1"},"canonical":"https:\/\/volvacgermany.de\/ar\/makineler\/termoform-makineleri\/","og_locale":"ar_AR","og_type":"article","og_title":"Termoform Makineleri","og_description":"Vakum po\u015fetinize uygun t\u00fcm makine modellerimizi inceleyin. Ufak, orta ve b\u00fcy\u00fck boy vakum po\u015fetlerine uygun modellerimiz bulunmaktad\u0131r. VOLVAC WT65","og_url":"https:\/\/volvacgermany.de\/ar\/makineler\/termoform-makineleri\/","og_site_name":"VOLVAC","article_modified_time":"2022-06-15T06:22:50+00:00","og_image":[{"url":"https:\/\/volvacgermany.de\/wp-content\/uploads\/2022\/02\/vakum.png"}],"twitter_card":"summary_large_image","schema":{"@context":"https:\/\/schema.org","@graph":[{"@type":"WebPage","@id":"https:\/\/volvacgermany.de\/ar\/makineler\/termoform-makineleri\/","url":"https:\/\/volvacgermany.de\/ar\/makineler\/termoform-makineleri\/","name":"Termoform Makineleri - VOLVAC","isPartOf":{"@id":"https:\/\/volvacgermany.de\/#website"},"datePublished":"2022-06-08T07:42:52+00:00","dateModified":"2022-06-15T06:22:50+00:00","breadcrumb":{"@id":"https:\/\/volvacgermany.de\/ar\/makineler\/termoform-makineleri\/#breadcrumb"},"inLanguage":"ar","potentialAction":[{"@type":"ReadAction","target":["https:\/\/volvacgermany.de\/ar\/makineler\/termoform-makineleri\/"]}]},{"@type":"BreadcrumbList","@id":"https:\/\/volvacgermany.de\/ar\/makineler\/termoform-makineleri\/#breadcrumb","itemListElement":[{"@type":"ListItem","position":1,"name":"Home","item":"https:\/\/volvacgermany.de\/ar\/"},{"@type":"ListItem","position":2,"name":"MAK\u0130NELER","item":"https:\/\/volvacgermany.de\/ar\/makineler\/"},{"@type":"ListItem","position":3,"name":"Termoform Makineleri"}]},{"@type":"WebSite","@id":"https:\/\/volvacgermany.de\/#website","url":"https:\/\/volvacgermany.de\/","name":"VOLVAC","description":"Vakum Paketleme Makinas\u0131 \u0130malat\u00e7\u0131s\u0131 (Garantili)","potentialAction":[{"@type":"SearchAction","target":{"@type":"EntryPoint","urlTemplate":"https:\/\/volvacgermany.de\/?s={search_term_string}"},"query-input":"required name=search_term_string"}],"inLanguage":"ar"}]}},"_links":{"self":[{"href":"https:\/\/volvacgermany.de\/ar\/wp-json\/wp\/v2\/pages\/6708","targetHints":{"allow":["GET"]}}],"collection":[{"href":"https:\/\/volvacgermany.de\/ar\/wp-json\/wp\/v2\/pages"}],"about":[{"href":"https:\/\/volvacgermany.de\/ar\/wp-json\/wp\/v2\/types\/page"}],"author":[{"embeddable":true,"href":"https:\/\/volvacgermany.de\/ar\/wp-json\/wp\/v2\/users\/1"}],"replies":[{"embeddable":true,"href":"https:\/\/volvacgermany.de\/ar\/wp-json\/wp\/v2\/comments?post=6708"}],"version-history":[{"count":0,"href":"https:\/\/volvacgermany.de\/ar\/wp-json\/wp\/v2\/pages\/6708\/revisions"}],"up":[{"embeddable":true,"href":"https:\/\/volvacgermany.de\/ar\/wp-json\/wp\/v2\/pages\/6566"}],"wp:attachment":[{"href":"https:\/\/volvacgermany.de\/ar\/wp-json\/wp\/v2\/media?parent=6708"}],"curies":[{"name":"wp","href":"https:\/\/api.w.org\/{rel}","templated":true}]}}