{"id":6824,"date":"2022-06-08T11:26:06","date_gmt":"2022-06-08T08:26:06","guid":{"rendered":"https:\/\/volvacgermany.de\/makineler\/vakum-paketleme-makineleri\/tekerlekli-modeller\/"},"modified":"2022-06-14T15:22:40","modified_gmt":"2022-06-14T12:22:40","slug":"tekerlekli-modeller","status":"publish","type":"page","link":"https:\/\/volvacgermany.de\/ar\/makineler\/vakum-paketleme-makineleri\/tekerlekli-modeller\/","title":{"rendered":"Tekerlekli Modeller"},"content":{"rendered":"\t\t<div data-elementor-type=\"wp-page\" data-elementor-id=\"6824\" class=\"elementor elementor-6824 elementor-1803\">\n\t\t\t\t\t\t\t\t\t<section data-particle_enable=\"false\" data-particle-mobile-disabled=\"false\" class=\"elementor-section elementor-top-section elementor-element elementor-element-f6edb4b elementor-section-boxed elementor-section-height-default elementor-section-height-default\" data-id=\"f6edb4b\" data-element_type=\"section\" data-settings=\"{&quot;background_background&quot;:&quot;classic&quot;}\">\n\t\t\n\t\t\t\t\t\t\t<div class=\"elementor-container elementor-column-gap-default\">\n\t\t\t\t\t\t\t\t\t\t\t<div class=\"elementor-column elementor-col-100 elementor-top-column elementor-element elementor-element-a4518da\" data-id=\"a4518da\" data-element_type=\"column\">\n\t\t\t\t\t<div class=\"elementor-widget-wrap elementor-element-populated\">\n\t\t\t\t\t\t\t\t<div class=\"elementor-element elementor-element-ebde3d7 elementor-position-top elementor-vertical-align-top elementor-widget elementor-widget-image-box\" data-id=\"ebde3d7\" data-element_type=\"widget\" data-widget_type=\"image-box.default\">\n\t\t\t\t<div class=\"elementor-widget-container\">\n\t\t\t<style>.elementor-widget-image-box .elementor-image-box-content{width:100%}@media (min-width:768px){.elementor-widget-image-box.elementor-position-left .elementor-image-box-wrapper,.elementor-widget-image-box.elementor-position-right .elementor-image-box-wrapper{display:flex}.elementor-widget-image-box.elementor-position-right .elementor-image-box-wrapper{text-align:right;flex-direction:row-reverse}.elementor-widget-image-box.elementor-position-left .elementor-image-box-wrapper{text-align:left;flex-direction:row}.elementor-widget-image-box.elementor-position-top .elementor-image-box-img{margin:auto}.elementor-widget-image-box.elementor-vertical-align-top .elementor-image-box-wrapper{align-items:flex-start}.elementor-widget-image-box.elementor-vertical-align-middle .elementor-image-box-wrapper{align-items:center}.elementor-widget-image-box.elementor-vertical-align-bottom .elementor-image-box-wrapper{align-items:flex-end}}@media (max-width:767px){.elementor-widget-image-box .elementor-image-box-img{margin-left:auto!important;margin-right:auto!important;margin-bottom:15px}}.elementor-widget-image-box .elementor-image-box-img{display:inline-block}.elementor-widget-image-box .elementor-image-box-title a{color:inherit}.elementor-widget-image-box .elementor-image-box-wrapper{text-align:center}.elementor-widget-image-box .elementor-image-box-description{margin:0}<\/style><div class=\"elementor-image-box-wrapper\"><figure class=\"elementor-image-box-img\"><img loading=\"lazy\" decoding=\"async\" width=\"500\" height=\"128\" src=\"https:\/\/volvacgermany.de\/wp-content\/uploads\/2022\/02\/vakum.png\" class=\"attachment-large size-large wp-image-573\" alt=\"\" \/><\/figure><div class=\"elementor-image-box-content\"><p class=\"elementor-image-box-description\">Vakum po\u015fetinize uygun t\u00fcm makine modellerimizi inceleyin. Ufak, orta ve b\u00fcy\u00fck boy vakum po\u015fetlerine uygun modellerimiz bulunmaktad\u0131r.<\/p><\/div><\/div>\t\t<\/div>\n\t\t\t\t<\/div>\n\t\t\t\t\t<\/div>\n\t\t\t\t<\/div>\n\t\t\t\t\t<\/div>\n\t\t\t\t<\/section>\n\t\t\t\t<section data-particle_enable=\"false\" data-particle-mobile-disabled=\"false\" class=\"elementor-section elementor-top-section elementor-element elementor-element-50a00de elementor-section-boxed elementor-section-height-default elementor-section-height-default\" data-id=\"50a00de\" data-element_type=\"section\" data-settings=\"{&quot;background_background&quot;:&quot;classic&quot;}\">\n\t\t\n\t\t\t\t\t\t\t<div class=\"elementor-container elementor-column-gap-default\">\n\t\t\t\t\t\t\t\t\t\t\t<div class=\"elementor-column elementor-col-33 elementor-top-column elementor-element elementor-element-a4a62c2\" data-id=\"a4a62c2\" data-element_type=\"column\">\n\t\t\t\t\t<div class=\"elementor-widget-wrap elementor-element-populated\">\n\t\t\t\t\t\t\t\t<div class=\"elementor-element elementor-element-ffc73cd elementor-position-top elementor-vertical-align-top elementor-widget elementor-widget-image-box\" data-id=\"ffc73cd\" data-element_type=\"widget\" data-widget_type=\"image-box.default\">\n\t\t\t\t<div class=\"elementor-widget-container\">\n\t\t\t<div class=\"elementor-image-box-wrapper\"><figure class=\"elementor-image-box-img\"><a href=\"https:\/\/volvacgermany.de\/vakum-paketleme-makineleri\/tekerlekli-paketleme-makineleri\/volvac-w48h\/\"><img loading=\"lazy\" decoding=\"async\" width=\"175\" height=\"300\" src=\"https:\/\/volvacgermany.de\/wp-content\/uploads\/2022\/06\/W48Hcats-175x300.png\" class=\"attachment-medium size-medium wp-image-8013\" alt=\"\" \/><\/a><\/figure><div class=\"elementor-image-box-content\"><h3 class=\"elementor-image-box-title\"><a href=\"https:\/\/volvacgermany.de\/vakum-paketleme-makineleri\/tekerlekli-paketleme-makineleri\/volvac-w48h\/\">VOLVAC W48H<\/a><\/h3><\/div><\/div>\t\t<\/div>\n\t\t\t\t<\/div>\n\t\t\t\t\t<\/div>\n\t\t\t\t<\/div>\n\t\t\t\t<div class=\"elementor-column elementor-col-33 elementor-top-column elementor-element elementor-element-0eba326\" data-id=\"0eba326\" data-element_type=\"column\">\n\t\t\t\t\t<div class=\"elementor-widget-wrap elementor-element-populated\">\n\t\t\t\t\t\t\t\t<div class=\"elementor-element elementor-element-79bd255 elementor-position-top elementor-vertical-align-top elementor-widget elementor-widget-image-box\" data-id=\"79bd255\" data-element_type=\"widget\" data-widget_type=\"image-box.default\">\n\t\t\t\t<div class=\"elementor-widget-container\">\n\t\t\t<div class=\"elementor-image-box-wrapper\"><figure class=\"elementor-image-box-img\"><a href=\"https:\/\/volvacgermany.de\/vakum-paketleme-makineleri\/tekerlekli-paketleme-makineleri\/volvac-w51h\/\"><img loading=\"lazy\" decoding=\"async\" width=\"178\" height=\"300\" src=\"https:\/\/volvacgermany.de\/wp-content\/uploads\/2022\/06\/W51Hcats-178x300.png\" class=\"attachment-medium size-medium wp-image-8030\" alt=\"\" \/><\/a><\/figure><div class=\"elementor-image-box-content\"><h3 class=\"elementor-image-box-title\"><a href=\"https:\/\/volvacgermany.de\/vakum-paketleme-makineleri\/tekerlekli-paketleme-makineleri\/volvac-w51h\/\">VOLVAC W51H<\/a><\/h3><\/div><\/div>\t\t<\/div>\n\t\t\t\t<\/div>\n\t\t\t\t\t<\/div>\n\t\t\t\t<\/div>\n\t\t\t\t<div class=\"elementor-column elementor-col-33 elementor-top-column elementor-element elementor-element-5be1b0c\" data-id=\"5be1b0c\" data-element_type=\"column\">\n\t\t\t\t\t<div class=\"elementor-widget-wrap elementor-element-populated\">\n\t\t\t\t\t\t\t\t<div class=\"elementor-element elementor-element-de53cd0 elementor-position-top elementor-vertical-align-top elementor-widget elementor-widget-image-box\" data-id=\"de53cd0\" data-element_type=\"widget\" data-widget_type=\"image-box.default\">\n\t\t\t\t<div class=\"elementor-widget-container\">\n\t\t\t<div class=\"elementor-image-box-wrapper\"><figure class=\"elementor-image-box-img\"><a href=\"https:\/\/volvacgermany.de\/vakum-paketleme-makineleri\/tekerlekli-paketleme-makineleri\/volvac-w52\/\"><img loading=\"lazy\" decoding=\"async\" width=\"208\" height=\"300\" src=\"https:\/\/volvacgermany.de\/wp-content\/uploads\/2022\/06\/W52cats-208x300.png\" class=\"attachment-medium size-medium wp-image-8035\" alt=\"\" \/><\/a><\/figure><div class=\"elementor-image-box-content\"><h3 class=\"elementor-image-box-title\"><a href=\"https:\/\/volvacgermany.de\/vakum-paketleme-makineleri\/tekerlekli-paketleme-makineleri\/volvac-w52\/\">VOLVAC W52<\/a><\/h3><\/div><\/div>\t\t<\/div>\n\t\t\t\t<\/div>\n\t\t\t\t\t<\/div>\n\t\t\t\t<\/div>\n\t\t\t\t\t<\/div>\n\t\t\t\t<\/section>\n\t\t\t\t<section data-particle_enable=\"false\" data-particle-mobile-disabled=\"false\" class=\"elementor-section elementor-top-section elementor-element elementor-element-9437399 elementor-section-boxed elementor-section-height-default elementor-section-height-default\" data-id=\"9437399\" data-element_type=\"section\" data-settings=\"{&quot;background_background&quot;:&quot;classic&quot;}\">\n\t\t\n\t\t\t\t\t\t\t<div class=\"elementor-container elementor-column-gap-default\">\n\t\t\t\t\t\t\t\t\t\t\t<div class=\"elementor-column elementor-col-33 elementor-top-column elementor-element elementor-element-f1b31d3\" data-id=\"f1b31d3\" data-element_type=\"column\">\n\t\t\t\t\t<div class=\"elementor-widget-wrap elementor-element-populated\">\n\t\t\t\t\t\t\t\t<div class=\"elementor-element elementor-element-f3f57f0 elementor-position-top elementor-vertical-align-top elementor-widget elementor-widget-image-box\" data-id=\"f3f57f0\" data-element_type=\"widget\" data-widget_type=\"image-box.default\">\n\t\t\t\t<div class=\"elementor-widget-container\">\n\t\t\t<div class=\"elementor-image-box-wrapper\"><figure class=\"elementor-image-box-img\"><a href=\"https:\/\/volvacgermany.de\/vakum-paketleme-makineleri\/tekerlekli-paketleme-makineleri\/volvac-w68\/\"><img loading=\"lazy\" decoding=\"async\" width=\"216\" height=\"300\" src=\"https:\/\/volvacgermany.de\/wp-content\/uploads\/2022\/06\/W68cats-216x300.png\" class=\"attachment-medium size-medium wp-image-8045\" alt=\"\" \/><\/a><\/figure><div class=\"elementor-image-box-content\"><h3 class=\"elementor-image-box-title\"><a href=\"https:\/\/volvacgermany.de\/vakum-paketleme-makineleri\/tekerlekli-paketleme-makineleri\/volvac-w68\/\">VOLVAC W68<\/a><\/h3><\/div><\/div>\t\t<\/div>\n\t\t\t\t<\/div>\n\t\t\t\t\t<\/div>\n\t\t\t\t<\/div>\n\t\t\t\t<div class=\"elementor-column elementor-col-33 elementor-top-column elementor-element elementor-element-de19829\" data-id=\"de19829\" data-element_type=\"column\">\n\t\t\t\t\t<div class=\"elementor-widget-wrap elementor-element-populated\">\n\t\t\t\t\t\t\t\t<div class=\"elementor-element elementor-element-03de251 elementor-position-top elementor-vertical-align-top elementor-widget elementor-widget-image-box\" data-id=\"03de251\" data-element_type=\"widget\" data-widget_type=\"image-box.default\">\n\t\t\t\t<div class=\"elementor-widget-container\">\n\t\t\t<div class=\"elementor-image-box-wrapper\"><figure class=\"elementor-image-box-img\"><a href=\"https:\/\/volvacgermany.de\/ar\/makineler\/vakum-paketleme-makineleri\/tekerlekli-modeller\/volvac-w104-vakum-makinasi\/\"><img loading=\"lazy\" decoding=\"async\" width=\"300\" height=\"300\" src=\"https:\/\/volvacgermany.de\/wp-content\/uploads\/2022\/06\/W104Scats-300x300.png\" class=\"attachment-medium size-medium wp-image-8050\" alt=\"\" \/><\/a><\/figure><div class=\"elementor-image-box-content\"><h3 class=\"elementor-image-box-title\"><a href=\"https:\/\/volvacgermany.de\/ar\/makineler\/vakum-paketleme-makineleri\/tekerlekli-modeller\/volvac-w104-vakum-makinasi\/\">VOLVAC W104S<\/a><\/h3><\/div><\/div>\t\t<\/div>\n\t\t\t\t<\/div>\n\t\t\t\t\t<\/div>\n\t\t\t\t<\/div>\n\t\t\t\t<div class=\"elementor-column elementor-col-33 elementor-top-column elementor-element elementor-element-aad72f9\" data-id=\"aad72f9\" data-element_type=\"column\">\n\t\t\t\t\t<div class=\"elementor-widget-wrap\">\n\t\t\t\t\t\t\t\t\t<\/div>\n\t\t\t\t<\/div>\n\t\t\t\t\t<\/div>\n\t\t\t\t<\/section>\n\t\t\t\t\t\t\t<\/div>\n\t\t","protected":false},"excerpt":{"rendered":"<p>Vakum po\u015fetinize uygun t\u00fcm makine modellerimizi inceleyin. Ufak, orta ve b\u00fcy\u00fck boy vakum po\u015fetlerine uygun modellerimiz bulunmaktad\u0131r. VOLVAC W48H VOLVAC W51H VOLVAC W52 VOLVAC W68 VOLVAC W104S<\/p>\n","protected":false},"author":1,"featured_media":0,"parent":6722,"menu_order":0,"comment_status":"closed","ping_status":"closed","template":"","meta":{"footnotes":""},"class_list":["post-6824","page","type-page","status-publish","hentry"],"acf":[],"yoast_head":"<!-- This site is optimized with the Yoast SEO Premium plugin v19.5 (Yoast SEO v19.13) - https:\/\/yoast.com\/wordpress\/plugins\/seo\/ -->\n<title>Tekerlekli Modeller - VOLVAC<\/title>\n<meta name=\"robots\" content=\"index, follow, max-snippet:-1, max-image-preview:large, max-video-preview:-1\" \/>\n<link rel=\"canonical\" href=\"https:\/\/volvacgermany.de\/ar\/makineler\/vakum-paketleme-makineleri\/tekerlekli-modeller\/\" \/>\n<meta property=\"og:locale\" content=\"ar_AR\" \/>\n<meta property=\"og:type\" content=\"article\" \/>\n<meta property=\"og:title\" content=\"Tekerlekli Modeller\" \/>\n<meta property=\"og:description\" content=\"Vakum po\u015fetinize uygun t\u00fcm makine modellerimizi inceleyin. Ufak, orta ve b\u00fcy\u00fck boy vakum po\u015fetlerine uygun modellerimiz bulunmaktad\u0131r. VOLVAC W48H VOLVAC W51H VOLVAC W52 VOLVAC W68 VOLVAC W104S\" \/>\n<meta property=\"og:url\" content=\"https:\/\/volvacgermany.de\/ar\/makineler\/vakum-paketleme-makineleri\/tekerlekli-modeller\/\" \/>\n<meta property=\"og:site_name\" content=\"VOLVAC\" \/>\n<meta property=\"article:modified_time\" content=\"2022-06-14T12:22:40+00:00\" \/>\n<meta property=\"og:image\" content=\"https:\/\/volvacgermany.de\/wp-content\/uploads\/2022\/02\/vakum.png\" \/>\n<meta name=\"twitter:card\" content=\"summary_large_image\" \/>\n<script type=\"application\/ld+json\" class=\"yoast-schema-graph\">{\"@context\":\"https:\/\/schema.org\",\"@graph\":[{\"@type\":\"WebPage\",\"@id\":\"https:\/\/volvacgermany.de\/ar\/makineler\/vakum-paketleme-makineleri\/tekerlekli-modeller\/\",\"url\":\"https:\/\/volvacgermany.de\/ar\/makineler\/vakum-paketleme-makineleri\/tekerlekli-modeller\/\",\"name\":\"Tekerlekli Modeller - VOLVAC\",\"isPartOf\":{\"@id\":\"https:\/\/volvacgermany.de\/#website\"},\"datePublished\":\"2022-06-08T08:26:06+00:00\",\"dateModified\":\"2022-06-14T12:22:40+00:00\",\"breadcrumb\":{\"@id\":\"https:\/\/volvacgermany.de\/ar\/makineler\/vakum-paketleme-makineleri\/tekerlekli-modeller\/#breadcrumb\"},\"inLanguage\":\"ar\",\"potentialAction\":[{\"@type\":\"ReadAction\",\"target\":[\"https:\/\/volvacgermany.de\/ar\/makineler\/vakum-paketleme-makineleri\/tekerlekli-modeller\/\"]}]},{\"@type\":\"BreadcrumbList\",\"@id\":\"https:\/\/volvacgermany.de\/ar\/makineler\/vakum-paketleme-makineleri\/tekerlekli-modeller\/#breadcrumb\",\"itemListElement\":[{\"@type\":\"ListItem\",\"position\":1,\"name\":\"Home\",\"item\":\"https:\/\/volvacgermany.de\/ar\/\"},{\"@type\":\"ListItem\",\"position\":2,\"name\":\"MAK\u0130NELER\",\"item\":\"https:\/\/volvacgermany.de\/ar\/makineler\/\"},{\"@type\":\"ListItem\",\"position\":3,\"name\":\"Vakum Paketleme Makineleri\",\"item\":\"https:\/\/volvacgermany.de\/ar\/makineler\/vakum-paketleme-makineleri\/\"},{\"@type\":\"ListItem\",\"position\":4,\"name\":\"Tekerlekli Modeller\"}]},{\"@type\":\"WebSite\",\"@id\":\"https:\/\/volvacgermany.de\/#website\",\"url\":\"https:\/\/volvacgermany.de\/\",\"name\":\"VOLVAC\",\"description\":\"Vakum Paketleme Makinas\u0131 \u0130malat\u00e7\u0131s\u0131 (Garantili)\",\"potentialAction\":[{\"@type\":\"SearchAction\",\"target\":{\"@type\":\"EntryPoint\",\"urlTemplate\":\"https:\/\/volvacgermany.de\/?s={search_term_string}\"},\"query-input\":\"required name=search_term_string\"}],\"inLanguage\":\"ar\"}]}<\/script>\n<!-- \/ Yoast SEO Premium plugin. -->","yoast_head_json":{"title":"Tekerlekli Modeller - VOLVAC","robots":{"index":"index","follow":"follow","max-snippet":"max-snippet:-1","max-image-preview":"max-image-preview:large","max-video-preview":"max-video-preview:-1"},"canonical":"https:\/\/volvacgermany.de\/ar\/makineler\/vakum-paketleme-makineleri\/tekerlekli-modeller\/","og_locale":"ar_AR","og_type":"article","og_title":"Tekerlekli Modeller","og_description":"Vakum po\u015fetinize uygun t\u00fcm makine modellerimizi inceleyin. Ufak, orta ve b\u00fcy\u00fck boy vakum po\u015fetlerine uygun modellerimiz bulunmaktad\u0131r. VOLVAC W48H VOLVAC W51H VOLVAC W52 VOLVAC W68 VOLVAC W104S","og_url":"https:\/\/volvacgermany.de\/ar\/makineler\/vakum-paketleme-makineleri\/tekerlekli-modeller\/","og_site_name":"VOLVAC","article_modified_time":"2022-06-14T12:22:40+00:00","og_image":[{"url":"https:\/\/volvacgermany.de\/wp-content\/uploads\/2022\/02\/vakum.png"}],"twitter_card":"summary_large_image","schema":{"@context":"https:\/\/schema.org","@graph":[{"@type":"WebPage","@id":"https:\/\/volvacgermany.de\/ar\/makineler\/vakum-paketleme-makineleri\/tekerlekli-modeller\/","url":"https:\/\/volvacgermany.de\/ar\/makineler\/vakum-paketleme-makineleri\/tekerlekli-modeller\/","name":"Tekerlekli Modeller - VOLVAC","isPartOf":{"@id":"https:\/\/volvacgermany.de\/#website"},"datePublished":"2022-06-08T08:26:06+00:00","dateModified":"2022-06-14T12:22:40+00:00","breadcrumb":{"@id":"https:\/\/volvacgermany.de\/ar\/makineler\/vakum-paketleme-makineleri\/tekerlekli-modeller\/#breadcrumb"},"inLanguage":"ar","potentialAction":[{"@type":"ReadAction","target":["https:\/\/volvacgermany.de\/ar\/makineler\/vakum-paketleme-makineleri\/tekerlekli-modeller\/"]}]},{"@type":"BreadcrumbList","@id":"https:\/\/volvacgermany.de\/ar\/makineler\/vakum-paketleme-makineleri\/tekerlekli-modeller\/#breadcrumb","itemListElement":[{"@type":"ListItem","position":1,"name":"Home","item":"https:\/\/volvacgermany.de\/ar\/"},{"@type":"ListItem","position":2,"name":"MAK\u0130NELER","item":"https:\/\/volvacgermany.de\/ar\/makineler\/"},{"@type":"ListItem","position":3,"name":"Vakum Paketleme Makineleri","item":"https:\/\/volvacgermany.de\/ar\/makineler\/vakum-paketleme-makineleri\/"},{"@type":"ListItem","position":4,"name":"Tekerlekli Modeller"}]},{"@type":"WebSite","@id":"https:\/\/volvacgermany.de\/#website","url":"https:\/\/volvacgermany.de\/","name":"VOLVAC","description":"Vakum Paketleme Makinas\u0131 \u0130malat\u00e7\u0131s\u0131 (Garantili)","potentialAction":[{"@type":"SearchAction","target":{"@type":"EntryPoint","urlTemplate":"https:\/\/volvacgermany.de\/?s={search_term_string}"},"query-input":"required name=search_term_string"}],"inLanguage":"ar"}]}},"_links":{"self":[{"href":"https:\/\/volvacgermany.de\/ar\/wp-json\/wp\/v2\/pages\/6824","targetHints":{"allow":["GET"]}}],"collection":[{"href":"https:\/\/volvacgermany.de\/ar\/wp-json\/wp\/v2\/pages"}],"about":[{"href":"https:\/\/volvacgermany.de\/ar\/wp-json\/wp\/v2\/types\/page"}],"author":[{"embeddable":true,"href":"https:\/\/volvacgermany.de\/ar\/wp-json\/wp\/v2\/users\/1"}],"replies":[{"embeddable":true,"href":"https:\/\/volvacgermany.de\/ar\/wp-json\/wp\/v2\/comments?post=6824"}],"version-history":[{"count":0,"href":"https:\/\/volvacgermany.de\/ar\/wp-json\/wp\/v2\/pages\/6824\/revisions"}],"up":[{"embeddable":true,"href":"https:\/\/volvacgermany.de\/ar\/wp-json\/wp\/v2\/pages\/6722"}],"wp:attachment":[{"href":"https:\/\/volvacgermany.de\/ar\/wp-json\/wp\/v2\/media?parent=6824"}],"curies":[{"name":"wp","href":"https:\/\/api.w.org\/{rel}","templated":true}]}}