{"id":3896,"date":"2022-05-31T09:01:02","date_gmt":"2022-05-31T06:01:02","guid":{"rendered":"http:\/\/192.168.2.178:8083\/wordpress\/fuarlar\/"},"modified":"2022-07-29T08:42:13","modified_gmt":"2022-07-29T05:42:13","slug":"fairs","status":"publish","type":"page","link":"https:\/\/volvacgermany.de\/de\/fairs\/","title":{"rendered":"MESSEN"},"content":{"rendered":"\t\t<div data-elementor-type=\"wp-page\" data-elementor-id=\"3896\" class=\"elementor elementor-3896 elementor-1528\">\n\t\t\t\t\t\t\t\t\t<section data-particle_enable=\"false\" data-particle-mobile-disabled=\"false\" class=\"elementor-section elementor-top-section elementor-element elementor-element-123cf88 elementor-section-boxed elementor-section-height-default elementor-section-height-default\" data-id=\"123cf88\" data-element_type=\"section\">\n\t\t\n\t\t\t\t\t\t\t<div class=\"elementor-container elementor-column-gap-default\">\n\t\t\t\t\t\t\t\t\t\t\t<div class=\"elementor-column elementor-col-100 elementor-top-column elementor-element elementor-element-79d20da\" data-id=\"79d20da\" data-element_type=\"column\">\n\t\t\t\t\t<div class=\"elementor-widget-wrap elementor-element-populated\">\n\t\t\t\t\t\t\t\t<section data-particle_enable=\"false\" data-particle-mobile-disabled=\"false\" class=\"elementor-section elementor-inner-section elementor-element elementor-element-1b00904 elementor-section-boxed elementor-section-height-default elementor-section-height-default\" data-id=\"1b00904\" data-element_type=\"section\">\n\t\t\n\t\t\t\t\t\t\t<div class=\"elementor-container elementor-column-gap-default\">\n\t\t\t\t\t\t\t\t\t\t\t<div class=\"elementor-column elementor-col-50 elementor-inner-column elementor-element elementor-element-4789fe7\" data-id=\"4789fe7\" data-element_type=\"column\">\n\t\t\t\t\t<div class=\"elementor-widget-wrap elementor-element-populated\">\n\t\t\t\t\t\t\t\t<div class=\"elementor-element elementor-element-1085c09 elementor-widget elementor-widget-heading\" data-id=\"1085c09\" data-element_type=\"widget\" data-widget_type=\"heading.default\">\n\t\t\t\t<div class=\"elementor-widget-container\">\n\t\t\t<style>\/*! elementor - v3.9.2 - 21-12-2022 *\/\n.elementor-heading-title{padding:0;margin:0;line-height:1}.elementor-widget-heading .elementor-heading-title[class*=elementor-size-]>a{color:inherit;font-size:inherit;line-height:inherit}.elementor-widget-heading .elementor-heading-title.elementor-size-small{font-size:15px}.elementor-widget-heading .elementor-heading-title.elementor-size-medium{font-size:19px}.elementor-widget-heading .elementor-heading-title.elementor-size-large{font-size:29px}.elementor-widget-heading .elementor-heading-title.elementor-size-xl{font-size:39px}.elementor-widget-heading .elementor-heading-title.elementor-size-xxl{font-size:59px}<\/style><h2 class=\"elementor-heading-title elementor-size-default\">EURASIA VERPACKUNGSMESSE - 2022<\/h2>\t\t<\/div>\n\t\t\t\t<\/div>\n\t\t\t\t<div class=\"elementor-element elementor-element-7fa80c5 elementor-widget elementor-widget-text-editor\" data-id=\"7fa80c5\" data-element_type=\"widget\" data-widget_type=\"text-editor.default\">\n\t\t\t\t<div class=\"elementor-widget-container\">\n\t\t\t<style>\/*! elementor - v3.9.2 - 21-12-2022 *\/\n.elementor-widget-text-editor.elementor-drop-cap-view-stacked .elementor-drop-cap{background-color:#818a91;color:#fff}.elementor-widget-text-editor.elementor-drop-cap-view-framed .elementor-drop-cap{color:#818a91;border:3px solid;background-color:transparent}.elementor-widget-text-editor:not(.elementor-drop-cap-view-default) .elementor-drop-cap{margin-top:8px}.elementor-widget-text-editor:not(.elementor-drop-cap-view-default) .elementor-drop-cap-letter{width:1em;height:1em}.elementor-widget-text-editor .elementor-drop-cap{float:left;text-align:center;line-height:1;font-size:50px}.elementor-widget-text-editor .elementor-drop-cap-letter{display:inline-block}<\/style>\t\t\t\t<p><span style=\"color: #ff0000;\"><strong>12 &#8211; 15 OKTOBER 2022<\/strong><\/span><\/p>\t\t\t\t\t\t<\/div>\n\t\t\t\t<\/div>\n\t\t\t\t<div class=\"elementor-element elementor-element-e351f31 elementor-widget elementor-widget-text-editor\" data-id=\"e351f31\" data-element_type=\"widget\" data-widget_type=\"text-editor.default\">\n\t\t\t\t<div class=\"elementor-widget-container\">\n\t\t\t\t\t\t\t<p>Als VOLVAC werden wir 2022 vom 12. bis 15. Oktober an der EURASIA PACKAGING FAIR teilnehmen. Wir bedanken uns bei allen Teilnehmern, die uns auf dem Messegel\u00e4nde besucht und Informationen zu unseren Modellen erhalten haben.<\/p>\t\t\t\t\t\t<\/div>\n\t\t\t\t<\/div>\n\t\t\t\t\t<\/div>\n\t\t\t\t<\/div>\n\t\t\t\t<div class=\"elementor-column elementor-col-50 elementor-inner-column elementor-element elementor-element-297d1d6\" data-id=\"297d1d6\" data-element_type=\"column\">\n\t\t\t\t\t<div class=\"elementor-widget-wrap elementor-element-populated\">\n\t\t\t\t\t\t\t\t<div class=\"elementor-element elementor-element-491b570 elementor-widget elementor-widget-image\" data-id=\"491b570\" data-element_type=\"widget\" data-widget_type=\"image.default\">\n\t\t\t\t<div class=\"elementor-widget-container\">\n\t\t\t<style>\/*! elementor - v3.9.2 - 21-12-2022 *\/\n.elementor-widget-image{text-align:center}.elementor-widget-image a{display:inline-block}.elementor-widget-image a img[src$=\".svg\"]{width:48px}.elementor-widget-image img{vertical-align:middle;display:inline-block}<\/style>\t\t\t\t\t\t\t\t\t\t\t\t<img loading=\"lazy\" decoding=\"async\" width=\"500\" height=\"154\" src=\"https:\/\/volvacgermany.de\/wp-content\/uploads\/2022\/07\/WebBannereEN.png\" class=\"attachment-large size-large wp-image-8691\" alt=\"\" srcset=\"https:\/\/volvacgermany.de\/wp-content\/uploads\/2022\/07\/WebBannereEN.png 500w, https:\/\/volvacgermany.de\/wp-content\/uploads\/2022\/07\/WebBannereEN-400x123.png 400w\" sizes=\"auto, (max-width: 500px) 100vw, 500px\" \/>\t\t\t\t\t\t\t\t\t\t\t\t\t\t\t<\/div>\n\t\t\t\t<\/div>\n\t\t\t\t\t<\/div>\n\t\t\t\t<\/div>\n\t\t\t\t\t<\/div>\n\t\t\t\t<\/section>\n\t\t\t\t\t<\/div>\n\t\t\t\t<\/div>\n\t\t\t\t\t<\/div>\n\t\t\t\t<\/section>\n\t\t\t\t<section data-particle_enable=\"false\" data-particle-mobile-disabled=\"false\" class=\"elementor-section elementor-top-section elementor-element elementor-element-f9263b5 elementor-section-boxed elementor-section-height-default elementor-section-height-default\" data-id=\"f9263b5\" data-element_type=\"section\">\n\t\t\n\t\t\t\t\t\t\t<div class=\"elementor-container elementor-column-gap-default\">\n\t\t\t\t\t\t\t\t\t\t\t<div class=\"elementor-column elementor-col-100 elementor-top-column elementor-element elementor-element-ee47cd3\" data-id=\"ee47cd3\" data-element_type=\"column\">\n\t\t\t\t\t<div class=\"elementor-widget-wrap elementor-element-populated\">\n\t\t\t\t\t\t\t\t<section data-particle_enable=\"false\" data-particle-mobile-disabled=\"false\" class=\"elementor-section elementor-inner-section elementor-element elementor-element-ae5da37 elementor-section-boxed elementor-section-height-default elementor-section-height-default\" data-id=\"ae5da37\" data-element_type=\"section\">\n\t\t\n\t\t\t\t\t\t\t<div class=\"elementor-container elementor-column-gap-default\">\n\t\t\t\t\t\t\t\t\t\t\t<div class=\"elementor-column elementor-col-50 elementor-inner-column elementor-element elementor-element-1883c2b\" data-id=\"1883c2b\" data-element_type=\"column\">\n\t\t\t\t\t<div class=\"elementor-widget-wrap elementor-element-populated\">\n\t\t\t\t\t\t\t\t<div class=\"elementor-element elementor-element-a1a5fa2 elementor-widget elementor-widget-image\" data-id=\"a1a5fa2\" data-element_type=\"widget\" data-widget_type=\"image.default\">\n\t\t\t\t<div class=\"elementor-widget-container\">\n\t\t\t\t\t\t\t\t\t\t\t\t\t\t\t<img loading=\"lazy\" decoding=\"async\" width=\"1005\" height=\"363\" src=\"https:\/\/volvacgermany.de\/wp-content\/uploads\/2022\/03\/fuar2021.png\" class=\"attachment-large size-large wp-image-1548\" alt=\"\" \/>\t\t\t\t\t\t\t\t\t\t\t\t\t\t\t<\/div>\n\t\t\t\t<\/div>\n\t\t\t\t\t<\/div>\n\t\t\t\t<\/div>\n\t\t\t\t<div class=\"elementor-column elementor-col-50 elementor-inner-column elementor-element elementor-element-b5b79e1\" data-id=\"b5b79e1\" data-element_type=\"column\">\n\t\t\t\t\t<div class=\"elementor-widget-wrap elementor-element-populated\">\n\t\t\t\t\t\t\t\t<div class=\"elementor-element elementor-element-d10aa38 elementor-widget elementor-widget-heading\" data-id=\"d10aa38\" data-element_type=\"widget\" data-widget_type=\"heading.default\">\n\t\t\t\t<div class=\"elementor-widget-container\">\n\t\t\t<h2 class=\"elementor-heading-title elementor-size-default\">EURASIA VERPACKUNGSMESSE - 2021<\/h2>\t\t<\/div>\n\t\t\t\t<\/div>\n\t\t\t\t<div class=\"elementor-element elementor-element-7feda0c elementor-widget elementor-widget-text-editor\" data-id=\"7feda0c\" data-element_type=\"widget\" data-widget_type=\"text-editor.default\">\n\t\t\t\t<div class=\"elementor-widget-container\">\n\t\t\t\t\t\t\t<p><span style=\"color: #ff0000;\"><strong>20 &#8211; 23 OKTOBER 2021<\/strong><\/span><\/p>\t\t\t\t\t\t<\/div>\n\t\t\t\t<\/div>\n\t\t\t\t<div class=\"elementor-element elementor-element-795e82b elementor-widget elementor-widget-text-editor\" data-id=\"795e82b\" data-element_type=\"widget\" data-widget_type=\"text-editor.default\">\n\t\t\t\t<div class=\"elementor-widget-container\">\n\t\t\t\t\t\t\t<p>Als VOLVAC haben wir vom 20. bis 23. Oktober 2021 an der EURASIA PACKAGING FAIR teilgenommen. Wir bedanken uns bei allen Teilnehmern, die uns auf dem Messegel\u00e4nde besucht und Informationen zu unseren Modellen erhalten haben.<\/p>\t\t\t\t\t\t<\/div>\n\t\t\t\t<\/div>\n\t\t\t\t\t<\/div>\n\t\t\t\t<\/div>\n\t\t\t\t\t<\/div>\n\t\t\t\t<\/section>\n\t\t\t\t\t<\/div>\n\t\t\t\t<\/div>\n\t\t\t\t\t<\/div>\n\t\t\t\t<\/section>\n\t\t\t\t<section data-particle_enable=\"false\" data-particle-mobile-disabled=\"false\" class=\"elementor-section elementor-top-section elementor-element elementor-element-c56d622 elementor-section-boxed elementor-section-height-default elementor-section-height-default\" data-id=\"c56d622\" data-element_type=\"section\">\n\t\t\n\t\t\t\t\t\t\t<div class=\"elementor-container elementor-column-gap-default\">\n\t\t\t\t\t\t\t\t\t\t\t<div class=\"elementor-column elementor-col-100 elementor-top-column elementor-element elementor-element-79140e5\" data-id=\"79140e5\" data-element_type=\"column\">\n\t\t\t\t\t<div class=\"elementor-widget-wrap elementor-element-populated\">\n\t\t\t\t\t\t\t\t<section data-particle_enable=\"false\" data-particle-mobile-disabled=\"false\" class=\"elementor-section elementor-inner-section elementor-element elementor-element-373f831 elementor-section-boxed elementor-section-height-default elementor-section-height-default\" data-id=\"373f831\" data-element_type=\"section\">\n\t\t\n\t\t\t\t\t\t\t<div class=\"elementor-container elementor-column-gap-default\">\n\t\t\t\t\t\t\t\t\t\t\t<div class=\"elementor-column elementor-col-50 elementor-inner-column elementor-element elementor-element-5b8ec42\" data-id=\"5b8ec42\" data-element_type=\"column\">\n\t\t\t\t\t<div class=\"elementor-widget-wrap elementor-element-populated\">\n\t\t\t\t\t\t\t\t<div class=\"elementor-element elementor-element-7b36ea2 elementor-widget elementor-widget-heading\" data-id=\"7b36ea2\" data-element_type=\"widget\" data-widget_type=\"heading.default\">\n\t\t\t\t<div class=\"elementor-widget-container\">\n\t\t\t<h2 class=\"elementor-heading-title elementor-size-default\">FOTEG - 2019<\/h2>\t\t<\/div>\n\t\t\t\t<\/div>\n\t\t\t\t<div class=\"elementor-element elementor-element-e50fc78 elementor-widget elementor-widget-text-editor\" data-id=\"e50fc78\" data-element_type=\"widget\" data-widget_type=\"text-editor.default\">\n\t\t\t\t<div class=\"elementor-widget-container\">\n\t\t\t\t\t\t\t<p><span style=\"color: #ff0000;\"><strong>10 &#8211; 12 JUNI 2019<\/strong><\/span><\/p>\t\t\t\t\t\t<\/div>\n\t\t\t\t<\/div>\n\t\t\t\t<div class=\"elementor-element elementor-element-dcbd988 elementor-widget elementor-widget-text-editor\" data-id=\"dcbd988\" data-element_type=\"widget\" data-widget_type=\"text-editor.default\">\n\t\t\t\t<div class=\"elementor-widget-container\">\n\t\t\t\t\t\t\t<p>Als VOLVAC werden wir 2021 vom 10. bis 12. Juni an der EURASIA PACKAGING FAIR teilnehmen. Wir bedanken uns bei allen Teilnehmern, die uns auf dem Messegel\u00e4nde besucht und Informationen zu unseren Modellen erhalten haben.<\/p>\t\t\t\t\t\t<\/div>\n\t\t\t\t<\/div>\n\t\t\t\t\t<\/div>\n\t\t\t\t<\/div>\n\t\t\t\t<div class=\"elementor-column elementor-col-50 elementor-inner-column elementor-element elementor-element-a8750b2\" data-id=\"a8750b2\" data-element_type=\"column\">\n\t\t\t\t\t<div class=\"elementor-widget-wrap elementor-element-populated\">\n\t\t\t\t\t\t\t\t<div class=\"elementor-element elementor-element-20be61c elementor-aspect-ratio-169 elementor-widget elementor-widget-video\" data-id=\"20be61c\" data-element_type=\"widget\" data-settings=\"{&quot;youtube_url&quot;:&quot;https:\\\/\\\/www.youtube.com\\\/watch?v=7tjm0Pjzs6E&quot;,&quot;mute&quot;:&quot;yes&quot;,&quot;loop&quot;:&quot;yes&quot;,&quot;yt_privacy&quot;:&quot;yes&quot;,&quot;video_type&quot;:&quot;youtube&quot;,&quot;controls&quot;:&quot;yes&quot;,&quot;aspect_ratio&quot;:&quot;169&quot;}\" data-widget_type=\"video.default\">\n\t\t\t\t<div class=\"elementor-widget-container\">\n\t\t\t<style>\/*! elementor - v3.9.2 - 21-12-2022 *\/\n.elementor-widget-video .elementor-widget-container{overflow:hidden;transform:translateZ(0)}.elementor-widget-video .elementor-open-inline .elementor-custom-embed-image-overlay{position:absolute;top:0;left:0;width:100%;height:100%;background-size:cover;background-position:50%}.elementor-widget-video .elementor-custom-embed-image-overlay{cursor:pointer;text-align:center}.elementor-widget-video .elementor-custom-embed-image-overlay:hover .elementor-custom-embed-play i{opacity:1}.elementor-widget-video .elementor-custom-embed-image-overlay img{display:block;width:100%}.elementor-widget-video .e-hosted-video .elementor-video{-o-object-fit:cover;object-fit:cover}.e-con-inner>.elementor-widget-video,.e-con>.elementor-widget-video{width:var(--container-widget-width);--flex-grow:var(--container-widget-flex-grow)}<\/style>\t\t<div class=\"elementor-wrapper elementor-fit-aspect-ratio elementor-open-inline\">\n\t\t\t<div class=\"elementor-video\"><\/div>\t\t<\/div>\n\t\t\t\t<\/div>\n\t\t\t\t<\/div>\n\t\t\t\t\t<\/div>\n\t\t\t\t<\/div>\n\t\t\t\t\t<\/div>\n\t\t\t\t<\/section>\n\t\t\t\t\t<\/div>\n\t\t\t\t<\/div>\n\t\t\t\t\t<\/div>\n\t\t\t\t<\/section>\n\t\t\t\t<section data-particle_enable=\"false\" data-particle-mobile-disabled=\"false\" class=\"elementor-section elementor-top-section elementor-element elementor-element-729d000 elementor-section-boxed elementor-section-height-default elementor-section-height-default\" data-id=\"729d000\" data-element_type=\"section\">\n\t\t\n\t\t\t\t\t\t\t<div class=\"elementor-container elementor-column-gap-default\">\n\t\t\t\t\t\t\t\t\t\t\t<div class=\"elementor-column elementor-col-100 elementor-top-column elementor-element elementor-element-1617246\" data-id=\"1617246\" data-element_type=\"column\">\n\t\t\t\t\t<div class=\"elementor-widget-wrap elementor-element-populated\">\n\t\t\t\t\t\t\t\t<section data-particle_enable=\"false\" data-particle-mobile-disabled=\"false\" class=\"elementor-section elementor-inner-section elementor-element elementor-element-d0b5956 elementor-section-boxed elementor-section-height-default elementor-section-height-default\" data-id=\"d0b5956\" data-element_type=\"section\">\n\t\t\n\t\t\t\t\t\t\t<div class=\"elementor-container elementor-column-gap-default\">\n\t\t\t\t\t\t\t\t\t\t\t<div class=\"elementor-column elementor-col-50 elementor-inner-column elementor-element elementor-element-7694cd6\" data-id=\"7694cd6\" data-element_type=\"column\">\n\t\t\t\t\t<div class=\"elementor-widget-wrap elementor-element-populated\">\n\t\t\t\t\t\t\t\t<div class=\"elementor-element elementor-element-dedda05 elementor-aspect-ratio-169 elementor-widget elementor-widget-video\" data-id=\"dedda05\" data-element_type=\"widget\" data-settings=\"{&quot;youtube_url&quot;:&quot;https:\\\/\\\/www.youtube.com\\\/watch?v=K4C8VqsVN9s&quot;,&quot;mute&quot;:&quot;yes&quot;,&quot;loop&quot;:&quot;yes&quot;,&quot;yt_privacy&quot;:&quot;yes&quot;,&quot;video_type&quot;:&quot;youtube&quot;,&quot;controls&quot;:&quot;yes&quot;,&quot;aspect_ratio&quot;:&quot;169&quot;}\" data-widget_type=\"video.default\">\n\t\t\t\t<div class=\"elementor-widget-container\">\n\t\t\t\t\t<div class=\"elementor-wrapper elementor-fit-aspect-ratio elementor-open-inline\">\n\t\t\t<div class=\"elementor-video\"><\/div>\t\t<\/div>\n\t\t\t\t<\/div>\n\t\t\t\t<\/div>\n\t\t\t\t\t<\/div>\n\t\t\t\t<\/div>\n\t\t\t\t<div class=\"elementor-column elementor-col-50 elementor-inner-column elementor-element elementor-element-b52be96\" data-id=\"b52be96\" data-element_type=\"column\">\n\t\t\t\t\t<div class=\"elementor-widget-wrap elementor-element-populated\">\n\t\t\t\t\t\t\t\t<div class=\"elementor-element elementor-element-1a0605b elementor-widget elementor-widget-heading\" data-id=\"1a0605b\" data-element_type=\"widget\" data-widget_type=\"heading.default\">\n\t\t\t\t<div class=\"elementor-widget-container\">\n\t\t\t<h2 class=\"elementor-heading-title elementor-size-default\">EURASIA VERPACKUNGSMESSE - 2018<\/h2>\t\t<\/div>\n\t\t\t\t<\/div>\n\t\t\t\t<div class=\"elementor-element elementor-element-e157009 elementor-widget elementor-widget-text-editor\" data-id=\"e157009\" data-element_type=\"widget\" data-widget_type=\"text-editor.default\">\n\t\t\t\t<div class=\"elementor-widget-container\">\n\t\t\t\t\t\t\t<span style=\"color: #ff0000;\"><strong>31. OKTOBER &#8211; 3. NOVEMBER 2018<\/strong><\/span>\t\t\t\t\t\t<\/div>\n\t\t\t\t<\/div>\n\t\t\t\t<div class=\"elementor-element elementor-element-ef714e2 elementor-widget elementor-widget-text-editor\" data-id=\"ef714e2\" data-element_type=\"widget\" data-widget_type=\"text-editor.default\">\n\t\t\t\t<div class=\"elementor-widget-container\">\n\t\t\t\t\t\t\t<p>Als VOLVAC haben wir vom 31. Oktober bis 3. November 2021 an der EURASIA PACKAGING FAIR teilgenommen. Wir bedanken uns bei allen Teilnehmern, die uns auf dem Messegel\u00e4nde besucht und Informationen zu unseren Modellen erhalten haben.<\/p>\t\t\t\t\t\t<\/div>\n\t\t\t\t<\/div>\n\t\t\t\t\t<\/div>\n\t\t\t\t<\/div>\n\t\t\t\t\t<\/div>\n\t\t\t\t<\/section>\n\t\t\t\t\t<\/div>\n\t\t\t\t<\/div>\n\t\t\t\t\t<\/div>\n\t\t\t\t<\/section>\n\t\t\t\t\t\t\t<\/div>\n\t\t","protected":false},"excerpt":{"rendered":"<p>EURASIA VERPACKUNGSMESSE &#8211; 2022 12 &#8211; 15 OKTOBER 2022 Als VOLVAC werden wir 2022 vom 12. bis 15. Oktober an der EURASIA PACKAGING FAIR teilnehmen. Wir bedanken uns bei allen Teilnehmern, die uns auf dem Messegel\u00e4nde besucht und Informationen zu unseren Modellen erhalten haben. EURASIA VERPACKUNGSMESSE &#8211; 2021 20 &#8211; 23 OKTOBER 2021 Als VOLVAC [&hellip;]<\/p>\n","protected":false},"author":1,"featured_media":0,"parent":0,"menu_order":0,"comment_status":"closed","ping_status":"closed","template":"","meta":{"footnotes":""},"class_list":["post-3896","page","type-page","status-publish","hentry"],"acf":[],"yoast_head":"<!-- This site is optimized with the Yoast SEO Premium plugin v19.5 (Yoast SEO v19.13) - https:\/\/yoast.com\/wordpress\/plugins\/seo\/ -->\n<title>MESSEN - VOLVAC<\/title>\n<meta name=\"robots\" content=\"index, follow, max-snippet:-1, max-image-preview:large, max-video-preview:-1\" \/>\n<link rel=\"canonical\" href=\"https:\/\/volvacgermany.de\/fairs\/\" \/>\n<meta property=\"og:locale\" content=\"de_DE\" \/>\n<meta property=\"og:type\" content=\"article\" \/>\n<meta property=\"og:title\" content=\"MESSEN\" \/>\n<meta property=\"og:description\" content=\"EURASIA VERPACKUNGSMESSE &#8211; 2022 12 &#8211; 15 OKTOBER 2022 Als VOLVAC werden wir 2022 vom 12. bis 15. Oktober an der EURASIA PACKAGING FAIR teilnehmen. Wir bedanken uns bei allen Teilnehmern, die uns auf dem Messegel\u00e4nde besucht und Informationen zu unseren Modellen erhalten haben. EURASIA VERPACKUNGSMESSE &#8211; 2021 20 &#8211; 23 OKTOBER 2021 Als VOLVAC [&hellip;]\" \/>\n<meta property=\"og:url\" content=\"https:\/\/volvacgermany.de\/fairs\/\" \/>\n<meta property=\"og:site_name\" content=\"VOLVAC\" \/>\n<meta property=\"article:modified_time\" content=\"2022-07-29T05:42:13+00:00\" \/>\n<meta property=\"og:image\" content=\"https:\/\/volvacgermany.de\/wp-content\/uploads\/2022\/07\/WebBannereEN.png\" \/>\n<meta name=\"twitter:card\" content=\"summary_large_image\" \/>\n<meta name=\"twitter:label1\" content=\"Gesch\u00e4tzte Lesezeit\" \/>\n\t<meta name=\"twitter:data1\" content=\"2\u00a0Minuten\" \/>\n<script type=\"application\/ld+json\" class=\"yoast-schema-graph\">{\"@context\":\"https:\/\/schema.org\",\"@graph\":[{\"@type\":\"WebPage\",\"@id\":\"https:\/\/volvacgermany.de\/fairs\/\",\"url\":\"https:\/\/volvacgermany.de\/fairs\/\",\"name\":\"MESSEN - VOLVAC\",\"isPartOf\":{\"@id\":\"https:\/\/volvacgermany.de\/#website\"},\"datePublished\":\"2022-05-31T06:01:02+00:00\",\"dateModified\":\"2022-07-29T05:42:13+00:00\",\"breadcrumb\":{\"@id\":\"https:\/\/volvacgermany.de\/fairs\/#breadcrumb\"},\"inLanguage\":\"de\",\"potentialAction\":[{\"@type\":\"ReadAction\",\"target\":[\"https:\/\/volvacgermany.de\/fairs\/\"]}]},{\"@type\":\"BreadcrumbList\",\"@id\":\"https:\/\/volvacgermany.de\/fairs\/#breadcrumb\",\"itemListElement\":[{\"@type\":\"ListItem\",\"position\":1,\"name\":\"Home\",\"item\":\"https:\/\/volvacgermany.de\/\"},{\"@type\":\"ListItem\",\"position\":2,\"name\":\"MESSEN\"}]},{\"@type\":\"WebSite\",\"@id\":\"https:\/\/volvacgermany.de\/#website\",\"url\":\"https:\/\/volvacgermany.de\/\",\"name\":\"VOLVAC\",\"description\":\"Vakum Paketleme Makinas\u0131 \u0130malat\u00e7\u0131s\u0131 (Garantili)\",\"potentialAction\":[{\"@type\":\"SearchAction\",\"target\":{\"@type\":\"EntryPoint\",\"urlTemplate\":\"https:\/\/volvacgermany.de\/?s={search_term_string}\"},\"query-input\":\"required name=search_term_string\"}],\"inLanguage\":\"de\"}]}<\/script>\n<!-- \/ Yoast SEO Premium plugin. -->","yoast_head_json":{"title":"MESSEN - VOLVAC","robots":{"index":"index","follow":"follow","max-snippet":"max-snippet:-1","max-image-preview":"max-image-preview:large","max-video-preview":"max-video-preview:-1"},"canonical":"https:\/\/volvacgermany.de\/fairs\/","og_locale":"de_DE","og_type":"article","og_title":"MESSEN","og_description":"EURASIA VERPACKUNGSMESSE &#8211; 2022 12 &#8211; 15 OKTOBER 2022 Als VOLVAC werden wir 2022 vom 12. bis 15. Oktober an der EURASIA PACKAGING FAIR teilnehmen. Wir bedanken uns bei allen Teilnehmern, die uns auf dem Messegel\u00e4nde besucht und Informationen zu unseren Modellen erhalten haben. EURASIA VERPACKUNGSMESSE &#8211; 2021 20 &#8211; 23 OKTOBER 2021 Als VOLVAC [&hellip;]","og_url":"https:\/\/volvacgermany.de\/fairs\/","og_site_name":"VOLVAC","article_modified_time":"2022-07-29T05:42:13+00:00","og_image":[{"url":"https:\/\/volvacgermany.de\/wp-content\/uploads\/2022\/07\/WebBannereEN.png"}],"twitter_card":"summary_large_image","twitter_misc":{"Gesch\u00e4tzte Lesezeit":"2\u00a0Minuten"},"schema":{"@context":"https:\/\/schema.org","@graph":[{"@type":"WebPage","@id":"https:\/\/volvacgermany.de\/fairs\/","url":"https:\/\/volvacgermany.de\/fairs\/","name":"MESSEN - VOLVAC","isPartOf":{"@id":"https:\/\/volvacgermany.de\/#website"},"datePublished":"2022-05-31T06:01:02+00:00","dateModified":"2022-07-29T05:42:13+00:00","breadcrumb":{"@id":"https:\/\/volvacgermany.de\/fairs\/#breadcrumb"},"inLanguage":"de","potentialAction":[{"@type":"ReadAction","target":["https:\/\/volvacgermany.de\/fairs\/"]}]},{"@type":"BreadcrumbList","@id":"https:\/\/volvacgermany.de\/fairs\/#breadcrumb","itemListElement":[{"@type":"ListItem","position":1,"name":"Home","item":"https:\/\/volvacgermany.de\/"},{"@type":"ListItem","position":2,"name":"MESSEN"}]},{"@type":"WebSite","@id":"https:\/\/volvacgermany.de\/#website","url":"https:\/\/volvacgermany.de\/","name":"VOLVAC","description":"Vakum Paketleme Makinas\u0131 \u0130malat\u00e7\u0131s\u0131 (Garantili)","potentialAction":[{"@type":"SearchAction","target":{"@type":"EntryPoint","urlTemplate":"https:\/\/volvacgermany.de\/?s={search_term_string}"},"query-input":"required name=search_term_string"}],"inLanguage":"de"}]}},"_links":{"self":[{"href":"https:\/\/volvacgermany.de\/de\/wp-json\/wp\/v2\/pages\/3896","targetHints":{"allow":["GET"]}}],"collection":[{"href":"https:\/\/volvacgermany.de\/de\/wp-json\/wp\/v2\/pages"}],"about":[{"href":"https:\/\/volvacgermany.de\/de\/wp-json\/wp\/v2\/types\/page"}],"author":[{"embeddable":true,"href":"https:\/\/volvacgermany.de\/de\/wp-json\/wp\/v2\/users\/1"}],"replies":[{"embeddable":true,"href":"https:\/\/volvacgermany.de\/de\/wp-json\/wp\/v2\/comments?post=3896"}],"version-history":[{"count":0,"href":"https:\/\/volvacgermany.de\/de\/wp-json\/wp\/v2\/pages\/3896\/revisions"}],"wp:attachment":[{"href":"https:\/\/volvacgermany.de\/de\/wp-json\/wp\/v2\/media?parent=3896"}],"curies":[{"name":"wp","href":"https:\/\/api.w.org\/{rel}","templated":true}]}}