{"id":6642,"date":"2022-06-08T09:31:16","date_gmt":"2022-06-08T06:31:16","guid":{"rendered":"https:\/\/volvacgermany.de\/makineler\/tabak-kapatma-makineleri\/tam-otomatik-modeller\/"},"modified":"2023-10-17T11:07:29","modified_gmt":"2023-10-17T08:07:29","slug":"fully-automatic-tray-sealer-models","status":"publish","type":"page","link":"https:\/\/volvacgermany.de\/de\/machines\/tray-sealer-machines\/fully-automatic-tray-sealer-models\/","title":{"rendered":"Vollautomatische Modelle"},"content":{"rendered":"\t\t<div data-elementor-type=\"wp-page\" data-elementor-id=\"6642\" class=\"elementor elementor-6642 elementor-2380\">\n\t\t\t\t\t\t\t\t\t<section data-particle_enable=\"false\" data-particle-mobile-disabled=\"false\" class=\"elementor-section elementor-top-section elementor-element elementor-element-1e918a3 elementor-section-boxed elementor-section-height-default elementor-section-height-default\" data-id=\"1e918a3\" data-element_type=\"section\" data-settings=\"{&quot;background_background&quot;:&quot;classic&quot;}\">\n\t\t\n\t\t\t\t\t\t\t<div class=\"elementor-container elementor-column-gap-default\">\n\t\t\t\t\t\t\t\t\t\t\t<div class=\"elementor-column elementor-col-100 elementor-top-column elementor-element elementor-element-bc389f4\" data-id=\"bc389f4\" data-element_type=\"column\">\n\t\t\t\t\t<div class=\"elementor-widget-wrap elementor-element-populated\">\n\t\t\t\t\t\t\t\t<div class=\"elementor-element elementor-element-470105c elementor-position-top elementor-vertical-align-top elementor-widget elementor-widget-image-box\" data-id=\"470105c\" data-element_type=\"widget\" data-widget_type=\"image-box.default\">\n\t\t\t\t<div class=\"elementor-widget-container\">\n\t\t\t<style>.elementor-widget-image-box .elementor-image-box-content{width:100%}@media (min-width:768px){.elementor-widget-image-box.elementor-position-left .elementor-image-box-wrapper,.elementor-widget-image-box.elementor-position-right .elementor-image-box-wrapper{display:flex}.elementor-widget-image-box.elementor-position-right .elementor-image-box-wrapper{text-align:right;flex-direction:row-reverse}.elementor-widget-image-box.elementor-position-left .elementor-image-box-wrapper{text-align:left;flex-direction:row}.elementor-widget-image-box.elementor-position-top .elementor-image-box-img{margin:auto}.elementor-widget-image-box.elementor-vertical-align-top .elementor-image-box-wrapper{align-items:flex-start}.elementor-widget-image-box.elementor-vertical-align-middle .elementor-image-box-wrapper{align-items:center}.elementor-widget-image-box.elementor-vertical-align-bottom .elementor-image-box-wrapper{align-items:flex-end}}@media (max-width:767px){.elementor-widget-image-box .elementor-image-box-img{margin-left:auto!important;margin-right:auto!important;margin-bottom:15px}}.elementor-widget-image-box .elementor-image-box-img{display:inline-block}.elementor-widget-image-box .elementor-image-box-title a{color:inherit}.elementor-widget-image-box .elementor-image-box-wrapper{text-align:center}.elementor-widget-image-box .elementor-image-box-description{margin:0}<\/style><div class=\"elementor-image-box-wrapper\"><figure class=\"elementor-image-box-img\"><img loading=\"lazy\" decoding=\"async\" width=\"500\" height=\"128\" src=\"https:\/\/volvacgermany.de\/wp-content\/uploads\/2022\/02\/tabak.png\" class=\"attachment-large size-large wp-image-571\" alt=\"\" \/><\/figure><div class=\"elementor-image-box-content\"><p class=\"elementor-image-box-description\">Sie k\u00f6nnen den Plattenschlie\u00dfprozess mit unseren Formen durchf\u00fchren, die entsprechend Ihrer Plattengr\u00f6\u00dfe vorbereitet sind. Sehen Sie sich unsere Schalenverschlusssysteme f\u00fcr mehrere Formgr\u00f6\u00dfen an.<\/p><\/div><\/div>\t\t<\/div>\n\t\t\t\t<\/div>\n\t\t\t\t\t<\/div>\n\t\t\t\t<\/div>\n\t\t\t\t\t<\/div>\n\t\t\t\t<\/section>\n\t\t\t\t<section data-particle_enable=\"false\" data-particle-mobile-disabled=\"false\" class=\"elementor-section elementor-top-section elementor-element elementor-element-6dba6a1 elementor-section-boxed elementor-section-height-default elementor-section-height-default\" data-id=\"6dba6a1\" data-element_type=\"section\" data-settings=\"{&quot;background_background&quot;:&quot;classic&quot;}\">\n\t\t\n\t\t\t\t\t\t\t<div class=\"elementor-container elementor-column-gap-default\">\n\t\t\t\t\t\t\t\t\t\t\t<div class=\"elementor-column elementor-col-33 elementor-top-column elementor-element elementor-element-a22f57d\" data-id=\"a22f57d\" data-element_type=\"column\">\n\t\t\t\t\t<div class=\"elementor-widget-wrap elementor-element-populated\">\n\t\t\t\t\t\t\t\t<div class=\"elementor-element elementor-element-d725892 elementor-position-top elementor-vertical-align-top elementor-widget elementor-widget-image-box\" data-id=\"d725892\" data-element_type=\"widget\" data-widget_type=\"image-box.default\">\n\t\t\t\t<div class=\"elementor-widget-container\">\n\t\t\t<div class=\"elementor-image-box-wrapper\"><figure class=\"elementor-image-box-img\"><a href=\"https:\/\/volvacgermany.de\/de\/machines\/tray-sealer-machines\/fully-automatic-tray-sealer-models\/volvac-e30-pro\/\"><img loading=\"lazy\" decoding=\"async\" width=\"500\" height=\"500\" src=\"https:\/\/volvacgermany.de\/wp-content\/uploads\/2023\/03\/1-q0vohgk9oc6m433cd6vwsk9iuyk76o6nccuclmg0ls-removebg-preview.png\" class=\"attachment-medium_large size-medium_large wp-image-9432\" alt=\"\" srcset=\"https:\/\/volvacgermany.de\/wp-content\/uploads\/2023\/03\/1-q0vohgk9oc6m433cd6vwsk9iuyk76o6nccuclmg0ls-removebg-preview.png 500w, https:\/\/volvacgermany.de\/wp-content\/uploads\/2023\/03\/1-q0vohgk9oc6m433cd6vwsk9iuyk76o6nccuclmg0ls-removebg-preview-400x400.png 400w\" sizes=\"auto, (max-width: 500px) 100vw, 500px\" \/><\/a><\/figure><div class=\"elementor-image-box-content\"><h3 class=\"elementor-image-box-title\"><a href=\"https:\/\/volvacgermany.de\/de\/machines\/tray-sealer-machines\/fully-automatic-tray-sealer-models\/volvac-e30-pro\/\">VOLVAC E30 PRO<\/a><\/h3><\/div><\/div>\t\t<\/div>\n\t\t\t\t<\/div>\n\t\t\t\t<div class=\"elementor-element elementor-element-03f83d9 elementor-position-top elementor-vertical-align-top elementor-widget elementor-widget-image-box\" data-id=\"03f83d9\" data-element_type=\"widget\" data-widget_type=\"image-box.default\">\n\t\t\t\t<div class=\"elementor-widget-container\">\n\t\t\t<div class=\"elementor-image-box-wrapper\"><figure class=\"elementor-image-box-img\"><a href=\"https:\/\/volvacgermany.de\/de\/machines\/tray-sealer-machines\/fully-automatic-tray-sealer-models\/volvac-e30\/\"><img loading=\"lazy\" decoding=\"async\" width=\"651\" height=\"432\" src=\"https:\/\/volvacgermany.de\/wp-content\/uploads\/2022\/02\/11.jpg\" class=\"attachment-large size-large wp-image-1039\" alt=\"\" \/><\/a><\/figure><div class=\"elementor-image-box-content\"><h3 class=\"elementor-image-box-title\"><a href=\"https:\/\/volvacgermany.de\/de\/machines\/tray-sealer-machines\/fully-automatic-tray-sealer-models\/volvac-e30\/\">VOLVAC E30<\/a><\/h3><\/div><\/div>\t\t<\/div>\n\t\t\t\t<\/div>\n\t\t\t\t\t<\/div>\n\t\t\t\t<\/div>\n\t\t\t\t<div class=\"elementor-column elementor-col-33 elementor-top-column elementor-element elementor-element-3904293\" data-id=\"3904293\" data-element_type=\"column\">\n\t\t\t\t\t<div class=\"elementor-widget-wrap elementor-element-populated\">\n\t\t\t\t\t\t\t\t<div class=\"elementor-element elementor-element-e39c48f elementor-position-top elementor-vertical-align-top elementor-widget elementor-widget-image-box\" data-id=\"e39c48f\" data-element_type=\"widget\" data-widget_type=\"image-box.default\">\n\t\t\t\t<div class=\"elementor-widget-container\">\n\t\t\t<div class=\"elementor-image-box-wrapper\"><figure class=\"elementor-image-box-img\"><a href=\"https:\/\/volvacgermany.de\/de\/machines\/tray-sealer-machines\/fully-automatic-tray-sealer-models\/volvac-e35-pro\/\"><img loading=\"lazy\" decoding=\"async\" width=\"500\" height=\"500\" src=\"https:\/\/volvacgermany.de\/wp-content\/uploads\/2023\/03\/11-q0vpjtd6jyotv9dne9qv1dtnhziea1gca76ml3kopc-removebg-preview-1.png\" class=\"attachment-large size-large wp-image-9427\" alt=\"\" srcset=\"https:\/\/volvacgermany.de\/wp-content\/uploads\/2023\/03\/11-q0vpjtd6jyotv9dne9qv1dtnhziea1gca76ml3kopc-removebg-preview-1.png 500w, https:\/\/volvacgermany.de\/wp-content\/uploads\/2023\/03\/11-q0vpjtd6jyotv9dne9qv1dtnhziea1gca76ml3kopc-removebg-preview-1-400x400.png 400w\" sizes=\"auto, (max-width: 500px) 100vw, 500px\" \/><\/a><\/figure><div class=\"elementor-image-box-content\"><h3 class=\"elementor-image-box-title\"><a href=\"https:\/\/volvacgermany.de\/de\/machines\/tray-sealer-machines\/fully-automatic-tray-sealer-models\/volvac-e35-pro\/\">VOLVAC E35 PRO<\/a><\/h3><\/div><\/div>\t\t<\/div>\n\t\t\t\t<\/div>\n\t\t\t\t<div class=\"elementor-element elementor-element-2c9dd1b elementor-position-top elementor-vertical-align-top elementor-widget elementor-widget-image-box\" data-id=\"2c9dd1b\" data-element_type=\"widget\" data-widget_type=\"image-box.default\">\n\t\t\t\t<div class=\"elementor-widget-container\">\n\t\t\t<div class=\"elementor-image-box-wrapper\"><figure class=\"elementor-image-box-img\"><a href=\"https:\/\/volvacgermany.de\/de\/machines\/tray-sealer-machines\/fully-automatic-tray-sealer-models\/volvac-e35\/\"><img loading=\"lazy\" decoding=\"async\" width=\"651\" height=\"432\" src=\"https:\/\/volvacgermany.de\/wp-content\/uploads\/2022\/02\/11.jpg\" class=\"attachment-large size-large wp-image-1039\" alt=\"\" \/><\/a><\/figure><div class=\"elementor-image-box-content\"><h3 class=\"elementor-image-box-title\"><a href=\"https:\/\/volvacgermany.de\/de\/machines\/tray-sealer-machines\/fully-automatic-tray-sealer-models\/volvac-e35\/\">VOLVAC E35<\/a><\/h3><\/div><\/div>\t\t<\/div>\n\t\t\t\t<\/div>\n\t\t\t\t\t<\/div>\n\t\t\t\t<\/div>\n\t\t\t\t<div class=\"elementor-column elementor-col-33 elementor-top-column elementor-element elementor-element-e3803d5\" data-id=\"e3803d5\" data-element_type=\"column\">\n\t\t\t\t\t<div class=\"elementor-widget-wrap elementor-element-populated\">\n\t\t\t\t\t\t\t\t<div class=\"elementor-element elementor-element-10c4456 elementor-position-top elementor-vertical-align-top elementor-widget elementor-widget-image-box\" data-id=\"10c4456\" data-element_type=\"widget\" data-widget_type=\"image-box.default\">\n\t\t\t\t<div class=\"elementor-widget-container\">\n\t\t\t<div class=\"elementor-image-box-wrapper\"><figure class=\"elementor-image-box-img\"><a href=\"https:\/\/volvacgermany.de\/de\/machines\/tray-sealer-machines\/fully-automatic-tray-sealer-models\/volvac-e35-pro\/\"><img loading=\"lazy\" decoding=\"async\" width=\"500\" height=\"500\" src=\"https:\/\/volvacgermany.de\/wp-content\/uploads\/2023\/10\/Adsiz-tasarim-7.png\" class=\"attachment-large size-large wp-image-12314\" alt=\"\" srcset=\"https:\/\/volvacgermany.de\/wp-content\/uploads\/2023\/10\/Adsiz-tasarim-7.png 500w, https:\/\/volvacgermany.de\/wp-content\/uploads\/2023\/10\/Adsiz-tasarim-7-400x400.png 400w\" sizes=\"auto, (max-width: 500px) 100vw, 500px\" \/><\/a><\/figure><div class=\"elementor-image-box-content\"><h3 class=\"elementor-image-box-title\"><a href=\"https:\/\/volvacgermany.de\/de\/machines\/tray-sealer-machines\/fully-automatic-tray-sealer-models\/volvac-e35-pro\/\">VOLVAC E42 PRO<\/a><\/h3><\/div><\/div>\t\t<\/div>\n\t\t\t\t<\/div>\n\t\t\t\t<div class=\"elementor-element elementor-element-2eb82f7 elementor-position-top elementor-vertical-align-top elementor-widget elementor-widget-image-box\" data-id=\"2eb82f7\" data-element_type=\"widget\" data-widget_type=\"image-box.default\">\n\t\t\t\t<div class=\"elementor-widget-container\">\n\t\t\t<div class=\"elementor-image-box-wrapper\"><figure class=\"elementor-image-box-img\"><a href=\"https:\/\/volvacgermany.de\/de\/machines\/tray-sealer-machines\/fully-automatic-tray-sealer-models\/volvac-e42\/\"><img loading=\"lazy\" decoding=\"async\" width=\"1024\" height=\"518\" src=\"https:\/\/volvacgermany.de\/wp-content\/uploads\/2022\/06\/e422.png\" class=\"attachment-large size-large wp-image-4207\" alt=\"\" \/><\/a><\/figure><div class=\"elementor-image-box-content\"><h3 class=\"elementor-image-box-title\"><a href=\"https:\/\/volvacgermany.de\/de\/machines\/tray-sealer-machines\/fully-automatic-tray-sealer-models\/volvac-e42\/\">VOLVAC E42<\/a><\/h3><\/div><\/div>\t\t<\/div>\n\t\t\t\t<\/div>\n\t\t\t\t\t<\/div>\n\t\t\t\t<\/div>\n\t\t\t\t\t<\/div>\n\t\t\t\t<\/section>\n\t\t\t\t<section data-particle_enable=\"false\" data-particle-mobile-disabled=\"false\" class=\"elementor-section elementor-top-section elementor-element elementor-element-7f1923d elementor-section-boxed elementor-section-height-default elementor-section-height-default\" data-id=\"7f1923d\" data-element_type=\"section\" data-settings=\"{&quot;background_background&quot;:&quot;classic&quot;}\">\n\t\t\n\t\t\t\t\t\t\t<div class=\"elementor-container elementor-column-gap-default\">\n\t\t\t\t\t\t\t\t\t\t\t<div class=\"elementor-column elementor-col-100 elementor-top-column elementor-element elementor-element-14f5bfe\" data-id=\"14f5bfe\" data-element_type=\"column\">\n\t\t\t\t\t<div class=\"elementor-widget-wrap elementor-element-populated\">\n\t\t\t\t\t\t\t\t<section data-particle_enable=\"false\" data-particle-mobile-disabled=\"false\" class=\"elementor-section elementor-inner-section elementor-element elementor-element-dc1dd16 elementor-section-boxed elementor-section-height-default elementor-section-height-default\" data-id=\"dc1dd16\" data-element_type=\"section\">\n\t\t\n\t\t\t\t\t\t\t<div class=\"elementor-container elementor-column-gap-default\">\n\t\t\t\t\t\t\t\t\t\t\t<div class=\"elementor-column elementor-col-50 elementor-inner-column elementor-element elementor-element-90a128b\" data-id=\"90a128b\" data-element_type=\"column\">\n\t\t\t\t\t<div class=\"elementor-widget-wrap elementor-element-populated\">\n\t\t\t\t\t\t\t\t<div class=\"elementor-element elementor-element-dadbc92 elementor-aspect-ratio-169 elementor-widget elementor-widget-video\" data-id=\"dadbc92\" data-element_type=\"widget\" data-settings=\"{&quot;youtube_url&quot;:&quot;https:\\\/\\\/www.youtube.com\\\/watch?v=-iB1LlRlfBA&quot;,&quot;loop&quot;:&quot;yes&quot;,&quot;video_type&quot;:&quot;youtube&quot;,&quot;aspect_ratio&quot;:&quot;169&quot;}\" data-widget_type=\"video.default\">\n\t\t\t\t<div class=\"elementor-widget-container\">\n\t\t\t<style>\/*! elementor - v3.9.2 - 21-12-2022 *\/\n.elementor-widget-video .elementor-widget-container{overflow:hidden;transform:translateZ(0)}.elementor-widget-video .elementor-open-inline .elementor-custom-embed-image-overlay{position:absolute;top:0;left:0;width:100%;height:100%;background-size:cover;background-position:50%}.elementor-widget-video .elementor-custom-embed-image-overlay{cursor:pointer;text-align:center}.elementor-widget-video .elementor-custom-embed-image-overlay:hover .elementor-custom-embed-play i{opacity:1}.elementor-widget-video .elementor-custom-embed-image-overlay img{display:block;width:100%}.elementor-widget-video .e-hosted-video .elementor-video{-o-object-fit:cover;object-fit:cover}.e-con-inner>.elementor-widget-video,.e-con>.elementor-widget-video{width:var(--container-widget-width);--flex-grow:var(--container-widget-flex-grow)}<\/style>\t\t<div class=\"elementor-wrapper elementor-fit-aspect-ratio elementor-open-inline\">\n\t\t\t<div class=\"elementor-video\"><\/div>\t\t<\/div>\n\t\t\t\t<\/div>\n\t\t\t\t<\/div>\n\t\t\t\t\t<\/div>\n\t\t\t\t<\/div>\n\t\t\t\t<div class=\"elementor-column elementor-col-50 elementor-inner-column elementor-element elementor-element-1ee5eca\" data-id=\"1ee5eca\" data-element_type=\"column\">\n\t\t\t\t\t<div class=\"elementor-widget-wrap elementor-element-populated\">\n\t\t\t\t\t\t\t\t<div class=\"elementor-element elementor-element-36e623e elementor-aspect-ratio-169 elementor-widget elementor-widget-video\" data-id=\"36e623e\" data-element_type=\"widget\" data-settings=\"{&quot;youtube_url&quot;:&quot;https:\\\/\\\/www.youtube.com\\\/watch?v=LznxABF4NuQ&quot;,&quot;loop&quot;:&quot;yes&quot;,&quot;video_type&quot;:&quot;youtube&quot;,&quot;aspect_ratio&quot;:&quot;169&quot;}\" data-widget_type=\"video.default\">\n\t\t\t\t<div class=\"elementor-widget-container\">\n\t\t\t\t\t<div class=\"elementor-wrapper elementor-fit-aspect-ratio elementor-open-inline\">\n\t\t\t<div class=\"elementor-video\"><\/div>\t\t<\/div>\n\t\t\t\t<\/div>\n\t\t\t\t<\/div>\n\t\t\t\t\t<\/div>\n\t\t\t\t<\/div>\n\t\t\t\t\t<\/div>\n\t\t\t\t<\/section>\n\t\t\t\t\t<\/div>\n\t\t\t\t<\/div>\n\t\t\t\t\t<\/div>\n\t\t\t\t<\/section>\n\t\t\t\t\t\t\t<\/div>\n\t\t","protected":false},"excerpt":{"rendered":"<p>Sie k\u00f6nnen den Plattenschlie\u00dfprozess mit unseren Formen durchf\u00fchren, die entsprechend Ihrer Plattengr\u00f6\u00dfe vorbereitet sind. Sehen Sie sich unsere Schalenverschlusssysteme f\u00fcr mehrere Formgr\u00f6\u00dfen an. VOLVAC E30 PRO VOLVAC E30 VOLVAC E35 PRO VOLVAC E35 VOLVAC E42 PRO VOLVAC E42 https:\/\/www.youtube.com\/watch?v=-iB1LlRlfBAhttps:\/\/www.youtube.com\/watch?v=LznxABF4NuQ<\/p>\n","protected":false},"author":1,"featured_media":0,"parent":6570,"menu_order":0,"comment_status":"closed","ping_status":"closed","template":"","meta":{"footnotes":""},"class_list":["post-6642","page","type-page","status-publish","hentry"],"acf":[],"yoast_head":"<!-- This site is optimized with the Yoast SEO Premium plugin v19.5 (Yoast SEO v19.13) - https:\/\/yoast.com\/wordpress\/plugins\/seo\/ -->\n<title>Vollautomatische Modelle - VOLVAC<\/title>\n<meta name=\"robots\" content=\"index, follow, max-snippet:-1, max-image-preview:large, max-video-preview:-1\" \/>\n<link rel=\"canonical\" href=\"https:\/\/volvacgermany.de\/machines\/tray-sealer-machines\/fully-automatic-tray-sealer-models\/\" \/>\n<meta property=\"og:locale\" content=\"de_DE\" \/>\n<meta property=\"og:type\" content=\"article\" \/>\n<meta property=\"og:title\" content=\"Vollautomatische Modelle\" \/>\n<meta property=\"og:description\" content=\"Sie k\u00f6nnen den Plattenschlie\u00dfprozess mit unseren Formen durchf\u00fchren, die entsprechend Ihrer Plattengr\u00f6\u00dfe vorbereitet sind. Sehen Sie sich unsere Schalenverschlusssysteme f\u00fcr mehrere Formgr\u00f6\u00dfen an. VOLVAC E30 PRO VOLVAC E30 VOLVAC E35 PRO VOLVAC E35 VOLVAC E42 PRO VOLVAC E42 https:\/\/www.youtube.com\/watch?v=-iB1LlRlfBAhttps:\/\/www.youtube.com\/watch?v=LznxABF4NuQ\" \/>\n<meta property=\"og:url\" content=\"https:\/\/volvacgermany.de\/machines\/tray-sealer-machines\/fully-automatic-tray-sealer-models\/\" \/>\n<meta property=\"og:site_name\" content=\"VOLVAC\" \/>\n<meta property=\"article:modified_time\" content=\"2023-10-17T08:07:29+00:00\" \/>\n<meta property=\"og:image\" content=\"https:\/\/volvacgermany.de\/wp-content\/uploads\/2022\/02\/tabak.png\" \/>\n<meta name=\"twitter:card\" content=\"summary_large_image\" \/>\n<meta name=\"twitter:label1\" content=\"Gesch\u00e4tzte Lesezeit\" \/>\n\t<meta name=\"twitter:data1\" content=\"2\u00a0Minuten\" \/>\n<script type=\"application\/ld+json\" class=\"yoast-schema-graph\">{\"@context\":\"https:\/\/schema.org\",\"@graph\":[{\"@type\":\"WebPage\",\"@id\":\"https:\/\/volvacgermany.de\/machines\/tray-sealer-machines\/fully-automatic-tray-sealer-models\/\",\"url\":\"https:\/\/volvacgermany.de\/machines\/tray-sealer-machines\/fully-automatic-tray-sealer-models\/\",\"name\":\"Vollautomatische Modelle - VOLVAC\",\"isPartOf\":{\"@id\":\"https:\/\/volvacgermany.de\/#website\"},\"datePublished\":\"2022-06-08T06:31:16+00:00\",\"dateModified\":\"2023-10-17T08:07:29+00:00\",\"breadcrumb\":{\"@id\":\"https:\/\/volvacgermany.de\/machines\/tray-sealer-machines\/fully-automatic-tray-sealer-models\/#breadcrumb\"},\"inLanguage\":\"de\",\"potentialAction\":[{\"@type\":\"ReadAction\",\"target\":[\"https:\/\/volvacgermany.de\/machines\/tray-sealer-machines\/fully-automatic-tray-sealer-models\/\"]}]},{\"@type\":\"BreadcrumbList\",\"@id\":\"https:\/\/volvacgermany.de\/machines\/tray-sealer-machines\/fully-automatic-tray-sealer-models\/#breadcrumb\",\"itemListElement\":[{\"@type\":\"ListItem\",\"position\":1,\"name\":\"Home\",\"item\":\"https:\/\/volvacgermany.de\/\"},{\"@type\":\"ListItem\",\"position\":2,\"name\":\"MASCHINEN\",\"item\":\"https:\/\/volvacgermany.de\/machines\/\"},{\"@type\":\"ListItem\",\"position\":3,\"name\":\"Schalenversiegelungsmaschinen\",\"item\":\"https:\/\/volvacgermany.de\/machines\/tray-sealer-machines\/\"},{\"@type\":\"ListItem\",\"position\":4,\"name\":\"Vollautomatische Modelle\"}]},{\"@type\":\"WebSite\",\"@id\":\"https:\/\/volvacgermany.de\/#website\",\"url\":\"https:\/\/volvacgermany.de\/\",\"name\":\"VOLVAC\",\"description\":\"Vakum Paketleme Makinas\u0131 \u0130malat\u00e7\u0131s\u0131 (Garantili)\",\"potentialAction\":[{\"@type\":\"SearchAction\",\"target\":{\"@type\":\"EntryPoint\",\"urlTemplate\":\"https:\/\/volvacgermany.de\/?s={search_term_string}\"},\"query-input\":\"required name=search_term_string\"}],\"inLanguage\":\"de\"}]}<\/script>\n<!-- \/ Yoast SEO Premium plugin. -->","yoast_head_json":{"title":"Vollautomatische Modelle - VOLVAC","robots":{"index":"index","follow":"follow","max-snippet":"max-snippet:-1","max-image-preview":"max-image-preview:large","max-video-preview":"max-video-preview:-1"},"canonical":"https:\/\/volvacgermany.de\/machines\/tray-sealer-machines\/fully-automatic-tray-sealer-models\/","og_locale":"de_DE","og_type":"article","og_title":"Vollautomatische Modelle","og_description":"Sie k\u00f6nnen den Plattenschlie\u00dfprozess mit unseren Formen durchf\u00fchren, die entsprechend Ihrer Plattengr\u00f6\u00dfe vorbereitet sind. Sehen Sie sich unsere Schalenverschlusssysteme f\u00fcr mehrere Formgr\u00f6\u00dfen an. VOLVAC E30 PRO VOLVAC E30 VOLVAC E35 PRO VOLVAC E35 VOLVAC E42 PRO VOLVAC E42 https:\/\/www.youtube.com\/watch?v=-iB1LlRlfBAhttps:\/\/www.youtube.com\/watch?v=LznxABF4NuQ","og_url":"https:\/\/volvacgermany.de\/machines\/tray-sealer-machines\/fully-automatic-tray-sealer-models\/","og_site_name":"VOLVAC","article_modified_time":"2023-10-17T08:07:29+00:00","og_image":[{"url":"https:\/\/volvacgermany.de\/wp-content\/uploads\/2022\/02\/tabak.png"}],"twitter_card":"summary_large_image","twitter_misc":{"Gesch\u00e4tzte Lesezeit":"2\u00a0Minuten"},"schema":{"@context":"https:\/\/schema.org","@graph":[{"@type":"WebPage","@id":"https:\/\/volvacgermany.de\/machines\/tray-sealer-machines\/fully-automatic-tray-sealer-models\/","url":"https:\/\/volvacgermany.de\/machines\/tray-sealer-machines\/fully-automatic-tray-sealer-models\/","name":"Vollautomatische Modelle - VOLVAC","isPartOf":{"@id":"https:\/\/volvacgermany.de\/#website"},"datePublished":"2022-06-08T06:31:16+00:00","dateModified":"2023-10-17T08:07:29+00:00","breadcrumb":{"@id":"https:\/\/volvacgermany.de\/machines\/tray-sealer-machines\/fully-automatic-tray-sealer-models\/#breadcrumb"},"inLanguage":"de","potentialAction":[{"@type":"ReadAction","target":["https:\/\/volvacgermany.de\/machines\/tray-sealer-machines\/fully-automatic-tray-sealer-models\/"]}]},{"@type":"BreadcrumbList","@id":"https:\/\/volvacgermany.de\/machines\/tray-sealer-machines\/fully-automatic-tray-sealer-models\/#breadcrumb","itemListElement":[{"@type":"ListItem","position":1,"name":"Home","item":"https:\/\/volvacgermany.de\/"},{"@type":"ListItem","position":2,"name":"MASCHINEN","item":"https:\/\/volvacgermany.de\/machines\/"},{"@type":"ListItem","position":3,"name":"Schalenversiegelungsmaschinen","item":"https:\/\/volvacgermany.de\/machines\/tray-sealer-machines\/"},{"@type":"ListItem","position":4,"name":"Vollautomatische Modelle"}]},{"@type":"WebSite","@id":"https:\/\/volvacgermany.de\/#website","url":"https:\/\/volvacgermany.de\/","name":"VOLVAC","description":"Vakum Paketleme Makinas\u0131 \u0130malat\u00e7\u0131s\u0131 (Garantili)","potentialAction":[{"@type":"SearchAction","target":{"@type":"EntryPoint","urlTemplate":"https:\/\/volvacgermany.de\/?s={search_term_string}"},"query-input":"required name=search_term_string"}],"inLanguage":"de"}]}},"_links":{"self":[{"href":"https:\/\/volvacgermany.de\/de\/wp-json\/wp\/v2\/pages\/6642","targetHints":{"allow":["GET"]}}],"collection":[{"href":"https:\/\/volvacgermany.de\/de\/wp-json\/wp\/v2\/pages"}],"about":[{"href":"https:\/\/volvacgermany.de\/de\/wp-json\/wp\/v2\/types\/page"}],"author":[{"embeddable":true,"href":"https:\/\/volvacgermany.de\/de\/wp-json\/wp\/v2\/users\/1"}],"replies":[{"embeddable":true,"href":"https:\/\/volvacgermany.de\/de\/wp-json\/wp\/v2\/comments?post=6642"}],"version-history":[{"count":9,"href":"https:\/\/volvacgermany.de\/de\/wp-json\/wp\/v2\/pages\/6642\/revisions"}],"predecessor-version":[{"id":12324,"href":"https:\/\/volvacgermany.de\/de\/wp-json\/wp\/v2\/pages\/6642\/revisions\/12324"}],"up":[{"embeddable":true,"href":"https:\/\/volvacgermany.de\/de\/wp-json\/wp\/v2\/pages\/6570"}],"wp:attachment":[{"href":"https:\/\/volvacgermany.de\/de\/wp-json\/wp\/v2\/media?parent=6642"}],"curies":[{"name":"wp","href":"https:\/\/api.w.org\/{rel}","templated":true}]}}