{"id":6718,"date":"2022-06-08T10:45:08","date_gmt":"2022-06-08T07:45:08","guid":{"rendered":"https:\/\/volvacgermany.de\/makineler\/vakum-paketleme-makineleri\/"},"modified":"2022-06-15T12:21:24","modified_gmt":"2022-06-15T09:21:24","slug":"vacuum-packaging-machines","status":"publish","type":"page","link":"https:\/\/volvacgermany.de\/de\/machines\/vacuum-packaging-machines\/","title":{"rendered":"Vakuumverpackungsmaschinen"},"content":{"rendered":"\t\t<div data-elementor-type=\"wp-page\" data-elementor-id=\"6718\" class=\"elementor elementor-6718 elementor-1791\">\n\t\t\t\t\t\t\t\t\t<section data-particle_enable=\"false\" data-particle-mobile-disabled=\"false\" class=\"elementor-section elementor-top-section elementor-element elementor-element-f6edb4b elementor-section-boxed elementor-section-height-default elementor-section-height-default\" data-id=\"f6edb4b\" data-element_type=\"section\" data-settings=\"{&quot;background_background&quot;:&quot;classic&quot;}\">\n\t\t\n\t\t\t\t\t\t\t<div class=\"elementor-container elementor-column-gap-default\">\n\t\t\t\t\t\t\t\t\t\t\t<div class=\"elementor-column elementor-col-100 elementor-top-column elementor-element elementor-element-a4518da\" data-id=\"a4518da\" data-element_type=\"column\">\n\t\t\t\t\t<div class=\"elementor-widget-wrap elementor-element-populated\">\n\t\t\t\t\t\t\t\t<div class=\"elementor-element elementor-element-ebde3d7 elementor-position-top elementor-vertical-align-top elementor-widget elementor-widget-image-box\" data-id=\"ebde3d7\" data-element_type=\"widget\" data-widget_type=\"image-box.default\">\n\t\t\t\t<div class=\"elementor-widget-container\">\n\t\t\t<style>.elementor-widget-image-box .elementor-image-box-content{width:100%}@media (min-width:768px){.elementor-widget-image-box.elementor-position-left .elementor-image-box-wrapper,.elementor-widget-image-box.elementor-position-right .elementor-image-box-wrapper{display:flex}.elementor-widget-image-box.elementor-position-right .elementor-image-box-wrapper{text-align:right;flex-direction:row-reverse}.elementor-widget-image-box.elementor-position-left .elementor-image-box-wrapper{text-align:left;flex-direction:row}.elementor-widget-image-box.elementor-position-top .elementor-image-box-img{margin:auto}.elementor-widget-image-box.elementor-vertical-align-top .elementor-image-box-wrapper{align-items:flex-start}.elementor-widget-image-box.elementor-vertical-align-middle .elementor-image-box-wrapper{align-items:center}.elementor-widget-image-box.elementor-vertical-align-bottom .elementor-image-box-wrapper{align-items:flex-end}}@media (max-width:767px){.elementor-widget-image-box .elementor-image-box-img{margin-left:auto!important;margin-right:auto!important;margin-bottom:15px}}.elementor-widget-image-box .elementor-image-box-img{display:inline-block}.elementor-widget-image-box .elementor-image-box-title a{color:inherit}.elementor-widget-image-box .elementor-image-box-wrapper{text-align:center}.elementor-widget-image-box .elementor-image-box-description{margin:0}<\/style><div class=\"elementor-image-box-wrapper\"><figure class=\"elementor-image-box-img\"><img loading=\"lazy\" decoding=\"async\" width=\"500\" height=\"128\" src=\"https:\/\/volvacgermany.de\/wp-content\/uploads\/2022\/02\/vakum.png\" class=\"attachment-large size-large wp-image-573\" alt=\"\" \/><\/figure><div class=\"elementor-image-box-content\"><p class=\"elementor-image-box-description\">Sehen Sie sich alle Maschinenmodelle an, die f\u00fcr Vakuumbeutel geeignet sind. Wir haben Modelle, die f\u00fcr kleine, mittlere und gro\u00dfe Vakuumbeutel geeignet sind.<\/p><\/div><\/div>\t\t<\/div>\n\t\t\t\t<\/div>\n\t\t\t\t\t<\/div>\n\t\t\t\t<\/div>\n\t\t\t\t\t<\/div>\n\t\t\t\t<\/section>\n\t\t\t\t<section data-particle_enable=\"false\" data-particle-mobile-disabled=\"false\" class=\"elementor-section elementor-top-section elementor-element elementor-element-b8cf57d elementor-section-boxed elementor-section-height-default elementor-section-height-default\" data-id=\"b8cf57d\" data-element_type=\"section\" data-settings=\"{&quot;background_background&quot;:&quot;classic&quot;}\">\n\t\t\n\t\t\t\t\t\t\t<div class=\"elementor-container elementor-column-gap-default\">\n\t\t\t\t\t\t\t\t\t\t\t<div class=\"elementor-column elementor-col-33 elementor-top-column elementor-element elementor-element-ca2327a\" data-id=\"ca2327a\" data-element_type=\"column\">\n\t\t\t\t\t<div class=\"elementor-widget-wrap elementor-element-populated\">\n\t\t\t\t\t\t\t\t<div class=\"elementor-element elementor-element-813fa9e elementor-position-top elementor-vertical-align-top elementor-widget elementor-widget-image-box\" data-id=\"813fa9e\" data-element_type=\"widget\" data-widget_type=\"image-box.default\">\n\t\t\t\t<div class=\"elementor-widget-container\">\n\t\t\t<div class=\"elementor-image-box-wrapper\"><figure class=\"elementor-image-box-img\"><a href=\"https:\/\/volvacgermany.de\/de\/machines\/vacuum-packaging-machines\/table-top-models\/\"><img loading=\"lazy\" decoding=\"async\" width=\"651\" height=\"432\" src=\"https:\/\/volvacgermany.de\/wp-content\/uploads\/2022\/02\/5.jpg\" class=\"attachment-medium_large size-medium_large wp-image-1033\" alt=\"\" \/><\/a><\/figure><div class=\"elementor-image-box-content\"><h3 class=\"elementor-image-box-title\"><a href=\"https:\/\/volvacgermany.de\/de\/machines\/vacuum-packaging-machines\/table-top-models\/\">COUNTER-TOP-MODELLE<\/a><\/h3><\/div><\/div>\t\t<\/div>\n\t\t\t\t<\/div>\n\t\t\t\t\t<\/div>\n\t\t\t\t<\/div>\n\t\t\t\t<div class=\"elementor-column elementor-col-33 elementor-top-column elementor-element elementor-element-ae6fa3c\" data-id=\"ae6fa3c\" data-element_type=\"column\">\n\t\t\t\t\t<div class=\"elementor-widget-wrap elementor-element-populated\">\n\t\t\t\t\t\t\t\t<div class=\"elementor-element elementor-element-67342a9 elementor-position-top elementor-vertical-align-top elementor-widget elementor-widget-image-box\" data-id=\"67342a9\" data-element_type=\"widget\" data-widget_type=\"image-box.default\">\n\t\t\t\t<div class=\"elementor-widget-container\">\n\t\t\t<div class=\"elementor-image-box-wrapper\"><figure class=\"elementor-image-box-img\"><a href=\"https:\/\/volvacgermany.de\/de\/machines\/vacuum-packaging-machines\/footed-models\/\"><img loading=\"lazy\" decoding=\"async\" width=\"651\" height=\"432\" src=\"https:\/\/volvacgermany.de\/wp-content\/uploads\/2022\/02\/6.jpg\" class=\"attachment-medium_large size-medium_large wp-image-1034\" alt=\"\" \/><\/a><\/figure><div class=\"elementor-image-box-content\"><h3 class=\"elementor-image-box-title\"><a href=\"https:\/\/volvacgermany.de\/de\/machines\/vacuum-packaging-machines\/footed-models\/\">RADMODELLE<\/a><\/h3><\/div><\/div>\t\t<\/div>\n\t\t\t\t<\/div>\n\t\t\t\t\t<\/div>\n\t\t\t\t<\/div>\n\t\t\t\t<div class=\"elementor-column elementor-col-33 elementor-top-column elementor-element elementor-element-dcbb6c2\" data-id=\"dcbb6c2\" data-element_type=\"column\">\n\t\t\t\t\t<div class=\"elementor-widget-wrap elementor-element-populated\">\n\t\t\t\t\t\t\t\t<div class=\"elementor-element elementor-element-d44052d elementor-position-top elementor-vertical-align-top elementor-widget elementor-widget-image-box\" data-id=\"d44052d\" data-element_type=\"widget\" data-widget_type=\"image-box.default\">\n\t\t\t\t<div class=\"elementor-widget-container\">\n\t\t\t<div class=\"elementor-image-box-wrapper\"><figure class=\"elementor-image-box-img\"><a href=\"https:\/\/volvacgermany.de\/de\/machines\/vacuum-packaging-machines\/double-chamber-models\/\"><img loading=\"lazy\" decoding=\"async\" width=\"651\" height=\"432\" src=\"https:\/\/volvacgermany.de\/wp-content\/uploads\/2022\/02\/7.jpg\" class=\"attachment-medium_large size-medium_large wp-image-1035\" alt=\"\" \/><\/a><\/figure><div class=\"elementor-image-box-content\"><h3 class=\"elementor-image-box-title\"><a href=\"https:\/\/volvacgermany.de\/de\/machines\/vacuum-packaging-machines\/double-chamber-models\/\">DOPPELKAMMER-MODELLE<\/a><\/h3><\/div><\/div>\t\t<\/div>\n\t\t\t\t<\/div>\n\t\t\t\t\t<\/div>\n\t\t\t\t<\/div>\n\t\t\t\t\t<\/div>\n\t\t\t\t<\/section>\n\t\t\t\t<section data-particle_enable=\"false\" data-particle-mobile-disabled=\"false\" class=\"elementor-section elementor-top-section elementor-element elementor-element-1c941e0 elementor-section-boxed elementor-section-height-default elementor-section-height-default\" data-id=\"1c941e0\" data-element_type=\"section\" data-settings=\"{&quot;background_background&quot;:&quot;classic&quot;}\">\n\t\t\n\t\t\t\t\t\t\t<div class=\"elementor-container elementor-column-gap-default\">\n\t\t\t\t\t\t\t\t\t\t\t<div class=\"elementor-column elementor-col-33 elementor-top-column elementor-element elementor-element-4f07533\" data-id=\"4f07533\" data-element_type=\"column\">\n\t\t\t\t\t<div class=\"elementor-widget-wrap elementor-element-populated\">\n\t\t\t\t\t\t\t\t<div class=\"elementor-element elementor-element-f6697f8 elementor-position-top elementor-vertical-align-top elementor-widget elementor-widget-image-box\" data-id=\"f6697f8\" data-element_type=\"widget\" data-widget_type=\"image-box.default\">\n\t\t\t\t<div class=\"elementor-widget-container\">\n\t\t\t<div class=\"elementor-image-box-wrapper\"><figure class=\"elementor-image-box-img\"><a href=\"https:\/\/volvacgermany.de\/de\/machines\/vacuum-packaging-machines\/volvac-w700\/\"><img loading=\"lazy\" decoding=\"async\" width=\"651\" height=\"432\" src=\"https:\/\/volvacgermany.de\/wp-content\/uploads\/2022\/02\/9.jpg\" class=\"attachment-medium_large size-medium_large wp-image-1037\" alt=\"\" \/><\/a><\/figure><div class=\"elementor-image-box-content\"><h3 class=\"elementor-image-box-title\"><a href=\"https:\/\/volvacgermany.de\/de\/machines\/vacuum-packaging-machines\/volvac-w700\/\">VERTIKALE MODELLE<\/a><\/h3><\/div><\/div>\t\t<\/div>\n\t\t\t\t<\/div>\n\t\t\t\t\t<\/div>\n\t\t\t\t<\/div>\n\t\t\t\t<div class=\"elementor-column elementor-col-33 elementor-top-column elementor-element elementor-element-c23d55b\" data-id=\"c23d55b\" data-element_type=\"column\">\n\t\t\t\t\t<div class=\"elementor-widget-wrap\">\n\t\t\t\t\t\t\t\t\t<\/div>\n\t\t\t\t<\/div>\n\t\t\t\t<div class=\"elementor-column elementor-col-33 elementor-top-column elementor-element elementor-element-4f6bede\" data-id=\"4f6bede\" data-element_type=\"column\">\n\t\t\t\t\t<div class=\"elementor-widget-wrap\">\n\t\t\t\t\t\t\t\t\t<\/div>\n\t\t\t\t<\/div>\n\t\t\t\t\t<\/div>\n\t\t\t\t<\/section>\n\t\t\t\t\t\t\t<\/div>\n\t\t","protected":false},"excerpt":{"rendered":"<p>Sehen Sie sich alle Maschinenmodelle an, die f\u00fcr Vakuumbeutel geeignet sind. Wir haben Modelle, die f\u00fcr kleine, mittlere und gro\u00dfe Vakuumbeutel geeignet sind. COUNTER-TOP-MODELLE RADMODELLE DOPPELKAMMER-MODELLE VERTIKALE MODELLE<\/p>\n","protected":false},"author":1,"featured_media":0,"parent":6563,"menu_order":0,"comment_status":"closed","ping_status":"closed","template":"","meta":{"footnotes":""},"class_list":["post-6718","page","type-page","status-publish","hentry"],"acf":[],"yoast_head":"<!-- This site is optimized with the Yoast SEO Premium plugin v19.5 (Yoast SEO v19.13) - https:\/\/yoast.com\/wordpress\/plugins\/seo\/ -->\n<title>Vakuumverpackungsmaschinen - VOLVAC<\/title>\n<meta name=\"robots\" content=\"index, follow, max-snippet:-1, max-image-preview:large, max-video-preview:-1\" \/>\n<link rel=\"canonical\" href=\"https:\/\/volvacgermany.de\/machines\/vacuum-packaging-machines\/\" \/>\n<meta property=\"og:locale\" content=\"de_DE\" \/>\n<meta property=\"og:type\" content=\"article\" \/>\n<meta property=\"og:title\" content=\"Vakuumverpackungsmaschinen\" \/>\n<meta property=\"og:description\" content=\"Sehen Sie sich alle Maschinenmodelle an, die f\u00fcr Vakuumbeutel geeignet sind. Wir haben Modelle, die f\u00fcr kleine, mittlere und gro\u00dfe Vakuumbeutel geeignet sind. COUNTER-TOP-MODELLE RADMODELLE DOPPELKAMMER-MODELLE VERTIKALE MODELLE\" \/>\n<meta property=\"og:url\" content=\"https:\/\/volvacgermany.de\/machines\/vacuum-packaging-machines\/\" \/>\n<meta property=\"og:site_name\" content=\"VOLVAC\" \/>\n<meta property=\"article:modified_time\" content=\"2022-06-15T09:21:24+00:00\" \/>\n<meta property=\"og:image\" content=\"https:\/\/volvacgermany.de\/wp-content\/uploads\/2022\/02\/vakum.png\" \/>\n<meta name=\"twitter:card\" content=\"summary_large_image\" \/>\n<meta name=\"twitter:label1\" content=\"Gesch\u00e4tzte Lesezeit\" \/>\n\t<meta name=\"twitter:data1\" content=\"2\u00a0Minuten\" \/>\n<script type=\"application\/ld+json\" class=\"yoast-schema-graph\">{\"@context\":\"https:\/\/schema.org\",\"@graph\":[{\"@type\":\"WebPage\",\"@id\":\"https:\/\/volvacgermany.de\/machines\/vacuum-packaging-machines\/\",\"url\":\"https:\/\/volvacgermany.de\/machines\/vacuum-packaging-machines\/\",\"name\":\"Vakuumverpackungsmaschinen - VOLVAC\",\"isPartOf\":{\"@id\":\"https:\/\/volvacgermany.de\/#website\"},\"datePublished\":\"2022-06-08T07:45:08+00:00\",\"dateModified\":\"2022-06-15T09:21:24+00:00\",\"breadcrumb\":{\"@id\":\"https:\/\/volvacgermany.de\/machines\/vacuum-packaging-machines\/#breadcrumb\"},\"inLanguage\":\"de\",\"potentialAction\":[{\"@type\":\"ReadAction\",\"target\":[\"https:\/\/volvacgermany.de\/machines\/vacuum-packaging-machines\/\"]}]},{\"@type\":\"BreadcrumbList\",\"@id\":\"https:\/\/volvacgermany.de\/machines\/vacuum-packaging-machines\/#breadcrumb\",\"itemListElement\":[{\"@type\":\"ListItem\",\"position\":1,\"name\":\"Home\",\"item\":\"https:\/\/volvacgermany.de\/\"},{\"@type\":\"ListItem\",\"position\":2,\"name\":\"MASCHINEN\",\"item\":\"https:\/\/volvacgermany.de\/machines\/\"},{\"@type\":\"ListItem\",\"position\":3,\"name\":\"Vakuumverpackungsmaschinen\"}]},{\"@type\":\"WebSite\",\"@id\":\"https:\/\/volvacgermany.de\/#website\",\"url\":\"https:\/\/volvacgermany.de\/\",\"name\":\"VOLVAC\",\"description\":\"Vakum Paketleme Makinas\u0131 \u0130malat\u00e7\u0131s\u0131 (Garantili)\",\"potentialAction\":[{\"@type\":\"SearchAction\",\"target\":{\"@type\":\"EntryPoint\",\"urlTemplate\":\"https:\/\/volvacgermany.de\/?s={search_term_string}\"},\"query-input\":\"required name=search_term_string\"}],\"inLanguage\":\"de\"}]}<\/script>\n<!-- \/ Yoast SEO Premium plugin. -->","yoast_head_json":{"title":"Vakuumverpackungsmaschinen - VOLVAC","robots":{"index":"index","follow":"follow","max-snippet":"max-snippet:-1","max-image-preview":"max-image-preview:large","max-video-preview":"max-video-preview:-1"},"canonical":"https:\/\/volvacgermany.de\/machines\/vacuum-packaging-machines\/","og_locale":"de_DE","og_type":"article","og_title":"Vakuumverpackungsmaschinen","og_description":"Sehen Sie sich alle Maschinenmodelle an, die f\u00fcr Vakuumbeutel geeignet sind. Wir haben Modelle, die f\u00fcr kleine, mittlere und gro\u00dfe Vakuumbeutel geeignet sind. COUNTER-TOP-MODELLE RADMODELLE DOPPELKAMMER-MODELLE VERTIKALE MODELLE","og_url":"https:\/\/volvacgermany.de\/machines\/vacuum-packaging-machines\/","og_site_name":"VOLVAC","article_modified_time":"2022-06-15T09:21:24+00:00","og_image":[{"url":"https:\/\/volvacgermany.de\/wp-content\/uploads\/2022\/02\/vakum.png"}],"twitter_card":"summary_large_image","twitter_misc":{"Gesch\u00e4tzte Lesezeit":"2\u00a0Minuten"},"schema":{"@context":"https:\/\/schema.org","@graph":[{"@type":"WebPage","@id":"https:\/\/volvacgermany.de\/machines\/vacuum-packaging-machines\/","url":"https:\/\/volvacgermany.de\/machines\/vacuum-packaging-machines\/","name":"Vakuumverpackungsmaschinen - VOLVAC","isPartOf":{"@id":"https:\/\/volvacgermany.de\/#website"},"datePublished":"2022-06-08T07:45:08+00:00","dateModified":"2022-06-15T09:21:24+00:00","breadcrumb":{"@id":"https:\/\/volvacgermany.de\/machines\/vacuum-packaging-machines\/#breadcrumb"},"inLanguage":"de","potentialAction":[{"@type":"ReadAction","target":["https:\/\/volvacgermany.de\/machines\/vacuum-packaging-machines\/"]}]},{"@type":"BreadcrumbList","@id":"https:\/\/volvacgermany.de\/machines\/vacuum-packaging-machines\/#breadcrumb","itemListElement":[{"@type":"ListItem","position":1,"name":"Home","item":"https:\/\/volvacgermany.de\/"},{"@type":"ListItem","position":2,"name":"MASCHINEN","item":"https:\/\/volvacgermany.de\/machines\/"},{"@type":"ListItem","position":3,"name":"Vakuumverpackungsmaschinen"}]},{"@type":"WebSite","@id":"https:\/\/volvacgermany.de\/#website","url":"https:\/\/volvacgermany.de\/","name":"VOLVAC","description":"Vakum Paketleme Makinas\u0131 \u0130malat\u00e7\u0131s\u0131 (Garantili)","potentialAction":[{"@type":"SearchAction","target":{"@type":"EntryPoint","urlTemplate":"https:\/\/volvacgermany.de\/?s={search_term_string}"},"query-input":"required name=search_term_string"}],"inLanguage":"de"}]}},"_links":{"self":[{"href":"https:\/\/volvacgermany.de\/de\/wp-json\/wp\/v2\/pages\/6718","targetHints":{"allow":["GET"]}}],"collection":[{"href":"https:\/\/volvacgermany.de\/de\/wp-json\/wp\/v2\/pages"}],"about":[{"href":"https:\/\/volvacgermany.de\/de\/wp-json\/wp\/v2\/types\/page"}],"author":[{"embeddable":true,"href":"https:\/\/volvacgermany.de\/de\/wp-json\/wp\/v2\/users\/1"}],"replies":[{"embeddable":true,"href":"https:\/\/volvacgermany.de\/de\/wp-json\/wp\/v2\/comments?post=6718"}],"version-history":[{"count":0,"href":"https:\/\/volvacgermany.de\/de\/wp-json\/wp\/v2\/pages\/6718\/revisions"}],"up":[{"embeddable":true,"href":"https:\/\/volvacgermany.de\/de\/wp-json\/wp\/v2\/pages\/6563"}],"wp:attachment":[{"href":"https:\/\/volvacgermany.de\/de\/wp-json\/wp\/v2\/media?parent=6718"}],"curies":[{"name":"wp","href":"https:\/\/api.w.org\/{rel}","templated":true}]}}