{"id":10102,"date":"2023-06-08T17:11:26","date_gmt":"2023-06-08T14:11:26","guid":{"rendered":"https:\/\/volvacgermany.de\/privacy-policy\/"},"modified":"2023-06-08T17:11:28","modified_gmt":"2023-06-08T14:11:28","slug":"privacy-policy","status":"publish","type":"page","link":"https:\/\/volvacgermany.de\/en\/privacy-policy\/","title":{"rendered":"Privacy Policy"},"content":{"rendered":"\t\t<div data-elementor-type=\"wp-page\" data-elementor-id=\"10102\" class=\"elementor elementor-10102 elementor-3\">\n\t\t\t\t\t\t\t\t\t<section data-particle_enable=\"false\" data-particle-mobile-disabled=\"false\" class=\"elementor-section elementor-top-section elementor-element elementor-element-59454c9f elementor-section-boxed elementor-section-height-default elementor-section-height-default\" data-id=\"59454c9f\" data-element_type=\"section\">\n\t\t\n\t\t\t\t\t\t\t<div class=\"elementor-container elementor-column-gap-default\">\n\t\t\t\t\t\t\t\t\t\t\t<div class=\"elementor-column elementor-col-100 elementor-top-column elementor-element elementor-element-246be859\" data-id=\"246be859\" data-element_type=\"column\">\n\t\t\t\t\t<div class=\"elementor-widget-wrap elementor-element-populated\">\n\t\t\t\t\t\t\t\t<div class=\"elementor-element elementor-element-2be74923 elementor-widget elementor-widget-text-editor\" data-id=\"2be74923\" data-element_type=\"widget\" data-widget_type=\"text-editor.default\">\n\t\t\t\t<div class=\"elementor-widget-container\">\n\t\t\t<style>\/*! elementor - v3.9.2 - 21-12-2022 *\/\n.elementor-widget-text-editor.elementor-drop-cap-view-stacked .elementor-drop-cap{background-color:#818a91;color:#fff}.elementor-widget-text-editor.elementor-drop-cap-view-framed .elementor-drop-cap{color:#818a91;border:3px solid;background-color:transparent}.elementor-widget-text-editor:not(.elementor-drop-cap-view-default) .elementor-drop-cap{margin-top:8px}.elementor-widget-text-editor:not(.elementor-drop-cap-view-default) .elementor-drop-cap-letter{width:1em;height:1em}.elementor-widget-text-editor .elementor-drop-cap{float:left;text-align:center;line-height:1;font-size:50px}.elementor-widget-text-editor .elementor-drop-cap-letter{display:inline-block}<\/style>\t\t\t\t<h1 class=\"font-weight-normal text-7 mb-2\"><strong class=\"font-weight-extra-bold\">The Data We Collect and Why We Collect It?<\/strong><\/h1>\r\n<p class=\"lead\">Privacy Policy<a class=\"text-primary\" title=\"vakum makinas\u0131\" href=\"\/index.aspx\" data-toggle=\"tooltip\" data-original-title=\"vakum makinas\u0131\">volvac.com.tr<\/a>&#8216;s it contains explanations about what information it collects on this website, how it uses your information, and how your information is collected and used.<\/p>\r\n<p>We use the information we collect to provide you with better content and improve services, and to analyze and measure how you use the website. We may use the information we collect from your email address you use in comments and your participation in subscription lists to contact you directly.<\/p>\r\n<p>Depending on your settings, we may use it to show you personalized ads based on your interests. Personalized ads based on sensitive categories such as race, religion, sexual orientation or health status are not shown.<\/p>\r\n<h2 class=\"font-weight-normal text-7 mb-2\"><strong class=\"font-weight-extra-bold\">Information Collected<\/strong><\/h2>\r\n<ul>\r\n<li>Your browser information (tawk.to &amp; google adwords)<\/li>\r\n<li>Your IP address (tawk.to)<\/li>\r\n<li>Referrer Url info(tawk.to &amp; google adwords)<\/li>\r\n<li>Cookie information (tawk.to)<\/li>\r\n<li>The terms you searched for (google adwors)<\/li>\r\n<li>Ad views and interactions with content(google adwords)<\/li>\r\n<\/ul>\r\n<p>Also, among the proposal requests sent from volvac.com.tr product pages; company information, authorized information, e-mail information, telephone and address information are hosted by VOLVAC company. This information, which is included in the quotation request form, transmits the information entered to a different e-mail address on the volvac.com.tr server from within the volvac.com.tr server.<\/p>\r\n<p>According to this; You can request the deletion of your company, authorized, e-mail and address information that reaches us. If the e-mail in your offer request and the &#8220;incoming e-mail address&#8221; in the e-mail information you want to delete match, our IT department will deal with the issue and you will be informed.<\/p>\r\n<p>Cookies, web beacons, unique identification, server logs, application data caches, browser web storage, pixel We use tags, databases and similar technologies.<\/p>\r\n<h3 class=\"font-weight-normal text-7 mb-2\"><strong class=\"font-weight-extra-bold\">Who Is Your Information Shared With<\/strong><\/h3>\r\n<p>We will share your personal information if we believe that access, use, preservation or disclosure of the information is reasonably necessary in the following situations:<\/p>\r\n<ul>\r\n<li>Investigating potential violations.<\/li>\r\n<li>To protect the rights, property or safety of our users or the public as required or permitted by law.<\/li>\r\n<li>To meet applicable laws, regulations, legal process or enforceable governmental requests.<\/li>\r\n<li>To provide automatic spam detection in visitor comments.<\/li>\r\n<\/ul>\r\n<h4 class=\"font-weight-normal text-7 mb-2\"><strong class=\"font-weight-extra-bold\">What is a cookie (&#8220;Cookie&#8221;)?<\/strong><\/h4>\r\n<p>Cookies are small text files that are stored on your device or network server via browsers by the websites you visit. Cookies are created by servers associated with the website you are visiting. Thus, when the visitor visits the same site, the server can understand it.<\/p>\r\n<p>Cookies do not contain personal data about visitors such as name, gender or address. For more detailed information, you can visit the website www.aboutcookies.org.<\/p>\r\n<h5 class=\"font-weight-normal text-7 mb-2\"><strong class=\"font-weight-extra-bold\">How to Manage Cookies<\/strong><\/h5>\r\n<p>Volvac attaches great importance to the visitors&#8217; ability to use their preferences on their personal data. Information on how the preferences for the cookies used can be managed are as follows:<\/p>\r\n<ul>\r\n<li>To turn off cookies managed by Google Analytics <a title=\"volvac privacy policy\" href=\"https:\/\/tools.google.com\/dlpage\/gaoptout\" target=\"_blank\" rel=\"noopener\">click<\/ a>.<\/li>\r\n<li>To turn off cookies managed by Yandex Metrica <a title=\"volvac privacy policy\" href=\"https:\/\/yandex.com\/support\/metrica\/general\/opt-out.html\" target=\"_blank\" rel=\" noopener\">click<\/a>.<\/li>\r\n<li>Click <a title=\"volvac privacy policy\" href=\"https:\/\/www.google.com\/settings\/ads\" target=\"_blank\" rel=\"noopener\">to manage the personalized advertising experience provided by Google. <\/a><\/li>\r\n<\/ul>\r\n<p>To manage Cookies on mobile devices, the settings menu of the mobile device can be used.<\/p>\r\n<h6 class=\"font-weight-normal text-7 mb-2\"><str\t\t\t\t\t\t<\/div>\n\t\t\t\t<\/div>\n\t\t\t\t\t<\/div>\n\t\t\t\t<\/div>\n\t\t\t\t\t<\/div>\n\t\t\t\t<\/section>\n\t\t\t\t\t\t\t<\/div>\n\t\t","protected":false},"excerpt":{"rendered":"<p>The Data We Collect and Why We Collect It? Privacy Policyvolvac.com.tr&#8216;s it contains explanations about what information it collects on this website, how it uses your information, and how your information is collected and used. We use the information we collect to provide you with better content and improve services, and to analyze and measure [&hellip;]<\/p>\n","protected":false},"author":1,"featured_media":0,"parent":0,"menu_order":0,"comment_status":"closed","ping_status":"closed","template":"","meta":{"footnotes":""},"class_list":["post-10102","page","type-page","status-publish","hentry"],"acf":[],"yoast_head":"<!-- This site is optimized with the Yoast SEO Premium plugin v19.5 (Yoast SEO v19.13) - https:\/\/yoast.com\/wordpress\/plugins\/seo\/ -->\n<title>Privacy Policy - VOLVAC<\/title>\n<meta name=\"robots\" content=\"index, follow, max-snippet:-1, max-image-preview:large, max-video-preview:-1\" \/>\n<link rel=\"canonical\" href=\"https:\/\/volvacgermany.de\/en\/privacy-policy\/\" \/>\n<meta property=\"og:locale\" content=\"en_US\" \/>\n<meta property=\"og:type\" content=\"article\" \/>\n<meta property=\"og:title\" content=\"Privacy Policy\" \/>\n<meta property=\"og:description\" content=\"The Data We Collect and Why We Collect It? Privacy Policyvolvac.com.tr&#8216;s it contains explanations about what information it collects on this website, how it uses your information, and how your information is collected and used. We use the information we collect to provide you with better content and improve services, and to analyze and measure [&hellip;]\" \/>\n<meta property=\"og:url\" content=\"https:\/\/volvacgermany.de\/en\/privacy-policy\/\" \/>\n<meta property=\"og:site_name\" content=\"VOLVAC\" \/>\n<meta property=\"article:modified_time\" content=\"2023-06-08T14:11:28+00:00\" \/>\n<meta name=\"twitter:card\" content=\"summary_large_image\" \/>\n<meta name=\"twitter:label1\" content=\"Est. reading time\" \/>\n\t<meta name=\"twitter:data1\" content=\"3 minutes\" \/>\n<script type=\"application\/ld+json\" class=\"yoast-schema-graph\">{\"@context\":\"https:\/\/schema.org\",\"@graph\":[{\"@type\":\"WebPage\",\"@id\":\"https:\/\/volvacgermany.de\/en\/privacy-policy\/\",\"url\":\"https:\/\/volvacgermany.de\/en\/privacy-policy\/\",\"name\":\"Privacy Policy - VOLVAC\",\"isPartOf\":{\"@id\":\"https:\/\/volvacgermany.de\/#website\"},\"datePublished\":\"2023-06-08T14:11:26+00:00\",\"dateModified\":\"2023-06-08T14:11:28+00:00\",\"breadcrumb\":{\"@id\":\"https:\/\/volvacgermany.de\/en\/privacy-policy\/#breadcrumb\"},\"inLanguage\":\"en-US\",\"potentialAction\":[{\"@type\":\"ReadAction\",\"target\":[\"https:\/\/volvacgermany.de\/en\/privacy-policy\/\"]}]},{\"@type\":\"BreadcrumbList\",\"@id\":\"https:\/\/volvacgermany.de\/en\/privacy-policy\/#breadcrumb\",\"itemListElement\":[{\"@type\":\"ListItem\",\"position\":1,\"name\":\"Home\",\"item\":\"https:\/\/volvacgermany.de\/en\/\"},{\"@type\":\"ListItem\",\"position\":2,\"name\":\"Privacy Policy\"}]},{\"@type\":\"WebSite\",\"@id\":\"https:\/\/volvacgermany.de\/#website\",\"url\":\"https:\/\/volvacgermany.de\/\",\"name\":\"VOLVAC\",\"description\":\"Vakum Paketleme Makinas\u0131 \u0130malat\u00e7\u0131s\u0131 (Garantili)\",\"potentialAction\":[{\"@type\":\"SearchAction\",\"target\":{\"@type\":\"EntryPoint\",\"urlTemplate\":\"https:\/\/volvacgermany.de\/?s={search_term_string}\"},\"query-input\":\"required name=search_term_string\"}],\"inLanguage\":\"en-US\"}]}<\/script>\n<!-- \/ Yoast SEO Premium plugin. -->","yoast_head_json":{"title":"Privacy Policy - VOLVAC","robots":{"index":"index","follow":"follow","max-snippet":"max-snippet:-1","max-image-preview":"max-image-preview:large","max-video-preview":"max-video-preview:-1"},"canonical":"https:\/\/volvacgermany.de\/en\/privacy-policy\/","og_locale":"en_US","og_type":"article","og_title":"Privacy Policy","og_description":"The Data We Collect and Why We Collect It? Privacy Policyvolvac.com.tr&#8216;s it contains explanations about what information it collects on this website, how it uses your information, and how your information is collected and used. We use the information we collect to provide you with better content and improve services, and to analyze and measure [&hellip;]","og_url":"https:\/\/volvacgermany.de\/en\/privacy-policy\/","og_site_name":"VOLVAC","article_modified_time":"2023-06-08T14:11:28+00:00","twitter_card":"summary_large_image","twitter_misc":{"Est. reading time":"3 minutes"},"schema":{"@context":"https:\/\/schema.org","@graph":[{"@type":"WebPage","@id":"https:\/\/volvacgermany.de\/en\/privacy-policy\/","url":"https:\/\/volvacgermany.de\/en\/privacy-policy\/","name":"Privacy Policy - VOLVAC","isPartOf":{"@id":"https:\/\/volvacgermany.de\/#website"},"datePublished":"2023-06-08T14:11:26+00:00","dateModified":"2023-06-08T14:11:28+00:00","breadcrumb":{"@id":"https:\/\/volvacgermany.de\/en\/privacy-policy\/#breadcrumb"},"inLanguage":"en-US","potentialAction":[{"@type":"ReadAction","target":["https:\/\/volvacgermany.de\/en\/privacy-policy\/"]}]},{"@type":"BreadcrumbList","@id":"https:\/\/volvacgermany.de\/en\/privacy-policy\/#breadcrumb","itemListElement":[{"@type":"ListItem","position":1,"name":"Home","item":"https:\/\/volvacgermany.de\/en\/"},{"@type":"ListItem","position":2,"name":"Privacy Policy"}]},{"@type":"WebSite","@id":"https:\/\/volvacgermany.de\/#website","url":"https:\/\/volvacgermany.de\/","name":"VOLVAC","description":"Vakum Paketleme Makinas\u0131 \u0130malat\u00e7\u0131s\u0131 (Garantili)","potentialAction":[{"@type":"SearchAction","target":{"@type":"EntryPoint","urlTemplate":"https:\/\/volvacgermany.de\/?s={search_term_string}"},"query-input":"required name=search_term_string"}],"inLanguage":"en-US"}]}},"_links":{"self":[{"href":"https:\/\/volvacgermany.de\/en\/wp-json\/wp\/v2\/pages\/10102","targetHints":{"allow":["GET"]}}],"collection":[{"href":"https:\/\/volvacgermany.de\/en\/wp-json\/wp\/v2\/pages"}],"about":[{"href":"https:\/\/volvacgermany.de\/en\/wp-json\/wp\/v2\/types\/page"}],"author":[{"embeddable":true,"href":"https:\/\/volvacgermany.de\/en\/wp-json\/wp\/v2\/users\/1"}],"replies":[{"embeddable":true,"href":"https:\/\/volvacgermany.de\/en\/wp-json\/wp\/v2\/comments?post=10102"}],"version-history":[{"count":1,"href":"https:\/\/volvacgermany.de\/en\/wp-json\/wp\/v2\/pages\/10102\/revisions"}],"predecessor-version":[{"id":10103,"href":"https:\/\/volvacgermany.de\/en\/wp-json\/wp\/v2\/pages\/10102\/revisions\/10103"}],"wp:attachment":[{"href":"https:\/\/volvacgermany.de\/en\/wp-json\/wp\/v2\/media?parent=10102"}],"curies":[{"name":"wp","href":"https:\/\/api.w.org\/{rel}","templated":true}]}}