{"id":10120,"date":"2023-06-16T17:31:09","date_gmt":"2023-06-16T14:31:09","guid":{"rendered":"https:\/\/volvacgermany.de\/packaging-solutions\/seafood-packaging\/"},"modified":"2023-06-16T17:31:11","modified_gmt":"2023-06-16T14:31:11","slug":"seafood-packaging","status":"publish","type":"page","link":"https:\/\/volvacgermany.de\/en\/packaging-solutions\/seafood-packaging\/","title":{"rendered":"Seafood Packaging"},"content":{"rendered":"\t\t<div data-elementor-type=\"wp-page\" data-elementor-id=\"10120\" class=\"elementor elementor-10120 elementor-2675\">\n\t\t\t\t\t\t\t\t\t<section data-particle_enable=\"false\" data-particle-mobile-disabled=\"false\" class=\"elementor-section elementor-top-section elementor-element elementor-element-de41e37 z-index-2 pt-4 elementor-section-boxed elementor-section-height-default elementor-section-height-default\" data-id=\"de41e37\" data-element_type=\"section\" data-settings=\"{&quot;background_background&quot;:&quot;classic&quot;}\">\n\t\t\n\t\t\t\t\t\t\t<div class=\"elementor-container elementor-column-gap-no\">\n\t\t\t\t\t\t\t\t\t\t\t<div class=\"elementor-column elementor-col-100 elementor-top-column elementor-element elementor-element-9f7b8de position-static pt-3 mt-5 w-100\" data-id=\"9f7b8de\" data-element_type=\"column\">\n\t\t\t\t\t<div class=\"elementor-widget-wrap elementor-element-populated\">\n\t\t\t\t\t\t\t\t<div class=\"elementor-element elementor-element-c396c70 py-2 mb-0 elementor-invisible elementor-widget elementor-widget-heading\" data-id=\"c396c70\" data-element_type=\"widget\" data-settings=\"{&quot;_animation&quot;:&quot;fadeInUp&quot;,&quot;_animation_delay&quot;:200}\" data-widget_type=\"heading.default\">\n\t\t\t\t<div class=\"elementor-widget-container\">\n\t\t\t<style>\/*! elementor - v3.9.2 - 21-12-2022 *\/\n.elementor-heading-title{padding:0;margin:0;line-height:1}.elementor-widget-heading .elementor-heading-title[class*=elementor-size-]>a{color:inherit;font-size:inherit;line-height:inherit}.elementor-widget-heading .elementor-heading-title.elementor-size-small{font-size:15px}.elementor-widget-heading .elementor-heading-title.elementor-size-medium{font-size:19px}.elementor-widget-heading .elementor-heading-title.elementor-size-large{font-size:29px}.elementor-widget-heading .elementor-heading-title.elementor-size-xl{font-size:39px}.elementor-widget-heading .elementor-heading-title.elementor-size-xxl{font-size:59px}<\/style><h2 class=\"elementor-heading-title elementor-size-default\">WHAT WE DO<\/h2>\t\t<\/div>\n\t\t\t\t<\/div>\n\t\t\t\t<div class=\"elementor-element elementor-element-b5c58dd mb-3 elementor-widget elementor-widget-heading\" data-id=\"b5c58dd\" data-element_type=\"widget\" data-widget_type=\"heading.default\">\n\t\t\t\t<div class=\"elementor-widget-container\">\n\t\t\t<h3 class=\"elementor-heading-title elementor-size-default\">Seafood Packaging<\/h3>\t\t<\/div>\n\t\t\t\t<\/div>\n\t\t\t\t<div class=\"elementor-element elementor-element-17e014c mb-4 pb-2 custom-font1 px-0 col-lg-9 col-xl-8 mx-auto elementor-widget elementor-widget-heading\" data-id=\"17e014c\" data-element_type=\"widget\" data-widget_type=\"heading.default\">\n\t\t\t\t<div class=\"elementor-widget-container\">\n\t\t\t<p class=\"elementor-heading-title elementor-size-default\">The Modified Atmosphere Packaging solution is one of the most effective packaging systems for preserving the freshness, taste and smell of a food product. Check out our MAP solutions.<\/p>\t\t<\/div>\n\t\t\t\t<\/div>\n\t\t\t\t<div class=\"elementor-element elementor-element-69fca07 elementor-widget elementor-widget-text-editor\" data-id=\"69fca07\" data-element_type=\"widget\" data-widget_type=\"text-editor.default\">\n\t\t\t\t<div class=\"elementor-widget-container\">\n\t\t\t<style>\/*! elementor - v3.9.2 - 21-12-2022 *\/\n.elementor-widget-text-editor.elementor-drop-cap-view-stacked .elementor-drop-cap{background-color:#818a91;color:#fff}.elementor-widget-text-editor.elementor-drop-cap-view-framed .elementor-drop-cap{color:#818a91;border:3px solid;background-color:transparent}.elementor-widget-text-editor:not(.elementor-drop-cap-view-default) .elementor-drop-cap{margin-top:8px}.elementor-widget-text-editor:not(.elementor-drop-cap-view-default) .elementor-drop-cap-letter{width:1em;height:1em}.elementor-widget-text-editor .elementor-drop-cap{float:left;text-align:center;line-height:1;font-size:50px}.elementor-widget-text-editor .elementor-drop-cap-letter{display:inline-block}<\/style>\t\t\t\t<p>Our country; It is a very lucky country in terms of climate, soil structure, lakes surrounded by sea on three sides, dams, streams and spring waters and aquaculture potential. Our country has 8,333 km of coastline and approximately 26 million hectares of land suitable for usable aquaculture production, including the seas. Approximately 95% of the said area is seas (24.607.200 ha), 1.3% is dam lakes (342.377 ha), 3.5% is natural lakes (906.118 ha) and about 0.1% (15.500 ha) is ponds. <\/p>\n<p>The total surface area of natural lakes, ponds and dam lakes, which constitute approximately 5% of Turkey&#8217;s aquaculture production area, whose number of dam lakes and ponds built for irrigation and energy purposes is increasing day by day, is 1,263,995. huh. In addition, there are approximately 178,000 km of rivers.<\/p>\n<p>Four different seas with different characters surrounding Turkey provide great wealth in terms of fish species.<\/p>\n<p>&#8211; 165 in the Black Sea, &#8211; In the Marmara 200,<\/p>\n<p>Although it is stated that there are around 300 fish species in the Aegean Sea and 500 species in the Mediterranean Sea, most of these species have come to the point of extinction.<\/p>\n<p>Turkey in terms of aquaculture production It ranks thirty-third among 161 countries in the world, fourth among European Union countries, and third among Mediterranean countries. Since the production potential of seafood, which is the most important source of nutrition in human nutrition and in eliminating the animal protein deficit, is not unlimited and it is not possible to increase production continuously as the population increases, the amount of fishery product per capita will start to decrease after a certain level and the demand will be limited to the amount of production.<\/ p><\/p>\n<p>Aquaculture products, which were generally consumed fresh until the last few years, are now offered to consumers by being subjected to processing and preservation technologies such as cooling, processing, packaging, salting, canning, smoking, drying and brine. In recent years, in Turkey, in addition to freezing and rapid cooling technologies, applications for further processing, canned, smoked and different products with new technologies have become widespread. We would like to announce the new technology application with you. With these applications that we have started to use in some sectors, we are opening the door to a brand new world for you\u2026<\/p>\n<p>Perishable ready-to-eat foodstuffs are minimally processed and stored under controlled heating\/cooling conditions in order to prevent the development of pathogenic organisms and to ensure microbial safety. <\/p>\n<p>Minimal processed foods are produced using a range of modern technologies that aim to change the food as little as possible and at the same time ensure adequate shelf life in the process from producer to consumer. Food products that contain little or no preservatives and that have been subjected to mild heat treatments to provide a newly cooked taste constitute a brand new concept in ready-to-eat food consumption.<\/p>\n<p>When we can see that adding value to seafood is an inevitable reality, a We think it&#8217;s time to prepare an action plan and set off with a professional team.<\/p>\n\t\t\t\t\t\t<\/div>\n\t\t\t\t<\/div>\n\t\t\t\t\t<\/div>\n\t\t\t\t<\/div>\n\t\t\t\t\t<\/div>\n\t\t\t\t<\/section>\n\t\t\t\t\t\t\t<\/div>\n\t\t","protected":false},"excerpt":{"rendered":"<p>WHAT WE DO Seafood Packaging The Modified Atmosphere Packaging solution is one of the most effective packaging systems for preserving the freshness, taste and smell of a food product. Check out our MAP solutions. Our country; It is a very lucky country in terms of climate, soil structure, lakes surrounded by sea on three sides, [&hellip;]<\/p>\n","protected":false},"author":1,"featured_media":0,"parent":10118,"menu_order":0,"comment_status":"closed","ping_status":"closed","template":"","meta":{"footnotes":""},"class_list":["post-10120","page","type-page","status-publish","hentry"],"acf":[],"yoast_head":"<!-- This site is optimized with the Yoast SEO Premium plugin v19.5 (Yoast SEO v19.13) - https:\/\/yoast.com\/wordpress\/plugins\/seo\/ -->\n<title>Seafood Packaging - VOLVAC<\/title>\n<meta name=\"robots\" content=\"index, follow, max-snippet:-1, max-image-preview:large, max-video-preview:-1\" \/>\n<link rel=\"canonical\" href=\"https:\/\/volvacgermany.de\/en\/packaging-solutions\/seafood-packaging\/\" \/>\n<meta property=\"og:locale\" content=\"en_US\" \/>\n<meta property=\"og:type\" content=\"article\" \/>\n<meta property=\"og:title\" content=\"Seafood Packaging\" \/>\n<meta property=\"og:description\" content=\"WHAT WE DO Seafood Packaging The Modified Atmosphere Packaging solution is one of the most effective packaging systems for preserving the freshness, taste and smell of a food product. Check out our MAP solutions. Our country; It is a very lucky country in terms of climate, soil structure, lakes surrounded by sea on three sides, [&hellip;]\" \/>\n<meta property=\"og:url\" content=\"https:\/\/volvacgermany.de\/en\/packaging-solutions\/seafood-packaging\/\" \/>\n<meta property=\"og:site_name\" content=\"VOLVAC\" \/>\n<meta property=\"article:modified_time\" content=\"2023-06-16T14:31:11+00:00\" \/>\n<meta name=\"twitter:card\" content=\"summary_large_image\" \/>\n<meta name=\"twitter:label1\" content=\"Est. reading time\" \/>\n\t<meta name=\"twitter:data1\" content=\"3 minutes\" \/>\n<script type=\"application\/ld+json\" class=\"yoast-schema-graph\">{\"@context\":\"https:\/\/schema.org\",\"@graph\":[{\"@type\":\"WebPage\",\"@id\":\"https:\/\/volvacgermany.de\/en\/packaging-solutions\/seafood-packaging\/\",\"url\":\"https:\/\/volvacgermany.de\/en\/packaging-solutions\/seafood-packaging\/\",\"name\":\"Seafood Packaging - VOLVAC\",\"isPartOf\":{\"@id\":\"https:\/\/volvacgermany.de\/#website\"},\"datePublished\":\"2023-06-16T14:31:09+00:00\",\"dateModified\":\"2023-06-16T14:31:11+00:00\",\"breadcrumb\":{\"@id\":\"https:\/\/volvacgermany.de\/en\/packaging-solutions\/seafood-packaging\/#breadcrumb\"},\"inLanguage\":\"en-US\",\"potentialAction\":[{\"@type\":\"ReadAction\",\"target\":[\"https:\/\/volvacgermany.de\/en\/packaging-solutions\/seafood-packaging\/\"]}]},{\"@type\":\"BreadcrumbList\",\"@id\":\"https:\/\/volvacgermany.de\/en\/packaging-solutions\/seafood-packaging\/#breadcrumb\",\"itemListElement\":[{\"@type\":\"ListItem\",\"position\":1,\"name\":\"Home\",\"item\":\"https:\/\/volvacgermany.de\/en\/\"},{\"@type\":\"ListItem\",\"position\":2,\"name\":\"PACKAGING SOLUTIONS\",\"item\":\"https:\/\/volvacgermany.de\/en\/packaging-solutions\/\"},{\"@type\":\"ListItem\",\"position\":3,\"name\":\"Seafood Packaging\"}]},{\"@type\":\"WebSite\",\"@id\":\"https:\/\/volvacgermany.de\/#website\",\"url\":\"https:\/\/volvacgermany.de\/\",\"name\":\"VOLVAC\",\"description\":\"Vakum Paketleme Makinas\u0131 \u0130malat\u00e7\u0131s\u0131 (Garantili)\",\"potentialAction\":[{\"@type\":\"SearchAction\",\"target\":{\"@type\":\"EntryPoint\",\"urlTemplate\":\"https:\/\/volvacgermany.de\/?s={search_term_string}\"},\"query-input\":\"required name=search_term_string\"}],\"inLanguage\":\"en-US\"}]}<\/script>\n<!-- \/ Yoast SEO Premium plugin. -->","yoast_head_json":{"title":"Seafood Packaging - VOLVAC","robots":{"index":"index","follow":"follow","max-snippet":"max-snippet:-1","max-image-preview":"max-image-preview:large","max-video-preview":"max-video-preview:-1"},"canonical":"https:\/\/volvacgermany.de\/en\/packaging-solutions\/seafood-packaging\/","og_locale":"en_US","og_type":"article","og_title":"Seafood Packaging","og_description":"WHAT WE DO Seafood Packaging The Modified Atmosphere Packaging solution is one of the most effective packaging systems for preserving the freshness, taste and smell of a food product. Check out our MAP solutions. Our country; It is a very lucky country in terms of climate, soil structure, lakes surrounded by sea on three sides, [&hellip;]","og_url":"https:\/\/volvacgermany.de\/en\/packaging-solutions\/seafood-packaging\/","og_site_name":"VOLVAC","article_modified_time":"2023-06-16T14:31:11+00:00","twitter_card":"summary_large_image","twitter_misc":{"Est. reading time":"3 minutes"},"schema":{"@context":"https:\/\/schema.org","@graph":[{"@type":"WebPage","@id":"https:\/\/volvacgermany.de\/en\/packaging-solutions\/seafood-packaging\/","url":"https:\/\/volvacgermany.de\/en\/packaging-solutions\/seafood-packaging\/","name":"Seafood Packaging - VOLVAC","isPartOf":{"@id":"https:\/\/volvacgermany.de\/#website"},"datePublished":"2023-06-16T14:31:09+00:00","dateModified":"2023-06-16T14:31:11+00:00","breadcrumb":{"@id":"https:\/\/volvacgermany.de\/en\/packaging-solutions\/seafood-packaging\/#breadcrumb"},"inLanguage":"en-US","potentialAction":[{"@type":"ReadAction","target":["https:\/\/volvacgermany.de\/en\/packaging-solutions\/seafood-packaging\/"]}]},{"@type":"BreadcrumbList","@id":"https:\/\/volvacgermany.de\/en\/packaging-solutions\/seafood-packaging\/#breadcrumb","itemListElement":[{"@type":"ListItem","position":1,"name":"Home","item":"https:\/\/volvacgermany.de\/en\/"},{"@type":"ListItem","position":2,"name":"PACKAGING SOLUTIONS","item":"https:\/\/volvacgermany.de\/en\/packaging-solutions\/"},{"@type":"ListItem","position":3,"name":"Seafood Packaging"}]},{"@type":"WebSite","@id":"https:\/\/volvacgermany.de\/#website","url":"https:\/\/volvacgermany.de\/","name":"VOLVAC","description":"Vakum Paketleme Makinas\u0131 \u0130malat\u00e7\u0131s\u0131 (Garantili)","potentialAction":[{"@type":"SearchAction","target":{"@type":"EntryPoint","urlTemplate":"https:\/\/volvacgermany.de\/?s={search_term_string}"},"query-input":"required name=search_term_string"}],"inLanguage":"en-US"}]}},"_links":{"self":[{"href":"https:\/\/volvacgermany.de\/en\/wp-json\/wp\/v2\/pages\/10120","targetHints":{"allow":["GET"]}}],"collection":[{"href":"https:\/\/volvacgermany.de\/en\/wp-json\/wp\/v2\/pages"}],"about":[{"href":"https:\/\/volvacgermany.de\/en\/wp-json\/wp\/v2\/types\/page"}],"author":[{"embeddable":true,"href":"https:\/\/volvacgermany.de\/en\/wp-json\/wp\/v2\/users\/1"}],"replies":[{"embeddable":true,"href":"https:\/\/volvacgermany.de\/en\/wp-json\/wp\/v2\/comments?post=10120"}],"version-history":[{"count":1,"href":"https:\/\/volvacgermany.de\/en\/wp-json\/wp\/v2\/pages\/10120\/revisions"}],"predecessor-version":[{"id":10121,"href":"https:\/\/volvacgermany.de\/en\/wp-json\/wp\/v2\/pages\/10120\/revisions\/10121"}],"up":[{"embeddable":true,"href":"https:\/\/volvacgermany.de\/en\/wp-json\/wp\/v2\/pages\/10118"}],"wp:attachment":[{"href":"https:\/\/volvacgermany.de\/en\/wp-json\/wp\/v2\/media?parent=10120"}],"curies":[{"name":"wp","href":"https:\/\/api.w.org\/{rel}","templated":true}]}}