{"id":10128,"date":"2023-06-16T17:40:21","date_gmt":"2023-06-16T14:40:21","guid":{"rendered":"https:\/\/volvacgermany.de\/packaging-solutions\/nuts-packaging\/"},"modified":"2023-06-16T17:50:44","modified_gmt":"2023-06-16T14:50:44","slug":"nuts-packaging","status":"publish","type":"page","link":"https:\/\/volvacgermany.de\/en\/packaging-solutions\/nuts-packaging\/","title":{"rendered":"Nuts Packaging"},"content":{"rendered":"\t\t<div data-elementor-type=\"wp-page\" data-elementor-id=\"10128\" class=\"elementor elementor-10128 elementor-2680\">\n\t\t\t\t\t\t\t\t\t<section data-particle_enable=\"false\" data-particle-mobile-disabled=\"false\" class=\"elementor-section elementor-top-section elementor-element elementor-element-de41e37 elementor-section-boxed elementor-section-height-default elementor-section-height-default\" data-id=\"de41e37\" data-element_type=\"section\" data-settings=\"{&quot;background_background&quot;:&quot;classic&quot;}\">\n\t\t\n\t\t\t\t\t\t\t<div class=\"elementor-container elementor-column-gap-no\">\n\t\t\t\t\t\t\t\t\t\t\t<div class=\"elementor-column elementor-col-100 elementor-top-column elementor-element elementor-element-9f7b8de position-static pt-3 mt-5 w-100\" data-id=\"9f7b8de\" data-element_type=\"column\">\n\t\t\t\t\t<div class=\"elementor-widget-wrap elementor-element-populated\">\n\t\t\t\t\t\t\t\t<div class=\"elementor-element elementor-element-c396c70 py-2 mb-0 elementor-invisible elementor-widget elementor-widget-heading\" data-id=\"c396c70\" data-element_type=\"widget\" data-settings=\"{&quot;_animation&quot;:&quot;fadeInUp&quot;,&quot;_animation_delay&quot;:200}\" data-widget_type=\"heading.default\">\n\t\t\t\t<div class=\"elementor-widget-container\">\n\t\t\t<style>\/*! elementor - v3.9.2 - 21-12-2022 *\/\n.elementor-heading-title{padding:0;margin:0;line-height:1}.elementor-widget-heading .elementor-heading-title[class*=elementor-size-]>a{color:inherit;font-size:inherit;line-height:inherit}.elementor-widget-heading .elementor-heading-title.elementor-size-small{font-size:15px}.elementor-widget-heading .elementor-heading-title.elementor-size-medium{font-size:19px}.elementor-widget-heading .elementor-heading-title.elementor-size-large{font-size:29px}.elementor-widget-heading .elementor-heading-title.elementor-size-xl{font-size:39px}.elementor-widget-heading .elementor-heading-title.elementor-size-xxl{font-size:59px}<\/style><h2 class=\"elementor-heading-title elementor-size-default\">WHAT WE DO<\/h2>\t\t<\/div>\n\t\t\t\t<\/div>\n\t\t\t\t<div class=\"elementor-element elementor-element-b5c58dd mb-3 elementor-widget elementor-widget-heading\" data-id=\"b5c58dd\" data-element_type=\"widget\" data-widget_type=\"heading.default\">\n\t\t\t\t<div class=\"elementor-widget-container\">\n\t\t\t<h3 class=\"elementor-heading-title elementor-size-default\">Kuruyemi\u015f Paketleme<\/h3>\t\t<\/div>\n\t\t\t\t<\/div>\n\t\t\t\t<div class=\"elementor-element elementor-element-17e014c mb-4 pb-2 custom-font1 px-0 col-lg-9 col-xl-8 mx-auto elementor-widget elementor-widget-heading\" data-id=\"17e014c\" data-element_type=\"widget\" data-widget_type=\"heading.default\">\n\t\t\t\t<div class=\"elementor-widget-container\">\n\t\t\t<p class=\"elementor-heading-title elementor-size-default\">Modifiyeli Atmosfer Paketleme \u00e7\u00f6z\u00fcm\u00fc bir g\u0131da \u00fcr\u00fcn\u00fcn\u00fcn tazeli\u011fini, tad\u0131n\u0131 ve kokusunu korumak i\u00e7in en etkili ambalaj sistemlerinden biridir. MAP \u00e7\u00f6z\u00fcmlerimizi inceleyin.<\/p>\t\t<\/div>\n\t\t\t\t<\/div>\n\t\t\t\t<section data-particle_enable=\"false\" data-particle-mobile-disabled=\"false\" class=\"elementor-section elementor-inner-section elementor-element elementor-element-58e1f52 elementor-section-boxed elementor-section-height-default elementor-section-height-default\" data-id=\"58e1f52\" data-element_type=\"section\">\n\t\t\n\t\t\t\t\t\t\t<div class=\"elementor-container elementor-column-gap-default\">\n\t\t\t\t\t\t\t\t\t\t\t<div class=\"elementor-column elementor-col-50 elementor-inner-column elementor-element elementor-element-1226b6c\" data-id=\"1226b6c\" data-element_type=\"column\">\n\t\t\t\t\t<div class=\"elementor-widget-wrap elementor-element-populated\">\n\t\t\t\t\t\t\t\t<div class=\"elementor-element elementor-element-8aee75e elementor-aspect-ratio-169 elementor-widget elementor-widget-video\" data-id=\"8aee75e\" data-element_type=\"widget\" data-settings=\"{&quot;youtube_url&quot;:&quot;https:\\\/\\\/www.youtube.com\\\/watch?v=4Ypoc5mc51E&quot;,&quot;loop&quot;:&quot;yes&quot;,&quot;video_type&quot;:&quot;youtube&quot;,&quot;aspect_ratio&quot;:&quot;169&quot;}\" data-widget_type=\"video.default\">\n\t\t\t\t<div class=\"elementor-widget-container\">\n\t\t\t<style>\/*! elementor - v3.9.2 - 21-12-2022 *\/\n.elementor-widget-video .elementor-widget-container{overflow:hidden;transform:translateZ(0)}.elementor-widget-video .elementor-open-inline .elementor-custom-embed-image-overlay{position:absolute;top:0;left:0;width:100%;height:100%;background-size:cover;background-position:50%}.elementor-widget-video .elementor-custom-embed-image-overlay{cursor:pointer;text-align:center}.elementor-widget-video .elementor-custom-embed-image-overlay:hover .elementor-custom-embed-play i{opacity:1}.elementor-widget-video .elementor-custom-embed-image-overlay img{display:block;width:100%}.elementor-widget-video .e-hosted-video .elementor-video{-o-object-fit:cover;object-fit:cover}.e-con-inner>.elementor-widget-video,.e-con>.elementor-widget-video{width:var(--container-widget-width);--flex-grow:var(--container-widget-flex-grow)}<\/style>\t\t<div class=\"elementor-wrapper elementor-fit-aspect-ratio elementor-open-inline\">\n\t\t\t<div class=\"elementor-video\"><\/div>\t\t<\/div>\n\t\t\t\t<\/div>\n\t\t\t\t<\/div>\n\t\t\t\t\t<\/div>\n\t\t\t\t<\/div>\n\t\t\t\t<div class=\"elementor-column elementor-col-50 elementor-inner-column elementor-element elementor-element-f59ac77\" data-id=\"f59ac77\" data-element_type=\"column\">\n\t\t\t\t\t<div class=\"elementor-widget-wrap elementor-element-populated\">\n\t\t\t\t\t\t\t\t<div class=\"elementor-element elementor-element-58c0964 elementor-aspect-ratio-169 elementor-widget elementor-widget-video\" data-id=\"58c0964\" data-element_type=\"widget\" data-settings=\"{&quot;youtube_url&quot;:&quot;https:\\\/\\\/www.youtube.com\\\/watch?v=NtEEL1J7WWs&quot;,&quot;loop&quot;:&quot;yes&quot;,&quot;video_type&quot;:&quot;youtube&quot;,&quot;aspect_ratio&quot;:&quot;169&quot;}\" data-widget_type=\"video.default\">\n\t\t\t\t<div class=\"elementor-widget-container\">\n\t\t\t\t\t<div class=\"elementor-wrapper elementor-fit-aspect-ratio elementor-open-inline\">\n\t\t\t<div class=\"elementor-video\"><\/div>\t\t<\/div>\n\t\t\t\t<\/div>\n\t\t\t\t<\/div>\n\t\t\t\t\t<\/div>\n\t\t\t\t<\/div>\n\t\t\t\t\t<\/div>\n\t\t\t\t<\/section>\n\t\t\t\t<div class=\"elementor-element elementor-element-69fca07 elementor-widget elementor-widget-text-editor\" data-id=\"69fca07\" data-element_type=\"widget\" data-widget_type=\"text-editor.default\">\n\t\t\t\t<div class=\"elementor-widget-container\">\n\t\t\t<style>\/*! elementor - v3.9.2 - 21-12-2022 *\/\n.elementor-widget-text-editor.elementor-drop-cap-view-stacked .elementor-drop-cap{background-color:#818a91;color:#fff}.elementor-widget-text-editor.elementor-drop-cap-view-framed .elementor-drop-cap{color:#818a91;border:3px solid;background-color:transparent}.elementor-widget-text-editor:not(.elementor-drop-cap-view-default) .elementor-drop-cap{margin-top:8px}.elementor-widget-text-editor:not(.elementor-drop-cap-view-default) .elementor-drop-cap-letter{width:1em;height:1em}.elementor-widget-text-editor .elementor-drop-cap{float:left;text-align:center;line-height:1;font-size:50px}.elementor-widget-text-editor .elementor-drop-cap-letter{display:inline-block}<\/style>\t\t\t\t<p>Kuruyemi\u015f, \u00e7erez ve benzeri \u00fcr\u00fcnler konusunda Anadolu topraklar\u0131n\u0131n biny\u0131llara uzanan bir ge\u00e7mi\u015fi var. Sadece \u00fclkemizde yeti\u015fen \u00e7ok de\u011ferli kuruyemi\u015f \u00fcr\u00fcnlerimiz var. Bu \u00e7ok k\u0131ymetli \u00fcr\u00fcnlerimizi ne yaz\u0131k ki uzun y\u0131llar sadece tarla \u00fcr\u00fcn\u00fc olarak i\u00e7 ve d\u0131\u015f pazara sunduk. Son d\u00f6nemlerde geli\u015fen ekonomik faaliyetlerimiz sonunda art\u0131k \u00fclkemizin bu nadide \u00fcr\u00fcnlerini daha katma de\u011ferli olarak i\u00e7 ve d\u0131\u015f piyasaya sunuyoruz. Bu sunumun \u00e7e\u015fitlili\u011fi sadece hayallerimizle s\u0131n\u0131rl\u0131d\u0131r.<\/p>\n<p>End\u00fcstriyel g\u0131da sanayimiz gerek global etkiler gerekse i\u00e7 pazar\u0131n dinamikleri ile son birka\u00e7 y\u0131ld\u0131r ciddi bir de\u011fi\u015fim i\u00e7inde. Tabiki bilin\u00e7lenen nihai t\u00fcketicinin verdi\u011fi tepkileride unutmamak gerekir ki bug\u00fcn\u00fcn vede yar\u0131n\u0131n resmini iyi analiz edebilelim.<\/p>\n<p>F\u0131nd\u0131k, Kay\u0131s\u0131, Antep F\u0131st\u0131\u011f\u0131, Yer F\u0131st\u0131\u011f\u0131, Ceviz, Ay \u00c7ekirde\u011fi, Kabak \u00c7ekirde\u011fi, Leblebi, Hurma ve daha pek \u00e7ok kuruyemi\u015f ve kurumeyveyi; \u00fcr\u00fcnlerin besin de\u011ferlerini ve tazeli\u011fini koruyan, uzun raf \u00f6mr\u00fc sa\u011flayan ambalaj \u00e7\u00f6z\u00fcmleri \u00fcretiyoruz.<\/p>\n<p>Taze\/Kuru g\u0131da end\u00fcstrisinde de\u011fer katman\u0131n ka\u00e7\u0131n\u0131lmaz bir ger\u00e7ek oldu\u011funu g\u00f6rebildi\u011fimizde yap\u0131lacak \u00e7al\u0131\u015fmalar i\u00e7in bir eylem plan\u0131 haz\u0131rlay\u0131p profesyonel bir ekip ile yola \u00e7\u0131kman\u0131n tam zaman\u0131 oldu\u011funu d\u00fc\u015f\u00fcn\u00fcyoruz.<\/p>\n<p>Taze\/kurutulmu\u015f Sebze\/Meyvelerde de\u011fer katan projelerimiz:<\/p>\n<ul>\n<li>\u00dcr\u00fcn kab\u00fcl y\u0131kama, se\u00e7me ve ay\u0131klama,<\/li>\n<li>Gramaj\u0131na, \u00e7ap\u0131na veya rengine g\u00f6re kalibrasyon<\/li>\n<li>Muhtelif \u015fekillerde: tekli, parmak, k\u00fcp ve segment dilimleme<\/li>\n<li>Normal, vakum alt\u0131nda veya freeze-dry (faz atlatmal\u0131) kurutma<\/li>\n<li>Farkl\u0131 t\u00fcketici gruplar\u0131 i\u00e7in ya\u011flama ve aromaland\u0131rma<\/li>\n<li>Izgara izi, p\u00fcre, sebze soslar\u0131 , \u00e7orba ve garnit\u00fcrler<\/li>\n<li>\u00c7ok kafal\u0131 tart\u0131m ile porsiyonlama<\/li>\n<li>Porsiyon veya bulk olarak MAP, EMAP, VAKUM ambalaj<\/li>\n<li>Ambalajda \u0131s\u0131l i\u015flem; pasterizasyon, strelizasyon, sous-vide<\/li>\n<li>Fonksiyonel ambalaj malzemeleri ile ileri ambalaj teknolojilerinin uygulamalar\u0131<\/li>\n<\/ul>\n\t\t\t\t\t\t<\/div>\n\t\t\t\t<\/div>\n\t\t\t\t\t<\/div>\n\t\t\t\t<\/div>\n\t\t\t\t\t<\/div>\n\t\t\t\t<\/section>\n\t\t\t\t\t\t\t<\/div>\n\t\t","protected":false},"excerpt":{"rendered":"<p>WHAT WE DO Kuruyemi\u015f Paketleme Modifiyeli Atmosfer Paketleme \u00e7\u00f6z\u00fcm\u00fc bir g\u0131da \u00fcr\u00fcn\u00fcn\u00fcn tazeli\u011fini, tad\u0131n\u0131 ve kokusunu korumak i\u00e7in en etkili ambalaj sistemlerinden biridir. MAP \u00e7\u00f6z\u00fcmlerimizi inceleyin. https:\/\/www.youtube.com\/watch?v=4Ypoc5mc51Ehttps:\/\/www.youtube.com\/watch?v=NtEEL1J7WWs Kuruyemi\u015f, \u00e7erez ve benzeri \u00fcr\u00fcnler konusunda Anadolu topraklar\u0131n\u0131n biny\u0131llara uzanan bir ge\u00e7mi\u015fi var. Sadece \u00fclkemizde yeti\u015fen \u00e7ok de\u011ferli kuruyemi\u015f \u00fcr\u00fcnlerimiz var. Bu \u00e7ok k\u0131ymetli \u00fcr\u00fcnlerimizi ne yaz\u0131k ki [&hellip;]<\/p>\n","protected":false},"author":1,"featured_media":0,"parent":10118,"menu_order":0,"comment_status":"closed","ping_status":"closed","template":"","meta":{"footnotes":""},"class_list":["post-10128","page","type-page","status-publish","hentry"],"acf":[],"yoast_head":"<!-- This site is optimized with the Yoast SEO Premium plugin v19.5 (Yoast SEO v19.13) - https:\/\/yoast.com\/wordpress\/plugins\/seo\/ -->\n<title>Nuts Packaging - VOLVAC<\/title>\n<meta name=\"robots\" content=\"index, follow, max-snippet:-1, max-image-preview:large, max-video-preview:-1\" \/>\n<link rel=\"canonical\" href=\"https:\/\/volvacgermany.de\/en\/packaging-solutions\/nuts-packaging\/\" \/>\n<meta property=\"og:locale\" content=\"en_US\" \/>\n<meta property=\"og:type\" content=\"article\" \/>\n<meta property=\"og:title\" content=\"Nuts Packaging\" \/>\n<meta property=\"og:description\" content=\"WHAT WE DO Kuruyemi\u015f Paketleme Modifiyeli Atmosfer Paketleme \u00e7\u00f6z\u00fcm\u00fc bir g\u0131da \u00fcr\u00fcn\u00fcn\u00fcn tazeli\u011fini, tad\u0131n\u0131 ve kokusunu korumak i\u00e7in en etkili ambalaj sistemlerinden biridir. MAP \u00e7\u00f6z\u00fcmlerimizi inceleyin. https:\/\/www.youtube.com\/watch?v=4Ypoc5mc51Ehttps:\/\/www.youtube.com\/watch?v=NtEEL1J7WWs Kuruyemi\u015f, \u00e7erez ve benzeri \u00fcr\u00fcnler konusunda Anadolu topraklar\u0131n\u0131n biny\u0131llara uzanan bir ge\u00e7mi\u015fi var. Sadece \u00fclkemizde yeti\u015fen \u00e7ok de\u011ferli kuruyemi\u015f \u00fcr\u00fcnlerimiz var. Bu \u00e7ok k\u0131ymetli \u00fcr\u00fcnlerimizi ne yaz\u0131k ki [&hellip;]\" \/>\n<meta property=\"og:url\" content=\"https:\/\/volvacgermany.de\/en\/packaging-solutions\/nuts-packaging\/\" \/>\n<meta property=\"og:site_name\" content=\"VOLVAC\" \/>\n<meta property=\"article:modified_time\" content=\"2023-06-16T14:50:44+00:00\" \/>\n<meta name=\"twitter:card\" content=\"summary_large_image\" \/>\n<meta name=\"twitter:label1\" content=\"Est. reading time\" \/>\n\t<meta name=\"twitter:data1\" content=\"2 minutes\" \/>\n<script type=\"application\/ld+json\" class=\"yoast-schema-graph\">{\"@context\":\"https:\/\/schema.org\",\"@graph\":[{\"@type\":\"WebPage\",\"@id\":\"https:\/\/volvacgermany.de\/en\/packaging-solutions\/nuts-packaging\/\",\"url\":\"https:\/\/volvacgermany.de\/en\/packaging-solutions\/nuts-packaging\/\",\"name\":\"Nuts Packaging - VOLVAC\",\"isPartOf\":{\"@id\":\"https:\/\/volvacgermany.de\/#website\"},\"datePublished\":\"2023-06-16T14:40:21+00:00\",\"dateModified\":\"2023-06-16T14:50:44+00:00\",\"breadcrumb\":{\"@id\":\"https:\/\/volvacgermany.de\/en\/packaging-solutions\/nuts-packaging\/#breadcrumb\"},\"inLanguage\":\"en-US\",\"potentialAction\":[{\"@type\":\"ReadAction\",\"target\":[\"https:\/\/volvacgermany.de\/en\/packaging-solutions\/nuts-packaging\/\"]}]},{\"@type\":\"BreadcrumbList\",\"@id\":\"https:\/\/volvacgermany.de\/en\/packaging-solutions\/nuts-packaging\/#breadcrumb\",\"itemListElement\":[{\"@type\":\"ListItem\",\"position\":1,\"name\":\"Home\",\"item\":\"https:\/\/volvacgermany.de\/en\/\"},{\"@type\":\"ListItem\",\"position\":2,\"name\":\"PACKAGING SOLUTIONS\",\"item\":\"https:\/\/volvacgermany.de\/en\/packaging-solutions\/\"},{\"@type\":\"ListItem\",\"position\":3,\"name\":\"Nuts Packaging\"}]},{\"@type\":\"WebSite\",\"@id\":\"https:\/\/volvacgermany.de\/#website\",\"url\":\"https:\/\/volvacgermany.de\/\",\"name\":\"VOLVAC\",\"description\":\"Vakum Paketleme Makinas\u0131 \u0130malat\u00e7\u0131s\u0131 (Garantili)\",\"potentialAction\":[{\"@type\":\"SearchAction\",\"target\":{\"@type\":\"EntryPoint\",\"urlTemplate\":\"https:\/\/volvacgermany.de\/?s={search_term_string}\"},\"query-input\":\"required name=search_term_string\"}],\"inLanguage\":\"en-US\"}]}<\/script>\n<!-- \/ Yoast SEO Premium plugin. -->","yoast_head_json":{"title":"Nuts Packaging - VOLVAC","robots":{"index":"index","follow":"follow","max-snippet":"max-snippet:-1","max-image-preview":"max-image-preview:large","max-video-preview":"max-video-preview:-1"},"canonical":"https:\/\/volvacgermany.de\/en\/packaging-solutions\/nuts-packaging\/","og_locale":"en_US","og_type":"article","og_title":"Nuts Packaging","og_description":"WHAT WE DO Kuruyemi\u015f Paketleme Modifiyeli Atmosfer Paketleme \u00e7\u00f6z\u00fcm\u00fc bir g\u0131da \u00fcr\u00fcn\u00fcn\u00fcn tazeli\u011fini, tad\u0131n\u0131 ve kokusunu korumak i\u00e7in en etkili ambalaj sistemlerinden biridir. MAP \u00e7\u00f6z\u00fcmlerimizi inceleyin. https:\/\/www.youtube.com\/watch?v=4Ypoc5mc51Ehttps:\/\/www.youtube.com\/watch?v=NtEEL1J7WWs Kuruyemi\u015f, \u00e7erez ve benzeri \u00fcr\u00fcnler konusunda Anadolu topraklar\u0131n\u0131n biny\u0131llara uzanan bir ge\u00e7mi\u015fi var. Sadece \u00fclkemizde yeti\u015fen \u00e7ok de\u011ferli kuruyemi\u015f \u00fcr\u00fcnlerimiz var. Bu \u00e7ok k\u0131ymetli \u00fcr\u00fcnlerimizi ne yaz\u0131k ki [&hellip;]","og_url":"https:\/\/volvacgermany.de\/en\/packaging-solutions\/nuts-packaging\/","og_site_name":"VOLVAC","article_modified_time":"2023-06-16T14:50:44+00:00","twitter_card":"summary_large_image","twitter_misc":{"Est. reading time":"2 minutes"},"schema":{"@context":"https:\/\/schema.org","@graph":[{"@type":"WebPage","@id":"https:\/\/volvacgermany.de\/en\/packaging-solutions\/nuts-packaging\/","url":"https:\/\/volvacgermany.de\/en\/packaging-solutions\/nuts-packaging\/","name":"Nuts Packaging - VOLVAC","isPartOf":{"@id":"https:\/\/volvacgermany.de\/#website"},"datePublished":"2023-06-16T14:40:21+00:00","dateModified":"2023-06-16T14:50:44+00:00","breadcrumb":{"@id":"https:\/\/volvacgermany.de\/en\/packaging-solutions\/nuts-packaging\/#breadcrumb"},"inLanguage":"en-US","potentialAction":[{"@type":"ReadAction","target":["https:\/\/volvacgermany.de\/en\/packaging-solutions\/nuts-packaging\/"]}]},{"@type":"BreadcrumbList","@id":"https:\/\/volvacgermany.de\/en\/packaging-solutions\/nuts-packaging\/#breadcrumb","itemListElement":[{"@type":"ListItem","position":1,"name":"Home","item":"https:\/\/volvacgermany.de\/en\/"},{"@type":"ListItem","position":2,"name":"PACKAGING SOLUTIONS","item":"https:\/\/volvacgermany.de\/en\/packaging-solutions\/"},{"@type":"ListItem","position":3,"name":"Nuts Packaging"}]},{"@type":"WebSite","@id":"https:\/\/volvacgermany.de\/#website","url":"https:\/\/volvacgermany.de\/","name":"VOLVAC","description":"Vakum Paketleme Makinas\u0131 \u0130malat\u00e7\u0131s\u0131 (Garantili)","potentialAction":[{"@type":"SearchAction","target":{"@type":"EntryPoint","urlTemplate":"https:\/\/volvacgermany.de\/?s={search_term_string}"},"query-input":"required name=search_term_string"}],"inLanguage":"en-US"}]}},"_links":{"self":[{"href":"https:\/\/volvacgermany.de\/en\/wp-json\/wp\/v2\/pages\/10128","targetHints":{"allow":["GET"]}}],"collection":[{"href":"https:\/\/volvacgermany.de\/en\/wp-json\/wp\/v2\/pages"}],"about":[{"href":"https:\/\/volvacgermany.de\/en\/wp-json\/wp\/v2\/types\/page"}],"author":[{"embeddable":true,"href":"https:\/\/volvacgermany.de\/en\/wp-json\/wp\/v2\/users\/1"}],"replies":[{"embeddable":true,"href":"https:\/\/volvacgermany.de\/en\/wp-json\/wp\/v2\/comments?post=10128"}],"version-history":[{"count":7,"href":"https:\/\/volvacgermany.de\/en\/wp-json\/wp\/v2\/pages\/10128\/revisions"}],"predecessor-version":[{"id":10144,"href":"https:\/\/volvacgermany.de\/en\/wp-json\/wp\/v2\/pages\/10128\/revisions\/10144"}],"up":[{"embeddable":true,"href":"https:\/\/volvacgermany.de\/en\/wp-json\/wp\/v2\/pages\/10118"}],"wp:attachment":[{"href":"https:\/\/volvacgermany.de\/en\/wp-json\/wp\/v2\/media?parent=10128"}],"curies":[{"name":"wp","href":"https:\/\/api.w.org\/{rel}","templated":true}]}}