{"id":10134,"date":"2023-06-16T17:46:45","date_gmt":"2023-06-16T14:46:45","guid":{"rendered":"https:\/\/volvacgermany.de\/packaging-solutions\/appetizer-sauce-and-puree-packaging\/"},"modified":"2023-06-16T17:48:44","modified_gmt":"2023-06-16T14:48:44","slug":"appetizer-sauce-and-puree-packaging","status":"publish","type":"page","link":"https:\/\/volvacgermany.de\/en\/packaging-solutions\/appetizer-sauce-and-puree-packaging\/","title":{"rendered":"Appetizer, Sauce and Puree Packaging"},"content":{"rendered":"\t\t<div data-elementor-type=\"wp-page\" data-elementor-id=\"10134\" class=\"elementor elementor-10134 elementor-2685\">\n\t\t\t\t\t\t\t\t\t<section data-particle_enable=\"false\" data-particle-mobile-disabled=\"false\" class=\"elementor-section elementor-top-section elementor-element elementor-element-de41e37 z-index-2 pt-4 elementor-section-boxed elementor-section-height-default elementor-section-height-default\" data-id=\"de41e37\" data-element_type=\"section\" data-settings=\"{&quot;background_background&quot;:&quot;classic&quot;}\">\n\t\t\n\t\t\t\t\t\t\t<div class=\"elementor-container elementor-column-gap-no\">\n\t\t\t\t\t\t\t\t\t\t\t<div class=\"elementor-column elementor-col-100 elementor-top-column elementor-element elementor-element-9f7b8de position-static pt-3 mt-5 w-100\" data-id=\"9f7b8de\" data-element_type=\"column\">\n\t\t\t\t\t<div class=\"elementor-widget-wrap elementor-element-populated\">\n\t\t\t\t\t\t\t\t<div class=\"elementor-element elementor-element-c396c70 py-2 mb-0 elementor-invisible elementor-widget elementor-widget-heading\" data-id=\"c396c70\" data-element_type=\"widget\" data-settings=\"{&quot;_animation&quot;:&quot;fadeInUp&quot;,&quot;_animation_delay&quot;:200}\" data-widget_type=\"heading.default\">\n\t\t\t\t<div class=\"elementor-widget-container\">\n\t\t\t<style>\/*! elementor - v3.9.2 - 21-12-2022 *\/\n.elementor-heading-title{padding:0;margin:0;line-height:1}.elementor-widget-heading .elementor-heading-title[class*=elementor-size-]>a{color:inherit;font-size:inherit;line-height:inherit}.elementor-widget-heading .elementor-heading-title.elementor-size-small{font-size:15px}.elementor-widget-heading .elementor-heading-title.elementor-size-medium{font-size:19px}.elementor-widget-heading .elementor-heading-title.elementor-size-large{font-size:29px}.elementor-widget-heading .elementor-heading-title.elementor-size-xl{font-size:39px}.elementor-widget-heading .elementor-heading-title.elementor-size-xxl{font-size:59px}<\/style><h2 class=\"elementor-heading-title elementor-size-default\">WHAT WE DO<\/h2>\t\t<\/div>\n\t\t\t\t<\/div>\n\t\t\t\t<div class=\"elementor-element elementor-element-b5c58dd mb-3 elementor-widget elementor-widget-heading\" data-id=\"b5c58dd\" data-element_type=\"widget\" data-widget_type=\"heading.default\">\n\t\t\t\t<div class=\"elementor-widget-container\">\n\t\t\t<h3 class=\"elementor-heading-title elementor-size-default\">Meze, Sos ve P\u00fcre Paketleme<\/h3>\t\t<\/div>\n\t\t\t\t<\/div>\n\t\t\t\t<div class=\"elementor-element elementor-element-17e014c mb-4 pb-2 custom-font1 px-0 col-lg-9 col-xl-8 mx-auto elementor-widget elementor-widget-heading\" data-id=\"17e014c\" data-element_type=\"widget\" data-widget_type=\"heading.default\">\n\t\t\t\t<div class=\"elementor-widget-container\">\n\t\t\t<p class=\"elementor-heading-title elementor-size-default\">Modifiyeli Atmosfer Paketleme \u00e7\u00f6z\u00fcm\u00fc bir g\u0131da \u00fcr\u00fcn\u00fcn\u00fcn tazeli\u011fini, tad\u0131n\u0131 ve kokusunu korumak i\u00e7in en etkili ambalaj sistemlerinden biridir. MAP \u00e7\u00f6z\u00fcmlerimizi inceleyin.<\/p>\t\t<\/div>\n\t\t\t\t<\/div>\n\t\t\t\t<section data-particle_enable=\"false\" data-particle-mobile-disabled=\"false\" class=\"elementor-section elementor-inner-section elementor-element elementor-element-f89455d elementor-section-boxed elementor-section-height-default elementor-section-height-default\" data-id=\"f89455d\" data-element_type=\"section\">\n\t\t\n\t\t\t\t\t\t\t<div class=\"elementor-container elementor-column-gap-default\">\n\t\t\t\t\t\t\t\t\t\t\t<div class=\"elementor-column elementor-col-50 elementor-inner-column elementor-element elementor-element-42a3e63\" data-id=\"42a3e63\" data-element_type=\"column\">\n\t\t\t\t\t<div class=\"elementor-widget-wrap elementor-element-populated\">\n\t\t\t\t\t\t\t\t<div class=\"elementor-element elementor-element-26c4fbb elementor-aspect-ratio-169 elementor-widget elementor-widget-video\" data-id=\"26c4fbb\" data-element_type=\"widget\" data-settings=\"{&quot;youtube_url&quot;:&quot;https:\\\/\\\/www.youtube.com\\\/watch?v=4DRrtU4jJKo&quot;,&quot;loop&quot;:&quot;yes&quot;,&quot;video_type&quot;:&quot;youtube&quot;,&quot;aspect_ratio&quot;:&quot;169&quot;}\" data-widget_type=\"video.default\">\n\t\t\t\t<div class=\"elementor-widget-container\">\n\t\t\t<style>\/*! elementor - v3.9.2 - 21-12-2022 *\/\n.elementor-widget-video .elementor-widget-container{overflow:hidden;transform:translateZ(0)}.elementor-widget-video .elementor-open-inline .elementor-custom-embed-image-overlay{position:absolute;top:0;left:0;width:100%;height:100%;background-size:cover;background-position:50%}.elementor-widget-video .elementor-custom-embed-image-overlay{cursor:pointer;text-align:center}.elementor-widget-video .elementor-custom-embed-image-overlay:hover .elementor-custom-embed-play i{opacity:1}.elementor-widget-video .elementor-custom-embed-image-overlay img{display:block;width:100%}.elementor-widget-video .e-hosted-video .elementor-video{-o-object-fit:cover;object-fit:cover}.e-con-inner>.elementor-widget-video,.e-con>.elementor-widget-video{width:var(--container-widget-width);--flex-grow:var(--container-widget-flex-grow)}<\/style>\t\t<div class=\"elementor-wrapper elementor-fit-aspect-ratio elementor-open-inline\">\n\t\t\t<div class=\"elementor-video\"><\/div>\t\t<\/div>\n\t\t\t\t<\/div>\n\t\t\t\t<\/div>\n\t\t\t\t\t<\/div>\n\t\t\t\t<\/div>\n\t\t\t\t<div class=\"elementor-column elementor-col-50 elementor-inner-column elementor-element elementor-element-49fadbe\" data-id=\"49fadbe\" data-element_type=\"column\">\n\t\t\t\t\t<div class=\"elementor-widget-wrap elementor-element-populated\">\n\t\t\t\t\t\t\t\t<div class=\"elementor-element elementor-element-c21721b elementor-aspect-ratio-169 elementor-widget elementor-widget-video\" data-id=\"c21721b\" data-element_type=\"widget\" data-settings=\"{&quot;youtube_url&quot;:&quot;https:\\\/\\\/www.youtube.com\\\/watch?v=fLN4njFnnJ0&quot;,&quot;loop&quot;:&quot;yes&quot;,&quot;video_type&quot;:&quot;youtube&quot;,&quot;aspect_ratio&quot;:&quot;169&quot;}\" data-widget_type=\"video.default\">\n\t\t\t\t<div class=\"elementor-widget-container\">\n\t\t\t\t\t<div class=\"elementor-wrapper elementor-fit-aspect-ratio elementor-open-inline\">\n\t\t\t<div class=\"elementor-video\"><\/div>\t\t<\/div>\n\t\t\t\t<\/div>\n\t\t\t\t<\/div>\n\t\t\t\t\t<\/div>\n\t\t\t\t<\/div>\n\t\t\t\t\t<\/div>\n\t\t\t\t<\/section>\n\t\t\t\t<div class=\"elementor-element elementor-element-69fca07 elementor-widget elementor-widget-text-editor\" data-id=\"69fca07\" data-element_type=\"widget\" data-widget_type=\"text-editor.default\">\n\t\t\t\t<div class=\"elementor-widget-container\">\n\t\t\t<style>\/*! elementor - v3.9.2 - 21-12-2022 *\/\n.elementor-widget-text-editor.elementor-drop-cap-view-stacked .elementor-drop-cap{background-color:#818a91;color:#fff}.elementor-widget-text-editor.elementor-drop-cap-view-framed .elementor-drop-cap{color:#818a91;border:3px solid;background-color:transparent}.elementor-widget-text-editor:not(.elementor-drop-cap-view-default) .elementor-drop-cap{margin-top:8px}.elementor-widget-text-editor:not(.elementor-drop-cap-view-default) .elementor-drop-cap-letter{width:1em;height:1em}.elementor-widget-text-editor .elementor-drop-cap{float:left;text-align:center;line-height:1;font-size:50px}.elementor-widget-text-editor .elementor-drop-cap-letter{display:inline-block}<\/style>\t\t\t\t<p>VOLVAC uzun y\u0131llard\u0131r edindi\u011fi deneyimlerle s\u0131v\u0131 ve macun tipi ak\u0131\u015fkan g\u0131dalar\u0131n ambalaj\u0131nda s\u0131k\u0131nt\u0131s\u0131z ve sorunsuz \u00e7\u00f6z\u00fcmler sunmaktad\u0131r. Art\u0131k nereteyse her t\u00fcrl\u00fc g\u0131da i\u00e7in de\u011fi\u015fik soslar, yard\u0131mc\u0131 malzemeler t\u00fcketiciye sunulmaktad\u0131r. Bunlar\u0131n yan\u0131nda sofralar\u0131m\u0131z\u0131n \u00e7ok de\u011ferli ve \u00e7ok \u00e7e\u015fitli meze ve p\u00fcreleri mevcuttur. VOLVAC olarak t\u00fcm bu \u00fcr\u00fcnlere katma de\u011ferli ambalaj \u00e7\u00f6z\u00fcmleri sunmaktay\u0131z.<\/p>\n<p>Sos, g\u00fcn\u00fcm\u00fcz\u00fcn yemek masalar\u0131n\u0131n tuz karabiber kadar vazge\u00e7ilmezi oldu art\u0131k. Yemekleri sade olarak de\u011fil \u00e7e\u015fitli lezzet katk\u0131lar\u0131yla \u00f6n\u00fcm\u00fcze sunmaktad\u0131r. \u00d6zellikle gen\u00e7 ku\u015fak, sos kullan\u0131lan yemekleri tercih etmektedir. Yemek \u00fcreticileri, son kullan\u0131c\u0131dan gelen istekleri de g\u00f6z \u00f6n\u00fcnde bulundurarak say\u0131s\u0131z \u00e7e\u015fitte, lezzette ve g\u00f6r\u00fcn\u00fcmde soslar \u00fcretmeye ba\u015flad\u0131. Pizzadan tutun da mant\u0131ya, pideye, \u00e7i\u011f k\u00f6fteye kadar pek \u00e7ok \u00fcr\u00fcn, market raflar\u0131nda sat\u0131\u015fa sunulurken yan\u0131nda mutlaka bir tak\u0131m yard\u0131mc\u0131 lezzet malzememeri bulunmaktad\u0131r.<\/p>\n<p>Meze ise Anadolu K\u00fclt\u00fcr\u00fc&#8217;n\u00fcn muhte\u015fem bir par\u00e7as\u0131d\u0131r. Yemeklerin yan\u0131na at\u0131\u015ft\u0131rmal\u0131k olarak sunulan binlerce \u00e7e\u015fit meze, genellikle Ege ve G\u00fcneydo\u011fu k\u00fclt\u00fcr\u00fcnden beslenerek sofralar\u0131m\u0131za ula\u015fmaktad\u0131r. Humus, Rus Salatas\u0131, Manc\u0131, Acuka, Yaprak Sarma, Patl\u0131can Salatas\u0131, Haydari ve benzeri y\u00fczlerce \u00e7e\u015fit at\u0131\u015ft\u0131rmal\u0131k lezzet katk\u0131lar\u0131, sofralar\u0131m\u0131z\u0131 zenginle\u015ftirmektedir.<\/p>\n<p>P\u00fcre tarz\u0131 \u00fcr\u00fcnlerin \u00e7e\u015fitlili\u011fi ise g\u00fcn ge\u00e7tik\u00e7e artmaktad\u0131r. Eskide sadece patatesten \u00fcretilen p\u00fcre g\u00fcn\u00fcm\u00fczde her \u00e7e\u015fit g\u0131da \u00fcr\u00fcn\u00fcyle haz\u0131rlanabilmektedir. Gerek at\u0131\u015ft\u0131rmal\u0131k olarak, gerek ana yeme\u011fin yan\u0131nda tamamlay\u0131c\u0131 olarak p\u00fcre kullan\u0131lmaktad\u0131r.<\/p>\n<p>VOLVAC olarak y\u00f6resel lezzetleri son kullan\u0131c\u0131ya katk\u0131s\u0131z, aroma ve tad kay\u0131ps\u0131z olarak ula\u015ft\u0131rmay\u0131 hedef edinmi\u015ftir. Bu ba\u011flamda pek \u00e7ok \u00fcretici ile \u00e7ok de\u011ferli \u00fcr\u00fcnleri sofralar\u0131m\u0131za kazand\u0131rd\u0131k.<\/p>\n<p>VOLVAC taraf\u0131ndan \u00fcretilen b\u00fct\u00fcn MAP ve Vakum makineleri, sos\/p\u00fcre\/meze ambalaj\u0131nda sorunsuz hizmet vermektedir.<\/p>\n<p>E\u011fer sos, ezme, p\u00fcre ambalaj\u0131 konusunda deste\u011fe ihtiyac\u0131n\u0131z varsa do\u011fru adrestesiniz.<\/p>\n\t\t\t\t\t\t<\/div>\n\t\t\t\t<\/div>\n\t\t\t\t\t<\/div>\n\t\t\t\t<\/div>\n\t\t\t\t\t<\/div>\n\t\t\t\t<\/section>\n\t\t\t\t<section data-particle_enable=\"false\" data-particle-mobile-disabled=\"false\" class=\"elementor-section elementor-top-section elementor-element elementor-element-232bb15 elementor-section-boxed elementor-section-height-default elementor-section-height-default\" data-id=\"232bb15\" data-element_type=\"section\">\n\t\t\n\t\t\t\t\t\t\t<div class=\"elementor-container elementor-column-gap-default\">\n\t\t\t\t\t\t\t\t\t\t\t<div class=\"elementor-column elementor-col-100 elementor-top-column elementor-element elementor-element-01ebc14\" data-id=\"01ebc14\" data-element_type=\"column\">\n\t\t\t\t\t<div class=\"elementor-widget-wrap\">\n\t\t\t\t\t\t\t\t\t<\/div>\n\t\t\t\t<\/div>\n\t\t\t\t\t<\/div>\n\t\t\t\t<\/section>\n\t\t\t\t\t\t\t<\/div>\n\t\t","protected":false},"excerpt":{"rendered":"<p>WHAT WE DO Meze, Sos ve P\u00fcre Paketleme Modifiyeli Atmosfer Paketleme \u00e7\u00f6z\u00fcm\u00fc bir g\u0131da \u00fcr\u00fcn\u00fcn\u00fcn tazeli\u011fini, tad\u0131n\u0131 ve kokusunu korumak i\u00e7in en etkili ambalaj sistemlerinden biridir. MAP \u00e7\u00f6z\u00fcmlerimizi inceleyin. https:\/\/www.youtube.com\/watch?v=4DRrtU4jJKohttps:\/\/www.youtube.com\/watch?v=fLN4njFnnJ0 VOLVAC uzun y\u0131llard\u0131r edindi\u011fi deneyimlerle s\u0131v\u0131 ve macun tipi ak\u0131\u015fkan g\u0131dalar\u0131n ambalaj\u0131nda s\u0131k\u0131nt\u0131s\u0131z ve sorunsuz \u00e7\u00f6z\u00fcmler sunmaktad\u0131r. Art\u0131k nereteyse her t\u00fcrl\u00fc g\u0131da i\u00e7in de\u011fi\u015fik soslar, [&hellip;]<\/p>\n","protected":false},"author":1,"featured_media":0,"parent":10118,"menu_order":0,"comment_status":"closed","ping_status":"closed","template":"","meta":{"footnotes":""},"class_list":["post-10134","page","type-page","status-publish","hentry"],"acf":[],"yoast_head":"<!-- This site is optimized with the Yoast SEO Premium plugin v19.5 (Yoast SEO v19.13) - https:\/\/yoast.com\/wordpress\/plugins\/seo\/ -->\n<title>Appetizer, Sauce and Puree Packaging - VOLVAC<\/title>\n<meta name=\"robots\" content=\"index, follow, max-snippet:-1, max-image-preview:large, max-video-preview:-1\" \/>\n<link rel=\"canonical\" href=\"https:\/\/volvacgermany.de\/en\/packaging-solutions\/appetizer-sauce-and-puree-packaging\/\" \/>\n<meta property=\"og:locale\" content=\"en_US\" \/>\n<meta property=\"og:type\" content=\"article\" \/>\n<meta property=\"og:title\" content=\"Appetizer, Sauce and Puree Packaging\" \/>\n<meta property=\"og:description\" content=\"WHAT WE DO Meze, Sos ve P\u00fcre Paketleme Modifiyeli Atmosfer Paketleme \u00e7\u00f6z\u00fcm\u00fc bir g\u0131da \u00fcr\u00fcn\u00fcn\u00fcn tazeli\u011fini, tad\u0131n\u0131 ve kokusunu korumak i\u00e7in en etkili ambalaj sistemlerinden biridir. MAP \u00e7\u00f6z\u00fcmlerimizi inceleyin. https:\/\/www.youtube.com\/watch?v=4DRrtU4jJKohttps:\/\/www.youtube.com\/watch?v=fLN4njFnnJ0 VOLVAC uzun y\u0131llard\u0131r edindi\u011fi deneyimlerle s\u0131v\u0131 ve macun tipi ak\u0131\u015fkan g\u0131dalar\u0131n ambalaj\u0131nda s\u0131k\u0131nt\u0131s\u0131z ve sorunsuz \u00e7\u00f6z\u00fcmler sunmaktad\u0131r. Art\u0131k nereteyse her t\u00fcrl\u00fc g\u0131da i\u00e7in de\u011fi\u015fik soslar, [&hellip;]\" \/>\n<meta property=\"og:url\" content=\"https:\/\/volvacgermany.de\/en\/packaging-solutions\/appetizer-sauce-and-puree-packaging\/\" \/>\n<meta property=\"og:site_name\" content=\"VOLVAC\" \/>\n<meta property=\"article:modified_time\" content=\"2023-06-16T14:48:44+00:00\" \/>\n<meta name=\"twitter:card\" content=\"summary_large_image\" \/>\n<meta name=\"twitter:label1\" content=\"Est. reading time\" \/>\n\t<meta name=\"twitter:data1\" content=\"2 minutes\" \/>\n<script type=\"application\/ld+json\" class=\"yoast-schema-graph\">{\"@context\":\"https:\/\/schema.org\",\"@graph\":[{\"@type\":\"WebPage\",\"@id\":\"https:\/\/volvacgermany.de\/en\/packaging-solutions\/appetizer-sauce-and-puree-packaging\/\",\"url\":\"https:\/\/volvacgermany.de\/en\/packaging-solutions\/appetizer-sauce-and-puree-packaging\/\",\"name\":\"Appetizer, Sauce and Puree Packaging - VOLVAC\",\"isPartOf\":{\"@id\":\"https:\/\/volvacgermany.de\/#website\"},\"datePublished\":\"2023-06-16T14:46:45+00:00\",\"dateModified\":\"2023-06-16T14:48:44+00:00\",\"breadcrumb\":{\"@id\":\"https:\/\/volvacgermany.de\/en\/packaging-solutions\/appetizer-sauce-and-puree-packaging\/#breadcrumb\"},\"inLanguage\":\"en-US\",\"potentialAction\":[{\"@type\":\"ReadAction\",\"target\":[\"https:\/\/volvacgermany.de\/en\/packaging-solutions\/appetizer-sauce-and-puree-packaging\/\"]}]},{\"@type\":\"BreadcrumbList\",\"@id\":\"https:\/\/volvacgermany.de\/en\/packaging-solutions\/appetizer-sauce-and-puree-packaging\/#breadcrumb\",\"itemListElement\":[{\"@type\":\"ListItem\",\"position\":1,\"name\":\"Home\",\"item\":\"https:\/\/volvacgermany.de\/en\/\"},{\"@type\":\"ListItem\",\"position\":2,\"name\":\"PACKAGING SOLUTIONS\",\"item\":\"https:\/\/volvacgermany.de\/en\/packaging-solutions\/\"},{\"@type\":\"ListItem\",\"position\":3,\"name\":\"Appetizer, Sauce and Puree Packaging\"}]},{\"@type\":\"WebSite\",\"@id\":\"https:\/\/volvacgermany.de\/#website\",\"url\":\"https:\/\/volvacgermany.de\/\",\"name\":\"VOLVAC\",\"description\":\"Vakum Paketleme Makinas\u0131 \u0130malat\u00e7\u0131s\u0131 (Garantili)\",\"potentialAction\":[{\"@type\":\"SearchAction\",\"target\":{\"@type\":\"EntryPoint\",\"urlTemplate\":\"https:\/\/volvacgermany.de\/?s={search_term_string}\"},\"query-input\":\"required name=search_term_string\"}],\"inLanguage\":\"en-US\"}]}<\/script>\n<!-- \/ Yoast SEO Premium plugin. -->","yoast_head_json":{"title":"Appetizer, Sauce and Puree Packaging - VOLVAC","robots":{"index":"index","follow":"follow","max-snippet":"max-snippet:-1","max-image-preview":"max-image-preview:large","max-video-preview":"max-video-preview:-1"},"canonical":"https:\/\/volvacgermany.de\/en\/packaging-solutions\/appetizer-sauce-and-puree-packaging\/","og_locale":"en_US","og_type":"article","og_title":"Appetizer, Sauce and Puree Packaging","og_description":"WHAT WE DO Meze, Sos ve P\u00fcre Paketleme Modifiyeli Atmosfer Paketleme \u00e7\u00f6z\u00fcm\u00fc bir g\u0131da \u00fcr\u00fcn\u00fcn\u00fcn tazeli\u011fini, tad\u0131n\u0131 ve kokusunu korumak i\u00e7in en etkili ambalaj sistemlerinden biridir. MAP \u00e7\u00f6z\u00fcmlerimizi inceleyin. https:\/\/www.youtube.com\/watch?v=4DRrtU4jJKohttps:\/\/www.youtube.com\/watch?v=fLN4njFnnJ0 VOLVAC uzun y\u0131llard\u0131r edindi\u011fi deneyimlerle s\u0131v\u0131 ve macun tipi ak\u0131\u015fkan g\u0131dalar\u0131n ambalaj\u0131nda s\u0131k\u0131nt\u0131s\u0131z ve sorunsuz \u00e7\u00f6z\u00fcmler sunmaktad\u0131r. Art\u0131k nereteyse her t\u00fcrl\u00fc g\u0131da i\u00e7in de\u011fi\u015fik soslar, [&hellip;]","og_url":"https:\/\/volvacgermany.de\/en\/packaging-solutions\/appetizer-sauce-and-puree-packaging\/","og_site_name":"VOLVAC","article_modified_time":"2023-06-16T14:48:44+00:00","twitter_card":"summary_large_image","twitter_misc":{"Est. reading time":"2 minutes"},"schema":{"@context":"https:\/\/schema.org","@graph":[{"@type":"WebPage","@id":"https:\/\/volvacgermany.de\/en\/packaging-solutions\/appetizer-sauce-and-puree-packaging\/","url":"https:\/\/volvacgermany.de\/en\/packaging-solutions\/appetizer-sauce-and-puree-packaging\/","name":"Appetizer, Sauce and Puree Packaging - VOLVAC","isPartOf":{"@id":"https:\/\/volvacgermany.de\/#website"},"datePublished":"2023-06-16T14:46:45+00:00","dateModified":"2023-06-16T14:48:44+00:00","breadcrumb":{"@id":"https:\/\/volvacgermany.de\/en\/packaging-solutions\/appetizer-sauce-and-puree-packaging\/#breadcrumb"},"inLanguage":"en-US","potentialAction":[{"@type":"ReadAction","target":["https:\/\/volvacgermany.de\/en\/packaging-solutions\/appetizer-sauce-and-puree-packaging\/"]}]},{"@type":"BreadcrumbList","@id":"https:\/\/volvacgermany.de\/en\/packaging-solutions\/appetizer-sauce-and-puree-packaging\/#breadcrumb","itemListElement":[{"@type":"ListItem","position":1,"name":"Home","item":"https:\/\/volvacgermany.de\/en\/"},{"@type":"ListItem","position":2,"name":"PACKAGING SOLUTIONS","item":"https:\/\/volvacgermany.de\/en\/packaging-solutions\/"},{"@type":"ListItem","position":3,"name":"Appetizer, Sauce and Puree Packaging"}]},{"@type":"WebSite","@id":"https:\/\/volvacgermany.de\/#website","url":"https:\/\/volvacgermany.de\/","name":"VOLVAC","description":"Vakum Paketleme Makinas\u0131 \u0130malat\u00e7\u0131s\u0131 (Garantili)","potentialAction":[{"@type":"SearchAction","target":{"@type":"EntryPoint","urlTemplate":"https:\/\/volvacgermany.de\/?s={search_term_string}"},"query-input":"required name=search_term_string"}],"inLanguage":"en-US"}]}},"_links":{"self":[{"href":"https:\/\/volvacgermany.de\/en\/wp-json\/wp\/v2\/pages\/10134","targetHints":{"allow":["GET"]}}],"collection":[{"href":"https:\/\/volvacgermany.de\/en\/wp-json\/wp\/v2\/pages"}],"about":[{"href":"https:\/\/volvacgermany.de\/en\/wp-json\/wp\/v2\/types\/page"}],"author":[{"embeddable":true,"href":"https:\/\/volvacgermany.de\/en\/wp-json\/wp\/v2\/users\/1"}],"replies":[{"embeddable":true,"href":"https:\/\/volvacgermany.de\/en\/wp-json\/wp\/v2\/comments?post=10134"}],"version-history":[{"count":7,"href":"https:\/\/volvacgermany.de\/en\/wp-json\/wp\/v2\/pages\/10134\/revisions"}],"predecessor-version":[{"id":10141,"href":"https:\/\/volvacgermany.de\/en\/wp-json\/wp\/v2\/pages\/10134\/revisions\/10141"}],"up":[{"embeddable":true,"href":"https:\/\/volvacgermany.de\/en\/wp-json\/wp\/v2\/pages\/10118"}],"wp:attachment":[{"href":"https:\/\/volvacgermany.de\/en\/wp-json\/wp\/v2\/media?parent=10134"}],"curies":[{"name":"wp","href":"https:\/\/api.w.org\/{rel}","templated":true}]}}