{"id":10145,"date":"2023-06-16T17:54:27","date_gmt":"2023-06-16T14:54:27","guid":{"rendered":"https:\/\/volvacgermany.de\/packaging-solutions\/olive-packaging\/"},"modified":"2023-06-16T17:54:28","modified_gmt":"2023-06-16T14:54:28","slug":"olive-packaging","status":"publish","type":"page","link":"https:\/\/volvacgermany.de\/en\/packaging-solutions\/olive-packaging\/","title":{"rendered":"Olive Packaging"},"content":{"rendered":"\t\t<div data-elementor-type=\"wp-page\" data-elementor-id=\"10145\" class=\"elementor elementor-10145 elementor-2700\">\n\t\t\t\t\t\t\t\t\t<section data-particle_enable=\"false\" data-particle-mobile-disabled=\"false\" class=\"elementor-section elementor-top-section elementor-element elementor-element-de41e37 z-index-2 pt-4 elementor-section-boxed elementor-section-height-default elementor-section-height-default\" data-id=\"de41e37\" data-element_type=\"section\" data-settings=\"{&quot;background_background&quot;:&quot;classic&quot;}\">\n\t\t\n\t\t\t\t\t\t\t<div class=\"elementor-container elementor-column-gap-no\">\n\t\t\t\t\t\t\t\t\t\t\t<div class=\"elementor-column elementor-col-100 elementor-top-column elementor-element elementor-element-9f7b8de position-static pt-3 mt-5 w-100\" data-id=\"9f7b8de\" data-element_type=\"column\">\n\t\t\t\t\t<div class=\"elementor-widget-wrap elementor-element-populated\">\n\t\t\t\t\t\t\t\t<div class=\"elementor-element elementor-element-c396c70 py-2 mb-0 elementor-invisible elementor-widget elementor-widget-heading\" data-id=\"c396c70\" data-element_type=\"widget\" data-settings=\"{&quot;_animation&quot;:&quot;fadeInUp&quot;,&quot;_animation_delay&quot;:200}\" data-widget_type=\"heading.default\">\n\t\t\t\t<div class=\"elementor-widget-container\">\n\t\t\t<style>\/*! elementor - v3.9.2 - 21-12-2022 *\/\n.elementor-heading-title{padding:0;margin:0;line-height:1}.elementor-widget-heading .elementor-heading-title[class*=elementor-size-]>a{color:inherit;font-size:inherit;line-height:inherit}.elementor-widget-heading .elementor-heading-title.elementor-size-small{font-size:15px}.elementor-widget-heading .elementor-heading-title.elementor-size-medium{font-size:19px}.elementor-widget-heading .elementor-heading-title.elementor-size-large{font-size:29px}.elementor-widget-heading .elementor-heading-title.elementor-size-xl{font-size:39px}.elementor-widget-heading .elementor-heading-title.elementor-size-xxl{font-size:59px}<\/style><h2 class=\"elementor-heading-title elementor-size-default\">WHAT WE DO<\/h2>\t\t<\/div>\n\t\t\t\t<\/div>\n\t\t\t\t<div class=\"elementor-element elementor-element-b5c58dd mb-3 elementor-widget elementor-widget-heading\" data-id=\"b5c58dd\" data-element_type=\"widget\" data-widget_type=\"heading.default\">\n\t\t\t\t<div class=\"elementor-widget-container\">\n\t\t\t<h3 class=\"elementor-heading-title elementor-size-default\">Zeytin Paketleme<\/h3>\t\t<\/div>\n\t\t\t\t<\/div>\n\t\t\t\t<div class=\"elementor-element elementor-element-17e014c mb-4 pb-2 custom-font1 px-0 col-lg-9 col-xl-8 mx-auto elementor-widget elementor-widget-heading\" data-id=\"17e014c\" data-element_type=\"widget\" data-widget_type=\"heading.default\">\n\t\t\t\t<div class=\"elementor-widget-container\">\n\t\t\t<p class=\"elementor-heading-title elementor-size-default\">Modifiyeli Atmosfer Paketleme \u00e7\u00f6z\u00fcm\u00fc bir g\u0131da \u00fcr\u00fcn\u00fcn\u00fcn tazeli\u011fini, tad\u0131n\u0131 ve kokusunu korumak i\u00e7in en etkili ambalaj sistemlerinden biridir. MAP \u00e7\u00f6z\u00fcmlerimizi inceleyin.<\/p>\t\t<\/div>\n\t\t\t\t<\/div>\n\t\t\t\t<section data-particle_enable=\"false\" data-particle-mobile-disabled=\"false\" class=\"elementor-section elementor-inner-section elementor-element elementor-element-cde02b3 elementor-section-boxed elementor-section-height-default elementor-section-height-default\" data-id=\"cde02b3\" data-element_type=\"section\">\n\t\t\n\t\t\t\t\t\t\t<div class=\"elementor-container elementor-column-gap-default\">\n\t\t\t\t\t\t\t\t\t\t\t<div class=\"elementor-column elementor-col-50 elementor-inner-column elementor-element elementor-element-2efc435\" data-id=\"2efc435\" data-element_type=\"column\">\n\t\t\t\t\t<div class=\"elementor-widget-wrap elementor-element-populated\">\n\t\t\t\t\t\t\t\t<div class=\"elementor-element elementor-element-b30e520 elementor-aspect-ratio-169 elementor-widget elementor-widget-video\" data-id=\"b30e520\" data-element_type=\"widget\" data-settings=\"{&quot;youtube_url&quot;:&quot;https:\\\/\\\/www.youtube.com\\\/watch?v=UaUq0FJ7iCk&quot;,&quot;loop&quot;:&quot;yes&quot;,&quot;video_type&quot;:&quot;youtube&quot;,&quot;aspect_ratio&quot;:&quot;169&quot;}\" data-widget_type=\"video.default\">\n\t\t\t\t<div class=\"elementor-widget-container\">\n\t\t\t<style>\/*! elementor - v3.9.2 - 21-12-2022 *\/\n.elementor-widget-video .elementor-widget-container{overflow:hidden;transform:translateZ(0)}.elementor-widget-video .elementor-open-inline .elementor-custom-embed-image-overlay{position:absolute;top:0;left:0;width:100%;height:100%;background-size:cover;background-position:50%}.elementor-widget-video .elementor-custom-embed-image-overlay{cursor:pointer;text-align:center}.elementor-widget-video .elementor-custom-embed-image-overlay:hover .elementor-custom-embed-play i{opacity:1}.elementor-widget-video .elementor-custom-embed-image-overlay img{display:block;width:100%}.elementor-widget-video .e-hosted-video .elementor-video{-o-object-fit:cover;object-fit:cover}.e-con-inner>.elementor-widget-video,.e-con>.elementor-widget-video{width:var(--container-widget-width);--flex-grow:var(--container-widget-flex-grow)}<\/style>\t\t<div class=\"elementor-wrapper elementor-fit-aspect-ratio elementor-open-inline\">\n\t\t\t<div class=\"elementor-video\"><\/div>\t\t<\/div>\n\t\t\t\t<\/div>\n\t\t\t\t<\/div>\n\t\t\t\t\t<\/div>\n\t\t\t\t<\/div>\n\t\t\t\t<div class=\"elementor-column elementor-col-50 elementor-inner-column elementor-element elementor-element-119aa5e\" data-id=\"119aa5e\" data-element_type=\"column\">\n\t\t\t\t\t<div class=\"elementor-widget-wrap elementor-element-populated\">\n\t\t\t\t\t\t\t\t<div class=\"elementor-element elementor-element-63d51af elementor-aspect-ratio-169 elementor-widget elementor-widget-video\" data-id=\"63d51af\" data-element_type=\"widget\" data-settings=\"{&quot;youtube_url&quot;:&quot;https:\\\/\\\/www.youtube.com\\\/watch?v=viRtKBDfNNU&quot;,&quot;loop&quot;:&quot;yes&quot;,&quot;video_type&quot;:&quot;youtube&quot;,&quot;aspect_ratio&quot;:&quot;169&quot;}\" data-widget_type=\"video.default\">\n\t\t\t\t<div class=\"elementor-widget-container\">\n\t\t\t\t\t<div class=\"elementor-wrapper elementor-fit-aspect-ratio elementor-open-inline\">\n\t\t\t<div class=\"elementor-video\"><\/div>\t\t<\/div>\n\t\t\t\t<\/div>\n\t\t\t\t<\/div>\n\t\t\t\t\t<\/div>\n\t\t\t\t<\/div>\n\t\t\t\t\t<\/div>\n\t\t\t\t<\/section>\n\t\t\t\t<div class=\"elementor-element elementor-element-69fca07 elementor-widget elementor-widget-text-editor\" data-id=\"69fca07\" data-element_type=\"widget\" data-widget_type=\"text-editor.default\">\n\t\t\t\t<div class=\"elementor-widget-container\">\n\t\t\t<style>\/*! elementor - v3.9.2 - 21-12-2022 *\/\n.elementor-widget-text-editor.elementor-drop-cap-view-stacked .elementor-drop-cap{background-color:#818a91;color:#fff}.elementor-widget-text-editor.elementor-drop-cap-view-framed .elementor-drop-cap{color:#818a91;border:3px solid;background-color:transparent}.elementor-widget-text-editor:not(.elementor-drop-cap-view-default) .elementor-drop-cap{margin-top:8px}.elementor-widget-text-editor:not(.elementor-drop-cap-view-default) .elementor-drop-cap-letter{width:1em;height:1em}.elementor-widget-text-editor .elementor-drop-cap{float:left;text-align:center;line-height:1;font-size:50px}.elementor-widget-text-editor .elementor-drop-cap-letter{display:inline-block}<\/style>\t\t\t\t<p>VOLVAC olarak \u00fclkemizin \u00e7ok \u00f6nemli bir \u00fcr\u00fcn\u00fc olan zeytin i\u015flemesinde de \u00e7\u00f6z\u00fcm sunmaktay\u0131z. \u00dclkemiz bitki \u00f6rt\u00fcs\u00fc, iklim, toprak su kaynaklar\u0131, \u00fcr\u00fcn \u00e7e\u015fitlili\u011fi ve tar\u0131mda \u00e7al\u0131\u015fan n\u00fcfusun fazla olmas\u0131 gibi fakt\u00f6rlerden dolay\u0131 bitki tar\u0131m\u0131 i\u00e7in \u00e7ok elveri\u015fli bir konuma vede potansiyele sahiptir. \u00dclkemizdeki, sofral\u0131k zeytin ve zeytinya\u011f\u0131 sekt\u00f6r\u00fcnde \u00fcreticilerin konuya kalite a\u00e7\u0131s\u0131ndan bakmalar\u0131n\u0131n, \u00fcreticiye katma de\u011fer ve kal\u0131c\u0131 ba\u015far\u0131 sa\u011flayaca\u011f\u0131, bunun i\u00e7in kaliteyi etkileyen etkenlerden; \u00fcretim ko\u015fullar\u0131, toplama ve zeytin \u00e7e\u015fidinin etkisi, duyusal \u00f6zellikler, kimyasal bile\u015fimler, antioksidan kapasiteleri, ya\u011f asitleri bile\u015fimlerinin bilinmesi ve hasat sonras\u0131 olu\u015fan deformasyonlar\u0131n minimize edilmesi ile birbirlikte bug\u00fcn\u00fcn teknolojisine uygun proses ve ambalaj \u00e7\u00f6z\u00fcmleride geli\u015ftirilmelidir.<\/p><p>\u00d6zellikle siyah sofral\u0131k zeytin \u00fcretiminde en b\u00fcy\u00fck \u00fcretici ve en b\u00fcy\u00fck t\u00fcketici \u00fclke konumunda oldu\u011fumuz halde, i\u015fleme ve pazarlama konular\u0131nda bir \u00e7ok sorunlar\u0131m\u0131z vard\u0131r. Bunlar\u0131n ba\u015f\u0131nda, geleneksel i\u015fleme teknolojisinin halen kullan\u0131l\u0131yor olmas\u0131d\u0131r. \u0130\u015flenen zeytinlerdeki tuzun y\u00fcksek olmas\u0131 ise ihracat\u0131 etkileyen en \u00f6nemli fakt\u00f6rlerden biridir.<\/p><p>\u00dclkemizde ye\u015fil salamural\u0131k t\u00fcketimi fazla olmad\u0131\u011f\u0131 i\u00e7in \u00fcretimin b\u00fcy\u00fck bir k\u0131sm\u0131 ihracata y\u00f6nelik olmaktad\u0131r. B\u00fcy\u00fck oranda Ege b\u00f6lgesinde \u00fcretimi yap\u0131lan ye\u015fil salamural\u0131k zeytinin yeti\u015ftiricili\u011fi siyah sofral\u0131ktan daha fazla itina ve dikkat ister. Meyvenin rengi a\u00e7\u0131k oldu\u011fu i\u00e7in leke veya berelenmeler do\u011frudan t\u00fcketicinin g\u00f6z\u00fcne \u00e7arpaca\u011f\u0131ndan en \u00f6nemli kalite kriteridir. Di\u011fer yandan her zeytin \u00e7e\u015fidi ye\u015fil salamural\u0131\u011fa uygun de\u011fildir. Ye\u015fil salamural\u0131k zeytinde de siyah sofral\u0131kta oldu\u011fu gibi, k\u00fc\u00e7\u00fck \u00e7ekirdek, iri meyve, ince meyve kabu\u011fu ve salamura s\u00fcresince kolayca par\u00e7alan\u0131p ezilmeyen meyve eti istenir.<\/p><p>Siyah sofral\u0131k \u00fcretiminin b\u00fcy\u00fck \u00e7o\u011funlu\u011fu i\u00e7 pazarda t\u00fcketilmektedir. \u0130\u00e7 pazar i\u00e7in tuz engelleyici bir fakt\u00f6r de\u011fildir \u00e7\u00fcnk\u00fc \u00fclkemizde tuzlu, buru\u015fuk zeytin tercih edilmektedir. Oysa Kalamata tip salamurac\u0131l\u0131kta zeytinler, tur\u015fu gibi salamura i\u00e7indedir. Bu, bizim i\u00e7in yabanc\u0131 bir tat olmas\u0131na ra\u011fmen ihracat i\u00e7in dikkate al\u0131nmas\u0131 gereken bir noktad\u0131r. Mevcut ihracat\u0131m\u0131z\u0131n b\u00fcy\u00fck bir k\u0131sm\u0131 bizimle ayn\u0131 damak tad\u0131n\u0131 arayan, yurtd\u0131\u015f\u0131nda ya\u015fayan T\u00fcrk\u2019lerin bulundu\u011fu \u00fclkelerdir.<\/p><p>E\u011fer zeytin ambalaj\u0131 konusunda deste\u011fe ihtiyac\u0131n\u0131z varsa do\u011fru adrestesiniz.<\/p>\t\t\t\t\t\t<\/div>\n\t\t\t\t<\/div>\n\t\t\t\t\t<\/div>\n\t\t\t\t<\/div>\n\t\t\t\t\t<\/div>\n\t\t\t\t<\/section>\n\t\t\t\t\t\t\t<\/div>\n\t\t","protected":false},"excerpt":{"rendered":"<p>WHAT WE DO Zeytin Paketleme Modifiyeli Atmosfer Paketleme \u00e7\u00f6z\u00fcm\u00fc bir g\u0131da \u00fcr\u00fcn\u00fcn\u00fcn tazeli\u011fini, tad\u0131n\u0131 ve kokusunu korumak i\u00e7in en etkili ambalaj sistemlerinden biridir. MAP \u00e7\u00f6z\u00fcmlerimizi inceleyin. https:\/\/www.youtube.com\/watch?v=UaUq0FJ7iCkhttps:\/\/www.youtube.com\/watch?v=viRtKBDfNNU VOLVAC olarak \u00fclkemizin \u00e7ok \u00f6nemli bir \u00fcr\u00fcn\u00fc olan zeytin i\u015flemesinde de \u00e7\u00f6z\u00fcm sunmaktay\u0131z. \u00dclkemiz bitki \u00f6rt\u00fcs\u00fc, iklim, toprak su kaynaklar\u0131, \u00fcr\u00fcn \u00e7e\u015fitlili\u011fi ve tar\u0131mda \u00e7al\u0131\u015fan n\u00fcfusun fazla olmas\u0131 [&hellip;]<\/p>\n","protected":false},"author":1,"featured_media":0,"parent":10118,"menu_order":0,"comment_status":"closed","ping_status":"closed","template":"","meta":{"footnotes":""},"class_list":["post-10145","page","type-page","status-publish","hentry"],"acf":[],"yoast_head":"<!-- This site is optimized with the Yoast SEO Premium plugin v19.5 (Yoast SEO v19.13) - https:\/\/yoast.com\/wordpress\/plugins\/seo\/ -->\n<title>Olive Packaging - VOLVAC<\/title>\n<meta name=\"robots\" content=\"index, follow, max-snippet:-1, max-image-preview:large, max-video-preview:-1\" \/>\n<link rel=\"canonical\" href=\"https:\/\/volvacgermany.de\/en\/packaging-solutions\/olive-packaging\/\" \/>\n<meta property=\"og:locale\" content=\"en_US\" \/>\n<meta property=\"og:type\" content=\"article\" \/>\n<meta property=\"og:title\" content=\"Olive Packaging\" \/>\n<meta property=\"og:description\" content=\"WHAT WE DO Zeytin Paketleme Modifiyeli Atmosfer Paketleme \u00e7\u00f6z\u00fcm\u00fc bir g\u0131da \u00fcr\u00fcn\u00fcn\u00fcn tazeli\u011fini, tad\u0131n\u0131 ve kokusunu korumak i\u00e7in en etkili ambalaj sistemlerinden biridir. MAP \u00e7\u00f6z\u00fcmlerimizi inceleyin. https:\/\/www.youtube.com\/watch?v=UaUq0FJ7iCkhttps:\/\/www.youtube.com\/watch?v=viRtKBDfNNU VOLVAC olarak \u00fclkemizin \u00e7ok \u00f6nemli bir \u00fcr\u00fcn\u00fc olan zeytin i\u015flemesinde de \u00e7\u00f6z\u00fcm sunmaktay\u0131z. \u00dclkemiz bitki \u00f6rt\u00fcs\u00fc, iklim, toprak su kaynaklar\u0131, \u00fcr\u00fcn \u00e7e\u015fitlili\u011fi ve tar\u0131mda \u00e7al\u0131\u015fan n\u00fcfusun fazla olmas\u0131 [&hellip;]\" \/>\n<meta property=\"og:url\" content=\"https:\/\/volvacgermany.de\/en\/packaging-solutions\/olive-packaging\/\" \/>\n<meta property=\"og:site_name\" content=\"VOLVAC\" \/>\n<meta property=\"article:modified_time\" content=\"2023-06-16T14:54:28+00:00\" \/>\n<meta name=\"twitter:card\" content=\"summary_large_image\" \/>\n<meta name=\"twitter:label1\" content=\"Est. reading time\" \/>\n\t<meta name=\"twitter:data1\" content=\"2 minutes\" \/>\n<script type=\"application\/ld+json\" class=\"yoast-schema-graph\">{\"@context\":\"https:\/\/schema.org\",\"@graph\":[{\"@type\":\"WebPage\",\"@id\":\"https:\/\/volvacgermany.de\/en\/packaging-solutions\/olive-packaging\/\",\"url\":\"https:\/\/volvacgermany.de\/en\/packaging-solutions\/olive-packaging\/\",\"name\":\"Olive Packaging - VOLVAC\",\"isPartOf\":{\"@id\":\"https:\/\/volvacgermany.de\/#website\"},\"datePublished\":\"2023-06-16T14:54:27+00:00\",\"dateModified\":\"2023-06-16T14:54:28+00:00\",\"breadcrumb\":{\"@id\":\"https:\/\/volvacgermany.de\/en\/packaging-solutions\/olive-packaging\/#breadcrumb\"},\"inLanguage\":\"en-US\",\"potentialAction\":[{\"@type\":\"ReadAction\",\"target\":[\"https:\/\/volvacgermany.de\/en\/packaging-solutions\/olive-packaging\/\"]}]},{\"@type\":\"BreadcrumbList\",\"@id\":\"https:\/\/volvacgermany.de\/en\/packaging-solutions\/olive-packaging\/#breadcrumb\",\"itemListElement\":[{\"@type\":\"ListItem\",\"position\":1,\"name\":\"Home\",\"item\":\"https:\/\/volvacgermany.de\/en\/\"},{\"@type\":\"ListItem\",\"position\":2,\"name\":\"PACKAGING SOLUTIONS\",\"item\":\"https:\/\/volvacgermany.de\/en\/packaging-solutions\/\"},{\"@type\":\"ListItem\",\"position\":3,\"name\":\"Olive Packaging\"}]},{\"@type\":\"WebSite\",\"@id\":\"https:\/\/volvacgermany.de\/#website\",\"url\":\"https:\/\/volvacgermany.de\/\",\"name\":\"VOLVAC\",\"description\":\"Vakum Paketleme Makinas\u0131 \u0130malat\u00e7\u0131s\u0131 (Garantili)\",\"potentialAction\":[{\"@type\":\"SearchAction\",\"target\":{\"@type\":\"EntryPoint\",\"urlTemplate\":\"https:\/\/volvacgermany.de\/?s={search_term_string}\"},\"query-input\":\"required name=search_term_string\"}],\"inLanguage\":\"en-US\"}]}<\/script>\n<!-- \/ Yoast SEO Premium plugin. -->","yoast_head_json":{"title":"Olive Packaging - VOLVAC","robots":{"index":"index","follow":"follow","max-snippet":"max-snippet:-1","max-image-preview":"max-image-preview:large","max-video-preview":"max-video-preview:-1"},"canonical":"https:\/\/volvacgermany.de\/en\/packaging-solutions\/olive-packaging\/","og_locale":"en_US","og_type":"article","og_title":"Olive Packaging","og_description":"WHAT WE DO Zeytin Paketleme Modifiyeli Atmosfer Paketleme \u00e7\u00f6z\u00fcm\u00fc bir g\u0131da \u00fcr\u00fcn\u00fcn\u00fcn tazeli\u011fini, tad\u0131n\u0131 ve kokusunu korumak i\u00e7in en etkili ambalaj sistemlerinden biridir. MAP \u00e7\u00f6z\u00fcmlerimizi inceleyin. https:\/\/www.youtube.com\/watch?v=UaUq0FJ7iCkhttps:\/\/www.youtube.com\/watch?v=viRtKBDfNNU VOLVAC olarak \u00fclkemizin \u00e7ok \u00f6nemli bir \u00fcr\u00fcn\u00fc olan zeytin i\u015flemesinde de \u00e7\u00f6z\u00fcm sunmaktay\u0131z. \u00dclkemiz bitki \u00f6rt\u00fcs\u00fc, iklim, toprak su kaynaklar\u0131, \u00fcr\u00fcn \u00e7e\u015fitlili\u011fi ve tar\u0131mda \u00e7al\u0131\u015fan n\u00fcfusun fazla olmas\u0131 [&hellip;]","og_url":"https:\/\/volvacgermany.de\/en\/packaging-solutions\/olive-packaging\/","og_site_name":"VOLVAC","article_modified_time":"2023-06-16T14:54:28+00:00","twitter_card":"summary_large_image","twitter_misc":{"Est. reading time":"2 minutes"},"schema":{"@context":"https:\/\/schema.org","@graph":[{"@type":"WebPage","@id":"https:\/\/volvacgermany.de\/en\/packaging-solutions\/olive-packaging\/","url":"https:\/\/volvacgermany.de\/en\/packaging-solutions\/olive-packaging\/","name":"Olive Packaging - VOLVAC","isPartOf":{"@id":"https:\/\/volvacgermany.de\/#website"},"datePublished":"2023-06-16T14:54:27+00:00","dateModified":"2023-06-16T14:54:28+00:00","breadcrumb":{"@id":"https:\/\/volvacgermany.de\/en\/packaging-solutions\/olive-packaging\/#breadcrumb"},"inLanguage":"en-US","potentialAction":[{"@type":"ReadAction","target":["https:\/\/volvacgermany.de\/en\/packaging-solutions\/olive-packaging\/"]}]},{"@type":"BreadcrumbList","@id":"https:\/\/volvacgermany.de\/en\/packaging-solutions\/olive-packaging\/#breadcrumb","itemListElement":[{"@type":"ListItem","position":1,"name":"Home","item":"https:\/\/volvacgermany.de\/en\/"},{"@type":"ListItem","position":2,"name":"PACKAGING SOLUTIONS","item":"https:\/\/volvacgermany.de\/en\/packaging-solutions\/"},{"@type":"ListItem","position":3,"name":"Olive Packaging"}]},{"@type":"WebSite","@id":"https:\/\/volvacgermany.de\/#website","url":"https:\/\/volvacgermany.de\/","name":"VOLVAC","description":"Vakum Paketleme Makinas\u0131 \u0130malat\u00e7\u0131s\u0131 (Garantili)","potentialAction":[{"@type":"SearchAction","target":{"@type":"EntryPoint","urlTemplate":"https:\/\/volvacgermany.de\/?s={search_term_string}"},"query-input":"required name=search_term_string"}],"inLanguage":"en-US"}]}},"_links":{"self":[{"href":"https:\/\/volvacgermany.de\/en\/wp-json\/wp\/v2\/pages\/10145","targetHints":{"allow":["GET"]}}],"collection":[{"href":"https:\/\/volvacgermany.de\/en\/wp-json\/wp\/v2\/pages"}],"about":[{"href":"https:\/\/volvacgermany.de\/en\/wp-json\/wp\/v2\/types\/page"}],"author":[{"embeddable":true,"href":"https:\/\/volvacgermany.de\/en\/wp-json\/wp\/v2\/users\/1"}],"replies":[{"embeddable":true,"href":"https:\/\/volvacgermany.de\/en\/wp-json\/wp\/v2\/comments?post=10145"}],"version-history":[{"count":1,"href":"https:\/\/volvacgermany.de\/en\/wp-json\/wp\/v2\/pages\/10145\/revisions"}],"predecessor-version":[{"id":10146,"href":"https:\/\/volvacgermany.de\/en\/wp-json\/wp\/v2\/pages\/10145\/revisions\/10146"}],"up":[{"embeddable":true,"href":"https:\/\/volvacgermany.de\/en\/wp-json\/wp\/v2\/pages\/10118"}],"wp:attachment":[{"href":"https:\/\/volvacgermany.de\/en\/wp-json\/wp\/v2\/media?parent=10145"}],"curies":[{"name":"wp","href":"https:\/\/api.w.org\/{rel}","templated":true}]}}