{"id":10154,"date":"2023-06-16T18:03:10","date_gmt":"2023-06-16T15:03:10","guid":{"rendered":"https:\/\/volvacgermany.de\/packaging-solutions\/bakery-products-dessert-packaging\/"},"modified":"2023-06-16T18:03:26","modified_gmt":"2023-06-16T15:03:26","slug":"bakery-products-dessert-packaging","status":"publish","type":"page","link":"https:\/\/volvacgermany.de\/en\/packaging-solutions\/bakery-products-dessert-packaging\/","title":{"rendered":"Bakery Products \/ Dessert Packaging"},"content":{"rendered":"\t\t<div data-elementor-type=\"wp-page\" data-elementor-id=\"10154\" class=\"elementor elementor-10154 elementor-2695\">\n\t\t\t\t\t\t\t\t\t<section data-particle_enable=\"false\" data-particle-mobile-disabled=\"false\" class=\"elementor-section elementor-top-section elementor-element elementor-element-de41e37 z-index-2 pt-4 elementor-section-boxed elementor-section-height-default elementor-section-height-default\" data-id=\"de41e37\" data-element_type=\"section\" data-settings=\"{&quot;background_background&quot;:&quot;classic&quot;}\">\n\t\t\n\t\t\t\t\t\t\t<div class=\"elementor-container elementor-column-gap-no\">\n\t\t\t\t\t\t\t\t\t\t\t<div class=\"elementor-column elementor-col-100 elementor-top-column elementor-element elementor-element-9f7b8de position-static pt-3 mt-5 w-100\" data-id=\"9f7b8de\" data-element_type=\"column\">\n\t\t\t\t\t<div class=\"elementor-widget-wrap elementor-element-populated\">\n\t\t\t\t\t\t\t\t<div class=\"elementor-element elementor-element-c396c70 py-2 mb-0 elementor-invisible elementor-widget elementor-widget-heading\" data-id=\"c396c70\" data-element_type=\"widget\" data-settings=\"{&quot;_animation&quot;:&quot;fadeInUp&quot;,&quot;_animation_delay&quot;:200}\" data-widget_type=\"heading.default\">\n\t\t\t\t<div class=\"elementor-widget-container\">\n\t\t\t<style>\/*! elementor - v3.9.2 - 21-12-2022 *\/\n.elementor-heading-title{padding:0;margin:0;line-height:1}.elementor-widget-heading .elementor-heading-title[class*=elementor-size-]>a{color:inherit;font-size:inherit;line-height:inherit}.elementor-widget-heading .elementor-heading-title.elementor-size-small{font-size:15px}.elementor-widget-heading .elementor-heading-title.elementor-size-medium{font-size:19px}.elementor-widget-heading .elementor-heading-title.elementor-size-large{font-size:29px}.elementor-widget-heading .elementor-heading-title.elementor-size-xl{font-size:39px}.elementor-widget-heading .elementor-heading-title.elementor-size-xxl{font-size:59px}<\/style><h2 class=\"elementor-heading-title elementor-size-default\">WHAT WE DO<\/h2>\t\t<\/div>\n\t\t\t\t<\/div>\n\t\t\t\t<div class=\"elementor-element elementor-element-b5c58dd mb-3 elementor-widget elementor-widget-heading\" data-id=\"b5c58dd\" data-element_type=\"widget\" data-widget_type=\"heading.default\">\n\t\t\t\t<div class=\"elementor-widget-container\">\n\t\t\t<h3 class=\"elementor-heading-title elementor-size-default\">Unlu Mam\u00fclleri \/ Tatl\u0131 Paketleme<\/h3>\t\t<\/div>\n\t\t\t\t<\/div>\n\t\t\t\t<div class=\"elementor-element elementor-element-17e014c mb-4 pb-2 custom-font1 px-0 col-lg-9 col-xl-8 mx-auto elementor-widget elementor-widget-heading\" data-id=\"17e014c\" data-element_type=\"widget\" data-widget_type=\"heading.default\">\n\t\t\t\t<div class=\"elementor-widget-container\">\n\t\t\t<p class=\"elementor-heading-title elementor-size-default\">Modifiyeli Atmosfer Paketleme \u00e7\u00f6z\u00fcm\u00fc bir g\u0131da \u00fcr\u00fcn\u00fcn\u00fcn tazeli\u011fini, tad\u0131n\u0131 ve kokusunu korumak i\u00e7in en etkili ambalaj sistemlerinden biridir. MAP \u00e7\u00f6z\u00fcmlerimizi inceleyin.<\/p>\t\t<\/div>\n\t\t\t\t<\/div>\n\t\t\t\t<section data-particle_enable=\"false\" data-particle-mobile-disabled=\"false\" class=\"elementor-section elementor-inner-section elementor-element elementor-element-33d2182 elementor-section-boxed elementor-section-height-default elementor-section-height-default\" data-id=\"33d2182\" data-element_type=\"section\">\n\t\t\n\t\t\t\t\t\t\t<div class=\"elementor-container elementor-column-gap-default\">\n\t\t\t\t\t\t\t\t\t\t\t<div class=\"elementor-column elementor-col-50 elementor-inner-column elementor-element elementor-element-f0f2fe9\" data-id=\"f0f2fe9\" data-element_type=\"column\">\n\t\t\t\t\t<div class=\"elementor-widget-wrap elementor-element-populated\">\n\t\t\t\t\t\t\t\t<div class=\"elementor-element elementor-element-1d756e2 elementor-aspect-ratio-169 elementor-widget elementor-widget-video\" data-id=\"1d756e2\" data-element_type=\"widget\" data-settings=\"{&quot;youtube_url&quot;:&quot;https:\\\/\\\/www.youtube.com\\\/watch?v=CpQuwGN1cNw&quot;,&quot;loop&quot;:&quot;yes&quot;,&quot;video_type&quot;:&quot;youtube&quot;,&quot;aspect_ratio&quot;:&quot;169&quot;}\" data-widget_type=\"video.default\">\n\t\t\t\t<div class=\"elementor-widget-container\">\n\t\t\t<style>\/*! elementor - v3.9.2 - 21-12-2022 *\/\n.elementor-widget-video .elementor-widget-container{overflow:hidden;transform:translateZ(0)}.elementor-widget-video .elementor-open-inline .elementor-custom-embed-image-overlay{position:absolute;top:0;left:0;width:100%;height:100%;background-size:cover;background-position:50%}.elementor-widget-video .elementor-custom-embed-image-overlay{cursor:pointer;text-align:center}.elementor-widget-video .elementor-custom-embed-image-overlay:hover .elementor-custom-embed-play i{opacity:1}.elementor-widget-video .elementor-custom-embed-image-overlay img{display:block;width:100%}.elementor-widget-video .e-hosted-video .elementor-video{-o-object-fit:cover;object-fit:cover}.e-con-inner>.elementor-widget-video,.e-con>.elementor-widget-video{width:var(--container-widget-width);--flex-grow:var(--container-widget-flex-grow)}<\/style>\t\t<div class=\"elementor-wrapper elementor-fit-aspect-ratio elementor-open-inline\">\n\t\t\t<div class=\"elementor-video\"><\/div>\t\t<\/div>\n\t\t\t\t<\/div>\n\t\t\t\t<\/div>\n\t\t\t\t\t<\/div>\n\t\t\t\t<\/div>\n\t\t\t\t<div class=\"elementor-column elementor-col-50 elementor-inner-column elementor-element elementor-element-eaeed65\" data-id=\"eaeed65\" data-element_type=\"column\">\n\t\t\t\t\t<div class=\"elementor-widget-wrap\">\n\t\t\t\t\t\t\t\t\t<\/div>\n\t\t\t\t<\/div>\n\t\t\t\t\t<\/div>\n\t\t\t\t<\/section>\n\t\t\t\t<div class=\"elementor-element elementor-element-69fca07 elementor-widget elementor-widget-text-editor\" data-id=\"69fca07\" data-element_type=\"widget\" data-widget_type=\"text-editor.default\">\n\t\t\t\t<div class=\"elementor-widget-container\">\n\t\t\t<style>\/*! elementor - v3.9.2 - 21-12-2022 *\/\n.elementor-widget-text-editor.elementor-drop-cap-view-stacked .elementor-drop-cap{background-color:#818a91;color:#fff}.elementor-widget-text-editor.elementor-drop-cap-view-framed .elementor-drop-cap{color:#818a91;border:3px solid;background-color:transparent}.elementor-widget-text-editor:not(.elementor-drop-cap-view-default) .elementor-drop-cap{margin-top:8px}.elementor-widget-text-editor:not(.elementor-drop-cap-view-default) .elementor-drop-cap-letter{width:1em;height:1em}.elementor-widget-text-editor .elementor-drop-cap{float:left;text-align:center;line-height:1;font-size:50px}.elementor-widget-text-editor .elementor-drop-cap-letter{display:inline-block}<\/style>\t\t\t\t<p>Ekmek sofralar\u0131m\u0131z\u0131n olmazsa olmaz\u0131d\u0131r. \u00dclkemizde onlarca \u00e7e\u015fit de\u011fi\u015fik ekmek \u00fcr\u00fcn\u00fc t\u00fcketiciye ula\u015fmaktad\u0131r. Son y\u0131llarda g\u0131da \u00fcr\u00fcnlerinin haz\u0131rlanmas\u0131nda uluslararas\u0131 hijyen ve \u00fcretim kurallar\u0131n\u0131n uygulanmas\u0131 mecburiyeti, \u00fcretim i\u015flemlerenin de \u00e7a\u011fda\u015f teknolojiyle tan\u0131\u015fmas\u0131n\u0131 sa\u011flam\u0131\u015ft\u0131r.<\/p>\n<p>VOLVAC gerek ekmek gerekse her t\u00fcrl\u00fc unlu mam\u00fcl\u00fcn i\u015flenmesi ve paketlenmesinde sistem \u00e7\u00f6z\u00fcmleri \u00fcretmektedir.<\/p>\n<p>Unlu mam\u00fcler denildi\u011finde, ya t\u00fcketime haz\u0131r yada \u00f6n i\u015flem uygulanm\u0131\u015f ve sonradan ek baz\u0131 i\u015flemlerle t\u00fcketilebilecek duruma gelebilen ve hububat unlar\u0131ndan elde edilen pi\u015firilmi\u015f \u00fcr\u00fcnler anla\u015f\u0131lmaktad\u0131r. Kek, pasta, turta, tart, yufka, \u00e7e\u015fitli ya\u011fl\u0131, s\u00fctl\u00fc \u00e7\u00f6rekler, b\u00f6rek, gofret, tuzlu ve katk\u0131 kurabiyeler, haz\u0131r pasta atl\u0131\u011f\u0131, peksimet, bisk\u00fcvi ve benzeri \u00fcr\u00fcnler bu gruba girerler.<\/p>\n<p>Bu \u00fcr\u00fcnler ba\u015fl\u0131ca ya\u015f ve kuru olmak \u00fczere iki gruba ayr\u0131l\u0131rlar: kuru unlu mam\u00fcller; uzun s\u00fcre depolanabilir, k\u0131r\u0131lgan, gevrek, yabanc\u0131 tat-koku maddelerini \u00e7ekebilen, su oranlar\u0131 d\u00fc\u015f\u00fck, higroskopik yap\u0131da olup, oksidasyona, enzimatik tepkimelere, enzimatik olmayan esmerle\u015fme reaksiyonlar\u0131na ve \u0131\u015f\u0131\u011fa duyarl\u0131 g\u0131dalard\u0131r.<\/p>\n<p>Ya\u015f \u00fcr\u00fcnler ise; orta ve uzun s\u00fcre depolanabilir, k\u0131r\u0131lgan, tat-kokular\u0131n\u0131 yitirebilir, yabanc\u0131 tat-koku \u00e7ekebilen d\u0131\u015f y\u00fczeyleri depolama boyunca kuruyabilen, y\u00fcksek su aktivitesinden dolay\u0131 oksidasyona enzimatik tepkimelere ve mikrobiyal de\u011fi\u015fikliklere duyarl\u0131d\u0131r.<\/p>\n<p>\u00dclkemizde ortalama ekmek t\u00fcketiminin ki\u015fi ba\u015f\u0131na 400 g. oldu\u011fu kabul edilmekte, bireylerin sosyo-ekonomik durumlar\u0131na g\u00f6re unlu mam\u00fcller t\u00fcketiminde alt gelir gruplar\u0131nda art\u0131\u015f g\u00f6zlenmektedir. Temel olarak t\u00fcketimi etkileyen fakt\u00f6rler:<\/p>\n<p>Al\u0131\u015fkanl\u0131k \/ \u00c7al\u0131\u015fma ko\u015fullar\u0131 \/ Cinsiyet \/ \u00c7ocukluk \/ Ya\u015fl\u0131l\u0131k \/ Toplu t\u00fcketim yerlerinde uygulanan belirli miktarlardaki tahsisler&#8230;<\/p>\n<p>Son d\u00f6nemde besin de\u011feri ve i\u015fleme-ambalaj teknikleri \u00fczerine ciddi \u00e7al\u0131\u015fmalar oldu\u011funu g\u00f6r\u00fcyoruz.<\/p>\n<p>Besin de\u011ferine ili\u015fkin bu\u011fday d\u0131\u015f\u0131nda hububatlar\u0131n kullan\u0131lmas\u0131, soya fas\u00fclyesi, r\u00fc\u015feym, kepek, kuru g\u0131dalar, s\u00fct tozu, tereya\u011f\u0131, peynir alt\u0131 suyu, vs. ile besin de\u011feri de\u011fi\u015ftirilmi\u015f \u00fcr\u00fcnler: light, diyabetik, vitaminli, gulutensiz vb. di\u011fer taraftan \u00f6\u011f\u00fctme teknolojisi, hamur, PLC destekli f\u0131r\u0131n, fonksiyonel pi\u015firme, dondurma teknolojisi, ek\u015fi-hamur y\u00f6ntemi, ambalaj teknolojisi ve ambalaj malzemelerindeki geli\u015fmeler sekt\u00f6r\u00fc yeniden yap\u0131land\u0131rmaktad\u0131r.<\/p>\n<p>Unlu mam\u00fcl sat\u0131\u015flar\u0131 n\u00fcfus art\u0131\u015f\u0131na paralel bir art\u0131\u015f g\u00f6stermektedir. Ba\u015fta ekmek olmak \u00fczere hemen her \u00f6\u011f\u00fcnde t\u00fcketilmekte ve temel g\u0131da olarak kabul edildi\u011finden, sat\u0131\u015flar\u0131 enflasyon veya di\u011fer ekonomik problemlerden genel olarak etkilenmemektedir. Ger\u00e7ekte, sat\u0131\u015flar kriz d\u00f6nemlerinde art\u0131\u015f g\u00f6sterme e\u011filimindedir.<\/p>\n<p>Unlu mam\u00fcller (Ekmek, pastane \u00fcr\u00fcnler, kekler) sat\u0131\u015flar\u0131n\u0131n de\u011feri toplam sekt\u00f6r sat\u0131\u015flar\u0131n\u0131n yakla\u015f\u0131k %91.1 olmu\u015ftur.<\/p>\n<p>Yeni \u00fcr\u00fcn geli\u015ftirme, \u015fiddetli reklam kampanyalar\u0131 ve yo\u011fun ya\u015fam tarz\u0131 unlu mam\u00fcller sat\u0131\u015flar\u0131n\u0131n art\u0131\u015f\u0131na yard\u0131mc\u0131 olmu\u015ftur. \u00c7al\u0131\u015fan \u00e7iftlerin say\u0131s\u0131 artt\u0131k\u00e7a, t\u00fcketiciler t\u00fcketime haz\u0131r g\u0131dalar ve kolay \u00fcr\u00fcnler i\u00e7in s\u00fcpermarketlere y\u00f6nelmektedirler.<\/p>\n<p>Yerel \u00fcreticiler sekt\u00f6re hakim olma e\u011filimi g\u00f6stermektedir.<\/p>\n<p>\u00d6zellikle fast-food sekt\u00f6r\u00fc unlu mam\u00fcller ve tatl\u0131lar i\u00e7in ciddi bir pazar b\u00fcy\u00fckl\u00fc\u011f\u00fcne ula\u015fm\u0131\u015ft\u0131r.<\/p>\n<p>Unlu mam\u00fcllerle ve tatl\u0131larla ilgili her t\u00fcrl\u00fc sorununuza VOLVAC m\u00fchendislerinin bir \u00e7\u00f6z\u00fcm\u00fc olacakt\u0131r.<\/p>\n\t\t\t\t\t\t<\/div>\n\t\t\t\t<\/div>\n\t\t\t\t\t<\/div>\n\t\t\t\t<\/div>\n\t\t\t\t\t<\/div>\n\t\t\t\t<\/section>\n\t\t\t\t\t\t\t<\/div>\n\t\t","protected":false},"excerpt":{"rendered":"<p>WHAT WE DO Unlu Mam\u00fclleri \/ Tatl\u0131 Paketleme Modifiyeli Atmosfer Paketleme \u00e7\u00f6z\u00fcm\u00fc bir g\u0131da \u00fcr\u00fcn\u00fcn\u00fcn tazeli\u011fini, tad\u0131n\u0131 ve kokusunu korumak i\u00e7in en etkili ambalaj sistemlerinden biridir. MAP \u00e7\u00f6z\u00fcmlerimizi inceleyin. https:\/\/www.youtube.com\/watch?v=CpQuwGN1cNw Ekmek sofralar\u0131m\u0131z\u0131n olmazsa olmaz\u0131d\u0131r. \u00dclkemizde onlarca \u00e7e\u015fit de\u011fi\u015fik ekmek \u00fcr\u00fcn\u00fc t\u00fcketiciye ula\u015fmaktad\u0131r. Son y\u0131llarda g\u0131da \u00fcr\u00fcnlerinin haz\u0131rlanmas\u0131nda uluslararas\u0131 hijyen ve \u00fcretim kurallar\u0131n\u0131n uygulanmas\u0131 mecburiyeti, \u00fcretim [&hellip;]<\/p>\n","protected":false},"author":1,"featured_media":0,"parent":10118,"menu_order":0,"comment_status":"closed","ping_status":"closed","template":"","meta":{"footnotes":""},"class_list":["post-10154","page","type-page","status-publish","hentry"],"acf":[],"yoast_head":"<!-- This site is optimized with the Yoast SEO Premium plugin v19.5 (Yoast SEO v19.13) - https:\/\/yoast.com\/wordpress\/plugins\/seo\/ -->\n<title>Bakery Products \/ Dessert Packaging - VOLVAC<\/title>\n<meta name=\"robots\" content=\"index, follow, max-snippet:-1, max-image-preview:large, max-video-preview:-1\" \/>\n<link rel=\"canonical\" href=\"https:\/\/volvacgermany.de\/en\/packaging-solutions\/bakery-products-dessert-packaging\/\" \/>\n<meta property=\"og:locale\" content=\"en_US\" \/>\n<meta property=\"og:type\" content=\"article\" \/>\n<meta property=\"og:title\" content=\"Bakery Products \/ Dessert Packaging\" \/>\n<meta property=\"og:description\" content=\"WHAT WE DO Unlu Mam\u00fclleri \/ Tatl\u0131 Paketleme Modifiyeli Atmosfer Paketleme \u00e7\u00f6z\u00fcm\u00fc bir g\u0131da \u00fcr\u00fcn\u00fcn\u00fcn tazeli\u011fini, tad\u0131n\u0131 ve kokusunu korumak i\u00e7in en etkili ambalaj sistemlerinden biridir. MAP \u00e7\u00f6z\u00fcmlerimizi inceleyin. https:\/\/www.youtube.com\/watch?v=CpQuwGN1cNw Ekmek sofralar\u0131m\u0131z\u0131n olmazsa olmaz\u0131d\u0131r. \u00dclkemizde onlarca \u00e7e\u015fit de\u011fi\u015fik ekmek \u00fcr\u00fcn\u00fc t\u00fcketiciye ula\u015fmaktad\u0131r. Son y\u0131llarda g\u0131da \u00fcr\u00fcnlerinin haz\u0131rlanmas\u0131nda uluslararas\u0131 hijyen ve \u00fcretim kurallar\u0131n\u0131n uygulanmas\u0131 mecburiyeti, \u00fcretim [&hellip;]\" \/>\n<meta property=\"og:url\" content=\"https:\/\/volvacgermany.de\/en\/packaging-solutions\/bakery-products-dessert-packaging\/\" \/>\n<meta property=\"og:site_name\" content=\"VOLVAC\" \/>\n<meta property=\"article:modified_time\" content=\"2023-06-16T15:03:26+00:00\" \/>\n<meta name=\"twitter:card\" content=\"summary_large_image\" \/>\n<meta name=\"twitter:label1\" content=\"Est. reading time\" \/>\n\t<meta name=\"twitter:data1\" content=\"3 minutes\" \/>\n<script type=\"application\/ld+json\" class=\"yoast-schema-graph\">{\"@context\":\"https:\/\/schema.org\",\"@graph\":[{\"@type\":\"WebPage\",\"@id\":\"https:\/\/volvacgermany.de\/en\/packaging-solutions\/bakery-products-dessert-packaging\/\",\"url\":\"https:\/\/volvacgermany.de\/en\/packaging-solutions\/bakery-products-dessert-packaging\/\",\"name\":\"Bakery Products \/ Dessert Packaging - VOLVAC\",\"isPartOf\":{\"@id\":\"https:\/\/volvacgermany.de\/#website\"},\"datePublished\":\"2023-06-16T15:03:10+00:00\",\"dateModified\":\"2023-06-16T15:03:26+00:00\",\"breadcrumb\":{\"@id\":\"https:\/\/volvacgermany.de\/en\/packaging-solutions\/bakery-products-dessert-packaging\/#breadcrumb\"},\"inLanguage\":\"en-US\",\"potentialAction\":[{\"@type\":\"ReadAction\",\"target\":[\"https:\/\/volvacgermany.de\/en\/packaging-solutions\/bakery-products-dessert-packaging\/\"]}]},{\"@type\":\"BreadcrumbList\",\"@id\":\"https:\/\/volvacgermany.de\/en\/packaging-solutions\/bakery-products-dessert-packaging\/#breadcrumb\",\"itemListElement\":[{\"@type\":\"ListItem\",\"position\":1,\"name\":\"Home\",\"item\":\"https:\/\/volvacgermany.de\/en\/\"},{\"@type\":\"ListItem\",\"position\":2,\"name\":\"PACKAGING SOLUTIONS\",\"item\":\"https:\/\/volvacgermany.de\/en\/packaging-solutions\/\"},{\"@type\":\"ListItem\",\"position\":3,\"name\":\"Bakery Products \/ Dessert Packaging\"}]},{\"@type\":\"WebSite\",\"@id\":\"https:\/\/volvacgermany.de\/#website\",\"url\":\"https:\/\/volvacgermany.de\/\",\"name\":\"VOLVAC\",\"description\":\"Vakum Paketleme Makinas\u0131 \u0130malat\u00e7\u0131s\u0131 (Garantili)\",\"potentialAction\":[{\"@type\":\"SearchAction\",\"target\":{\"@type\":\"EntryPoint\",\"urlTemplate\":\"https:\/\/volvacgermany.de\/?s={search_term_string}\"},\"query-input\":\"required name=search_term_string\"}],\"inLanguage\":\"en-US\"}]}<\/script>\n<!-- \/ Yoast SEO Premium plugin. -->","yoast_head_json":{"title":"Bakery Products \/ Dessert Packaging - VOLVAC","robots":{"index":"index","follow":"follow","max-snippet":"max-snippet:-1","max-image-preview":"max-image-preview:large","max-video-preview":"max-video-preview:-1"},"canonical":"https:\/\/volvacgermany.de\/en\/packaging-solutions\/bakery-products-dessert-packaging\/","og_locale":"en_US","og_type":"article","og_title":"Bakery Products \/ Dessert Packaging","og_description":"WHAT WE DO Unlu Mam\u00fclleri \/ Tatl\u0131 Paketleme Modifiyeli Atmosfer Paketleme \u00e7\u00f6z\u00fcm\u00fc bir g\u0131da \u00fcr\u00fcn\u00fcn\u00fcn tazeli\u011fini, tad\u0131n\u0131 ve kokusunu korumak i\u00e7in en etkili ambalaj sistemlerinden biridir. MAP \u00e7\u00f6z\u00fcmlerimizi inceleyin. https:\/\/www.youtube.com\/watch?v=CpQuwGN1cNw Ekmek sofralar\u0131m\u0131z\u0131n olmazsa olmaz\u0131d\u0131r. \u00dclkemizde onlarca \u00e7e\u015fit de\u011fi\u015fik ekmek \u00fcr\u00fcn\u00fc t\u00fcketiciye ula\u015fmaktad\u0131r. Son y\u0131llarda g\u0131da \u00fcr\u00fcnlerinin haz\u0131rlanmas\u0131nda uluslararas\u0131 hijyen ve \u00fcretim kurallar\u0131n\u0131n uygulanmas\u0131 mecburiyeti, \u00fcretim [&hellip;]","og_url":"https:\/\/volvacgermany.de\/en\/packaging-solutions\/bakery-products-dessert-packaging\/","og_site_name":"VOLVAC","article_modified_time":"2023-06-16T15:03:26+00:00","twitter_card":"summary_large_image","twitter_misc":{"Est. reading time":"3 minutes"},"schema":{"@context":"https:\/\/schema.org","@graph":[{"@type":"WebPage","@id":"https:\/\/volvacgermany.de\/en\/packaging-solutions\/bakery-products-dessert-packaging\/","url":"https:\/\/volvacgermany.de\/en\/packaging-solutions\/bakery-products-dessert-packaging\/","name":"Bakery Products \/ Dessert Packaging - VOLVAC","isPartOf":{"@id":"https:\/\/volvacgermany.de\/#website"},"datePublished":"2023-06-16T15:03:10+00:00","dateModified":"2023-06-16T15:03:26+00:00","breadcrumb":{"@id":"https:\/\/volvacgermany.de\/en\/packaging-solutions\/bakery-products-dessert-packaging\/#breadcrumb"},"inLanguage":"en-US","potentialAction":[{"@type":"ReadAction","target":["https:\/\/volvacgermany.de\/en\/packaging-solutions\/bakery-products-dessert-packaging\/"]}]},{"@type":"BreadcrumbList","@id":"https:\/\/volvacgermany.de\/en\/packaging-solutions\/bakery-products-dessert-packaging\/#breadcrumb","itemListElement":[{"@type":"ListItem","position":1,"name":"Home","item":"https:\/\/volvacgermany.de\/en\/"},{"@type":"ListItem","position":2,"name":"PACKAGING SOLUTIONS","item":"https:\/\/volvacgermany.de\/en\/packaging-solutions\/"},{"@type":"ListItem","position":3,"name":"Bakery Products \/ Dessert Packaging"}]},{"@type":"WebSite","@id":"https:\/\/volvacgermany.de\/#website","url":"https:\/\/volvacgermany.de\/","name":"VOLVAC","description":"Vakum Paketleme Makinas\u0131 \u0130malat\u00e7\u0131s\u0131 (Garantili)","potentialAction":[{"@type":"SearchAction","target":{"@type":"EntryPoint","urlTemplate":"https:\/\/volvacgermany.de\/?s={search_term_string}"},"query-input":"required name=search_term_string"}],"inLanguage":"en-US"}]}},"_links":{"self":[{"href":"https:\/\/volvacgermany.de\/en\/wp-json\/wp\/v2\/pages\/10154","targetHints":{"allow":["GET"]}}],"collection":[{"href":"https:\/\/volvacgermany.de\/en\/wp-json\/wp\/v2\/pages"}],"about":[{"href":"https:\/\/volvacgermany.de\/en\/wp-json\/wp\/v2\/types\/page"}],"author":[{"embeddable":true,"href":"https:\/\/volvacgermany.de\/en\/wp-json\/wp\/v2\/users\/1"}],"replies":[{"embeddable":true,"href":"https:\/\/volvacgermany.de\/en\/wp-json\/wp\/v2\/comments?post=10154"}],"version-history":[{"count":4,"href":"https:\/\/volvacgermany.de\/en\/wp-json\/wp\/v2\/pages\/10154\/revisions"}],"predecessor-version":[{"id":10158,"href":"https:\/\/volvacgermany.de\/en\/wp-json\/wp\/v2\/pages\/10154\/revisions\/10158"}],"up":[{"embeddable":true,"href":"https:\/\/volvacgermany.de\/en\/wp-json\/wp\/v2\/pages\/10118"}],"wp:attachment":[{"href":"https:\/\/volvacgermany.de\/en\/wp-json\/wp\/v2\/media?parent=10154"}],"curies":[{"name":"wp","href":"https:\/\/api.w.org\/{rel}","templated":true}]}}