{"id":10160,"date":"2023-06-16T18:06:15","date_gmt":"2023-06-16T15:06:15","guid":{"rendered":"https:\/\/volvacgermany.de\/packaging-solutions\/dairy-products-packaging\/"},"modified":"2023-06-16T18:06:26","modified_gmt":"2023-06-16T15:06:26","slug":"dairy-products-packaging","status":"publish","type":"page","link":"https:\/\/volvacgermany.de\/en\/packaging-solutions\/dairy-products-packaging\/","title":{"rendered":"Dairy Products Packaging"},"content":{"rendered":"\t\t<div data-elementor-type=\"wp-page\" data-elementor-id=\"10160\" class=\"elementor elementor-10160 elementor-2690\">\n\t\t\t\t\t\t\t\t\t<section data-particle_enable=\"false\" data-particle-mobile-disabled=\"false\" class=\"elementor-section elementor-top-section elementor-element elementor-element-de41e37 z-index-2 pt-4 elementor-section-boxed elementor-section-height-default elementor-section-height-default\" data-id=\"de41e37\" data-element_type=\"section\" data-settings=\"{&quot;background_background&quot;:&quot;classic&quot;}\">\n\t\t\n\t\t\t\t\t\t\t<div class=\"elementor-container elementor-column-gap-no\">\n\t\t\t\t\t\t\t\t\t\t\t<div class=\"elementor-column elementor-col-100 elementor-top-column elementor-element elementor-element-9f7b8de position-static pt-3 mt-5 w-100\" data-id=\"9f7b8de\" data-element_type=\"column\">\n\t\t\t\t\t<div class=\"elementor-widget-wrap elementor-element-populated\">\n\t\t\t\t\t\t\t\t<div class=\"elementor-element elementor-element-c396c70 py-2 mb-0 elementor-invisible elementor-widget elementor-widget-heading\" data-id=\"c396c70\" data-element_type=\"widget\" data-settings=\"{&quot;_animation&quot;:&quot;fadeInUp&quot;,&quot;_animation_delay&quot;:200}\" data-widget_type=\"heading.default\">\n\t\t\t\t<div class=\"elementor-widget-container\">\n\t\t\t<style>\/*! elementor - v3.9.2 - 21-12-2022 *\/\n.elementor-heading-title{padding:0;margin:0;line-height:1}.elementor-widget-heading .elementor-heading-title[class*=elementor-size-]>a{color:inherit;font-size:inherit;line-height:inherit}.elementor-widget-heading .elementor-heading-title.elementor-size-small{font-size:15px}.elementor-widget-heading .elementor-heading-title.elementor-size-medium{font-size:19px}.elementor-widget-heading .elementor-heading-title.elementor-size-large{font-size:29px}.elementor-widget-heading .elementor-heading-title.elementor-size-xl{font-size:39px}.elementor-widget-heading .elementor-heading-title.elementor-size-xxl{font-size:59px}<\/style><h2 class=\"elementor-heading-title elementor-size-default\">WHAT WE DO<\/h2>\t\t<\/div>\n\t\t\t\t<\/div>\n\t\t\t\t<div class=\"elementor-element elementor-element-b5c58dd mb-3 elementor-widget elementor-widget-heading\" data-id=\"b5c58dd\" data-element_type=\"widget\" data-widget_type=\"heading.default\">\n\t\t\t\t<div class=\"elementor-widget-container\">\n\t\t\t<h3 class=\"elementor-heading-title elementor-size-default\">S\u00fct \u00dcr\u00fcnleri Paketleme<\/h3>\t\t<\/div>\n\t\t\t\t<\/div>\n\t\t\t\t<div class=\"elementor-element elementor-element-17e014c mb-4 pb-2 custom-font1 px-0 col-lg-9 col-xl-8 mx-auto elementor-widget elementor-widget-heading\" data-id=\"17e014c\" data-element_type=\"widget\" data-widget_type=\"heading.default\">\n\t\t\t\t<div class=\"elementor-widget-container\">\n\t\t\t<p class=\"elementor-heading-title elementor-size-default\">Modifiyeli Atmosfer Paketleme \u00e7\u00f6z\u00fcm\u00fc bir g\u0131da \u00fcr\u00fcn\u00fcn\u00fcn tazeli\u011fini, tad\u0131n\u0131 ve kokusunu korumak i\u00e7in en etkili ambalaj sistemlerinden biridir. MAP \u00e7\u00f6z\u00fcmlerimizi inceleyin.<\/p>\t\t<\/div>\n\t\t\t\t<\/div>\n\t\t\t\t<section data-particle_enable=\"false\" data-particle-mobile-disabled=\"false\" class=\"elementor-section elementor-inner-section elementor-element elementor-element-ab52a0c elementor-section-boxed elementor-section-height-default elementor-section-height-default\" data-id=\"ab52a0c\" data-element_type=\"section\">\n\t\t\n\t\t\t\t\t\t\t<div class=\"elementor-container elementor-column-gap-default\">\n\t\t\t\t\t\t\t\t\t\t\t<div class=\"elementor-column elementor-col-50 elementor-inner-column elementor-element elementor-element-28100d1\" data-id=\"28100d1\" data-element_type=\"column\">\n\t\t\t\t\t<div class=\"elementor-widget-wrap elementor-element-populated\">\n\t\t\t\t\t\t\t\t<div class=\"elementor-element elementor-element-d32e342 elementor-aspect-ratio-169 elementor-widget elementor-widget-video\" data-id=\"d32e342\" data-element_type=\"widget\" data-settings=\"{&quot;youtube_url&quot;:&quot;https:\\\/\\\/www.youtube.com\\\/watch?v=uD9A-fzs1Io&quot;,&quot;loop&quot;:&quot;yes&quot;,&quot;video_type&quot;:&quot;youtube&quot;,&quot;aspect_ratio&quot;:&quot;169&quot;}\" data-widget_type=\"video.default\">\n\t\t\t\t<div class=\"elementor-widget-container\">\n\t\t\t<style>\/*! elementor - v3.9.2 - 21-12-2022 *\/\n.elementor-widget-video .elementor-widget-container{overflow:hidden;transform:translateZ(0)}.elementor-widget-video .elementor-open-inline .elementor-custom-embed-image-overlay{position:absolute;top:0;left:0;width:100%;height:100%;background-size:cover;background-position:50%}.elementor-widget-video .elementor-custom-embed-image-overlay{cursor:pointer;text-align:center}.elementor-widget-video .elementor-custom-embed-image-overlay:hover .elementor-custom-embed-play i{opacity:1}.elementor-widget-video .elementor-custom-embed-image-overlay img{display:block;width:100%}.elementor-widget-video .e-hosted-video .elementor-video{-o-object-fit:cover;object-fit:cover}.e-con-inner>.elementor-widget-video,.e-con>.elementor-widget-video{width:var(--container-widget-width);--flex-grow:var(--container-widget-flex-grow)}<\/style>\t\t<div class=\"elementor-wrapper elementor-fit-aspect-ratio elementor-open-inline\">\n\t\t\t<div class=\"elementor-video\"><\/div>\t\t<\/div>\n\t\t\t\t<\/div>\n\t\t\t\t<\/div>\n\t\t\t\t\t<\/div>\n\t\t\t\t<\/div>\n\t\t\t\t<div class=\"elementor-column elementor-col-50 elementor-inner-column elementor-element elementor-element-22ed894\" data-id=\"22ed894\" data-element_type=\"column\">\n\t\t\t\t\t<div class=\"elementor-widget-wrap elementor-element-populated\">\n\t\t\t\t\t\t\t\t<div class=\"elementor-element elementor-element-58a7315 elementor-aspect-ratio-169 elementor-widget elementor-widget-video\" data-id=\"58a7315\" data-element_type=\"widget\" data-settings=\"{&quot;youtube_url&quot;:&quot;https:\\\/\\\/www.youtube.com\\\/watch?v=Jk2ZSwrVHUI&quot;,&quot;loop&quot;:&quot;yes&quot;,&quot;video_type&quot;:&quot;youtube&quot;,&quot;aspect_ratio&quot;:&quot;169&quot;}\" data-widget_type=\"video.default\">\n\t\t\t\t<div class=\"elementor-widget-container\">\n\t\t\t\t\t<div class=\"elementor-wrapper elementor-fit-aspect-ratio elementor-open-inline\">\n\t\t\t<div class=\"elementor-video\"><\/div>\t\t<\/div>\n\t\t\t\t<\/div>\n\t\t\t\t<\/div>\n\t\t\t\t\t<\/div>\n\t\t\t\t<\/div>\n\t\t\t\t\t<\/div>\n\t\t\t\t<\/section>\n\t\t\t\t<div class=\"elementor-element elementor-element-69fca07 elementor-widget elementor-widget-text-editor\" data-id=\"69fca07\" data-element_type=\"widget\" data-widget_type=\"text-editor.default\">\n\t\t\t\t<div class=\"elementor-widget-container\">\n\t\t\t<style>\/*! elementor - v3.9.2 - 21-12-2022 *\/\n.elementor-widget-text-editor.elementor-drop-cap-view-stacked .elementor-drop-cap{background-color:#818a91;color:#fff}.elementor-widget-text-editor.elementor-drop-cap-view-framed .elementor-drop-cap{color:#818a91;border:3px solid;background-color:transparent}.elementor-widget-text-editor:not(.elementor-drop-cap-view-default) .elementor-drop-cap{margin-top:8px}.elementor-widget-text-editor:not(.elementor-drop-cap-view-default) .elementor-drop-cap-letter{width:1em;height:1em}.elementor-widget-text-editor .elementor-drop-cap{float:left;text-align:center;line-height:1;font-size:50px}.elementor-widget-text-editor .elementor-drop-cap-letter{display:inline-block}<\/style>\t\t\t\t<p>Sofralar\u0131m\u0131z\u0131m temel unsurlar\u0131ndan birisi de s\u00fct \u00fcr\u00fcnleridir. Peynir, yo\u011furt, tereya\u011f gibi s\u00fct \u00fcr\u00fcnlerinin i\u015flenmesi ve ambalaj\u0131nda VOLVAC uygun \u00e7\u00f6z\u00fcmler \u00fcretmektedir.<\/p><p>\u00d6zellikle son y\u0131llardaki Avrupa Birli\u011fi normlar\u0131na uymak i\u00e7in G\u0131da Tar\u0131m ve Hayvanc\u0131l\u0131k Bakanl\u0131\u011f\u0131n\u0131n uygulad\u0131\u011f\u0131 standartlar, ambalaj konusunda \u00fcreticiye bir tak\u0131m zorunluluklar getirmi\u015ftir. Uyulmas\u0131 gereken bu normlar i\u00e7in zaten sekt\u00f6rde epeyce ge\u00e7 kalm\u0131\u015f durumday\u0131z.<\/p><p>VOLVAC olarak b\u00fct\u00fcn bu normlara uygun \u00e7\u00f6z\u00fcmleri y\u0131llard\u0131r uygulamaktay\u0131z hatta baz\u0131 noktalarda daha da ilerideyiz diyebiliriz.<\/p><p>Hayvansal kaynakl\u0131 g\u0131dalar aras\u0131nda \u00f6nemli bir yeri olan peynir, toplumumuz taraf\u0131ndan sevilen ve zevkle t\u00fcketilen bir g\u0131dad\u0131r . Son y\u0131llarda bilim ve teknolojideki geli\u015fmelere paralel olarak \u00fcretim uygulamalar\u0131ndaki ilerlemeler, beslenme al\u0131\u015fkanl\u0131klar\u0131nda de\u011fi\u015fikli\u011fe neden olmu\u015ftur.<\/p><p>D\u00fcnyada 4000\u2019den fazla peynir \u00e7e\u015fidi oldu\u011fu tahmin edilmekte, sadece \u0130ngiltere\u2019de yakla\u015f\u0131k 700 ayr\u0131 peynir \u00e7e\u015fidi oldu\u011fu, bu say\u0131n\u0131n Fransa ve \u0130talya\u2019da 400 civar\u0131nda oldu\u011fu bildirilmektedir. T\u00fcrkiye\u2019de beyaz peynir, ka\u015far peyniri, tulum peyniri, mihali\u00e7 peyniri ba\u015fta olmak \u00fczere, y\u00f6resel ihtiyac\u0131 kar\u015f\u0131layacak d\u00fczeyde \u00fcretilen civil, \u00e7erkez, \u015favak, abaza peyniri ve otlu peynir gibi yakla\u015f\u0131k 50 peynir \u00e7e\u015fidi mevcuttur . \u00dcretiminde kullan\u0131lan s\u00fctteki proteini, ya\u011f\u0131, mineral maddeleri ve vitaminleri ihtiva eden peynirin, B grubu vitaminlere olan ihtiyac\u0131n kar\u015f\u0131lanmas\u0131nda \u00f6nemli yeri vard\u0131r.<\/p><p>Peynir; s\u00fct\u00fcn peynir mayas\u0131 veya organik asitlerle p\u0131ht\u0131la\u015ft\u0131r\u0131lmas\u0131yla elde edilen, i\u00e7ine tuz bazen tat ve koku verici zarars\u0131z maddeler bazen de starter k\u00fcfler kat\u0131lm\u0131\u015f, \u00e7e\u015fidine g\u00f6re taze veya olgunla\u015ft\u0131r\u0131larak t\u00fcketilen besleyici bir s\u00fct \u00fcr\u00fcn\u00fc olarak tan\u0131mlanmaktad\u0131r.<\/p><p>S\u00fct\u00fcn bile\u015fimindeki protein, ya\u011f, mineral maddeler ve vitaminler gibi bile\u015fenleri konsantre bi\u00e7imde b\u00fcnyesinde bulunduran peynir, beslenme de\u011ferinin \u00fcst\u00fcn olmas\u0131ndan ve zevkle t\u00fcketilmesinden dolay\u0131 her toplumda beslenmede b\u00fcy\u00fck bir \u00f6neme sahiptir.<\/p><p>Yurdumuzda en \u00e7ok \u00fcretilen ve ticareti yap\u0131lan peynirler, b\u00f6lgelere ve yap\u0131mc\u0131lar\u0131na g\u00f6re farkl\u0131l\u0131k g\u00f6steren geleneksel y\u00f6ntemlerle, i\u015fletmelerde veya fabrikalarda \u00fcretilmekte ve olgunla\u015fmas\u0131n\u0131 m\u00fcteakip pazarlanmaktad\u0131r.<\/p><p>Son y\u0131llarda teknolojideki geli\u015fmelere paralel olarak g\u0131da sanayiinin pek \u00e7ok \u00fcretim biriminde oldu\u011fu gibi, peynir \u00fcretiminde de modern y\u00f6ntemlerin kullan\u0131lmas\u0131 y\u00f6n\u00fcnde \u00f6nemli ad\u0131mlar at\u0131lmaktay\u0131z Peynir \u00e7e\u015fidi ve gramaj fazlal\u0131\u011f\u0131 t\u00fcketimi olumlu y\u00f6nde etkileyen bir fakt\u00f6rd\u00fcr. Yap\u0131mlar\u0131na teknolojik y\u00f6n vererek, \u00e7e\u015fit say\u0131s\u0131n\u0131 artt\u0131rmak, bu suretle de\u011fi\u015fik istek ve ihtiya\u00e7lara cevap verebilecek peynir \u00e7e\u015fidi ve ambalaj\u0131n\u0131 \u00fcretimini sa\u011flayabilmek amac\u0131yla, pek \u00e7ok yeni proje \u00e7al\u0131\u015fmaktay\u0131z.<\/p><p>G\u00fcn\u00fcm\u00fczde peynir \u00fcretim ve ambalaj\u0131nda yeni y\u00f6ntemler kullan\u0131lmaktay\u0131z:<\/p><p>Porsiyon ve gramaj hatt\u0131: peynir ister gran\u00fcl olsun isterse de yap\u0131s\u0131 gere\u011fi s\u0131cak olsun porsiyonlama makinalar\u0131da istenilen \u015fekil ve gramajda end\u00fcstriyel \u00fcretim m\u00fcmk\u00fcnd\u00fcr. Di\u011fer yandan peynir ambalaj\u0131nda \u00f6zellikle salamural\u0131 \u00fcr\u00fcnlerde g\u00fcvenli g\u0131da konsepti ile minimum maliyette maksimum raf \u00f6mr\u00fcn\u00fc elde edebilmekteyiz.<\/p><p>Peynir ilk yap\u0131m g\u00fcn\u00fcnden bu yana insan ya\u015fant\u0131s\u0131nda, zaman zaman kutsal say\u0131lan ve daima aranan bir besin olarak kabul edilmi\u015ftir.<\/p><p>T\u00fcrkiye b\u00fcy\u00fck bir \u00fcretici \u00fclke olmas\u0131 yan\u0131 s\u0131ra \u00fcr\u00fcn\u00fcn ciddi bir t\u00fcketici kitlesine sahip bulunuyor. T\u00fcrkiye\u2019nin mevcut \u00fcretim hacminin ihracat i\u00e7in yetersiz olmas\u0131n\u0131n yan\u0131 s\u0131ra \u00fcreticilerinde kurumsal yap\u0131lara ihtiya\u00e7 duydu\u011fu unutulmamal\u0131d\u0131r.<\/p><p>Peynir ambalaj\u0131nda hayallerinizi s\u0131n\u0131rlamay\u0131n. D\u00fcnya peynir sunumunda b\u00fcy\u00fck a\u015famalar kaydetmi\u015f ve olduk\u00e7a farkl\u0131 bir kulvara girmi\u015ftir. Sekt\u00f6r olarak d\u00fcnya ile rekabet edebilmemiz i\u00e7in \u00fcr\u00fcnlerimizin ambalaj\u0131nda olduk\u00e7a ileriye bakmam\u0131z gereklidir.<\/p>\t\t\t\t\t\t<\/div>\n\t\t\t\t<\/div>\n\t\t\t\t\t<\/div>\n\t\t\t\t<\/div>\n\t\t\t\t\t<\/div>\n\t\t\t\t<\/section>\n\t\t\t\t<section data-particle_enable=\"false\" data-particle-mobile-disabled=\"false\" class=\"elementor-section elementor-top-section elementor-element elementor-element-af9c029 elementor-section-boxed elementor-section-height-default elementor-section-height-default\" data-id=\"af9c029\" data-element_type=\"section\">\n\t\t\n\t\t\t\t\t\t\t<div class=\"elementor-container elementor-column-gap-default\">\n\t\t\t\t\t\t\t\t\t\t\t<div class=\"elementor-column elementor-col-100 elementor-top-column elementor-element elementor-element-c526c2d\" data-id=\"c526c2d\" data-element_type=\"column\">\n\t\t\t\t\t<div class=\"elementor-widget-wrap\">\n\t\t\t\t\t\t\t\t\t<\/div>\n\t\t\t\t<\/div>\n\t\t\t\t\t<\/div>\n\t\t\t\t<\/section>\n\t\t\t\t\t\t\t<\/div>\n\t\t","protected":false},"excerpt":{"rendered":"<p>WHAT WE DO S\u00fct \u00dcr\u00fcnleri Paketleme Modifiyeli Atmosfer Paketleme \u00e7\u00f6z\u00fcm\u00fc bir g\u0131da \u00fcr\u00fcn\u00fcn\u00fcn tazeli\u011fini, tad\u0131n\u0131 ve kokusunu korumak i\u00e7in en etkili ambalaj sistemlerinden biridir. MAP \u00e7\u00f6z\u00fcmlerimizi inceleyin. https:\/\/www.youtube.com\/watch?v=uD9A-fzs1Iohttps:\/\/www.youtube.com\/watch?v=Jk2ZSwrVHUI Sofralar\u0131m\u0131z\u0131m temel unsurlar\u0131ndan birisi de s\u00fct \u00fcr\u00fcnleridir. Peynir, yo\u011furt, tereya\u011f gibi s\u00fct \u00fcr\u00fcnlerinin i\u015flenmesi ve ambalaj\u0131nda VOLVAC uygun \u00e7\u00f6z\u00fcmler \u00fcretmektedir. \u00d6zellikle son y\u0131llardaki Avrupa Birli\u011fi normlar\u0131na uymak [&hellip;]<\/p>\n","protected":false},"author":1,"featured_media":0,"parent":10118,"menu_order":0,"comment_status":"closed","ping_status":"closed","template":"","meta":{"footnotes":""},"class_list":["post-10160","page","type-page","status-publish","hentry"],"acf":[],"yoast_head":"<!-- This site is optimized with the Yoast SEO Premium plugin v19.5 (Yoast SEO v19.13) - https:\/\/yoast.com\/wordpress\/plugins\/seo\/ -->\n<title>Dairy Products Packaging - VOLVAC<\/title>\n<meta name=\"robots\" content=\"index, follow, max-snippet:-1, max-image-preview:large, max-video-preview:-1\" \/>\n<link rel=\"canonical\" href=\"https:\/\/volvacgermany.de\/en\/packaging-solutions\/dairy-products-packaging\/\" \/>\n<meta property=\"og:locale\" content=\"en_US\" \/>\n<meta property=\"og:type\" content=\"article\" \/>\n<meta property=\"og:title\" content=\"Dairy Products Packaging\" \/>\n<meta property=\"og:description\" content=\"WHAT WE DO S\u00fct \u00dcr\u00fcnleri Paketleme Modifiyeli Atmosfer Paketleme \u00e7\u00f6z\u00fcm\u00fc bir g\u0131da \u00fcr\u00fcn\u00fcn\u00fcn tazeli\u011fini, tad\u0131n\u0131 ve kokusunu korumak i\u00e7in en etkili ambalaj sistemlerinden biridir. MAP \u00e7\u00f6z\u00fcmlerimizi inceleyin. https:\/\/www.youtube.com\/watch?v=uD9A-fzs1Iohttps:\/\/www.youtube.com\/watch?v=Jk2ZSwrVHUI Sofralar\u0131m\u0131z\u0131m temel unsurlar\u0131ndan birisi de s\u00fct \u00fcr\u00fcnleridir. Peynir, yo\u011furt, tereya\u011f gibi s\u00fct \u00fcr\u00fcnlerinin i\u015flenmesi ve ambalaj\u0131nda VOLVAC uygun \u00e7\u00f6z\u00fcmler \u00fcretmektedir. \u00d6zellikle son y\u0131llardaki Avrupa Birli\u011fi normlar\u0131na uymak [&hellip;]\" \/>\n<meta property=\"og:url\" content=\"https:\/\/volvacgermany.de\/en\/packaging-solutions\/dairy-products-packaging\/\" \/>\n<meta property=\"og:site_name\" content=\"VOLVAC\" \/>\n<meta property=\"article:modified_time\" content=\"2023-06-16T15:06:26+00:00\" \/>\n<meta name=\"twitter:card\" content=\"summary_large_image\" \/>\n<meta name=\"twitter:label1\" content=\"Est. reading time\" \/>\n\t<meta name=\"twitter:data1\" content=\"4 minutes\" \/>\n<script type=\"application\/ld+json\" class=\"yoast-schema-graph\">{\"@context\":\"https:\/\/schema.org\",\"@graph\":[{\"@type\":\"WebPage\",\"@id\":\"https:\/\/volvacgermany.de\/en\/packaging-solutions\/dairy-products-packaging\/\",\"url\":\"https:\/\/volvacgermany.de\/en\/packaging-solutions\/dairy-products-packaging\/\",\"name\":\"Dairy Products Packaging - VOLVAC\",\"isPartOf\":{\"@id\":\"https:\/\/volvacgermany.de\/#website\"},\"datePublished\":\"2023-06-16T15:06:15+00:00\",\"dateModified\":\"2023-06-16T15:06:26+00:00\",\"breadcrumb\":{\"@id\":\"https:\/\/volvacgermany.de\/en\/packaging-solutions\/dairy-products-packaging\/#breadcrumb\"},\"inLanguage\":\"en-US\",\"potentialAction\":[{\"@type\":\"ReadAction\",\"target\":[\"https:\/\/volvacgermany.de\/en\/packaging-solutions\/dairy-products-packaging\/\"]}]},{\"@type\":\"BreadcrumbList\",\"@id\":\"https:\/\/volvacgermany.de\/en\/packaging-solutions\/dairy-products-packaging\/#breadcrumb\",\"itemListElement\":[{\"@type\":\"ListItem\",\"position\":1,\"name\":\"Home\",\"item\":\"https:\/\/volvacgermany.de\/en\/\"},{\"@type\":\"ListItem\",\"position\":2,\"name\":\"PACKAGING SOLUTIONS\",\"item\":\"https:\/\/volvacgermany.de\/en\/packaging-solutions\/\"},{\"@type\":\"ListItem\",\"position\":3,\"name\":\"Dairy Products Packaging\"}]},{\"@type\":\"WebSite\",\"@id\":\"https:\/\/volvacgermany.de\/#website\",\"url\":\"https:\/\/volvacgermany.de\/\",\"name\":\"VOLVAC\",\"description\":\"Vakum Paketleme Makinas\u0131 \u0130malat\u00e7\u0131s\u0131 (Garantili)\",\"potentialAction\":[{\"@type\":\"SearchAction\",\"target\":{\"@type\":\"EntryPoint\",\"urlTemplate\":\"https:\/\/volvacgermany.de\/?s={search_term_string}\"},\"query-input\":\"required name=search_term_string\"}],\"inLanguage\":\"en-US\"}]}<\/script>\n<!-- \/ Yoast SEO Premium plugin. -->","yoast_head_json":{"title":"Dairy Products Packaging - VOLVAC","robots":{"index":"index","follow":"follow","max-snippet":"max-snippet:-1","max-image-preview":"max-image-preview:large","max-video-preview":"max-video-preview:-1"},"canonical":"https:\/\/volvacgermany.de\/en\/packaging-solutions\/dairy-products-packaging\/","og_locale":"en_US","og_type":"article","og_title":"Dairy Products Packaging","og_description":"WHAT WE DO S\u00fct \u00dcr\u00fcnleri Paketleme Modifiyeli Atmosfer Paketleme \u00e7\u00f6z\u00fcm\u00fc bir g\u0131da \u00fcr\u00fcn\u00fcn\u00fcn tazeli\u011fini, tad\u0131n\u0131 ve kokusunu korumak i\u00e7in en etkili ambalaj sistemlerinden biridir. MAP \u00e7\u00f6z\u00fcmlerimizi inceleyin. https:\/\/www.youtube.com\/watch?v=uD9A-fzs1Iohttps:\/\/www.youtube.com\/watch?v=Jk2ZSwrVHUI Sofralar\u0131m\u0131z\u0131m temel unsurlar\u0131ndan birisi de s\u00fct \u00fcr\u00fcnleridir. Peynir, yo\u011furt, tereya\u011f gibi s\u00fct \u00fcr\u00fcnlerinin i\u015flenmesi ve ambalaj\u0131nda VOLVAC uygun \u00e7\u00f6z\u00fcmler \u00fcretmektedir. \u00d6zellikle son y\u0131llardaki Avrupa Birli\u011fi normlar\u0131na uymak [&hellip;]","og_url":"https:\/\/volvacgermany.de\/en\/packaging-solutions\/dairy-products-packaging\/","og_site_name":"VOLVAC","article_modified_time":"2023-06-16T15:06:26+00:00","twitter_card":"summary_large_image","twitter_misc":{"Est. reading time":"4 minutes"},"schema":{"@context":"https:\/\/schema.org","@graph":[{"@type":"WebPage","@id":"https:\/\/volvacgermany.de\/en\/packaging-solutions\/dairy-products-packaging\/","url":"https:\/\/volvacgermany.de\/en\/packaging-solutions\/dairy-products-packaging\/","name":"Dairy Products Packaging - VOLVAC","isPartOf":{"@id":"https:\/\/volvacgermany.de\/#website"},"datePublished":"2023-06-16T15:06:15+00:00","dateModified":"2023-06-16T15:06:26+00:00","breadcrumb":{"@id":"https:\/\/volvacgermany.de\/en\/packaging-solutions\/dairy-products-packaging\/#breadcrumb"},"inLanguage":"en-US","potentialAction":[{"@type":"ReadAction","target":["https:\/\/volvacgermany.de\/en\/packaging-solutions\/dairy-products-packaging\/"]}]},{"@type":"BreadcrumbList","@id":"https:\/\/volvacgermany.de\/en\/packaging-solutions\/dairy-products-packaging\/#breadcrumb","itemListElement":[{"@type":"ListItem","position":1,"name":"Home","item":"https:\/\/volvacgermany.de\/en\/"},{"@type":"ListItem","position":2,"name":"PACKAGING SOLUTIONS","item":"https:\/\/volvacgermany.de\/en\/packaging-solutions\/"},{"@type":"ListItem","position":3,"name":"Dairy Products Packaging"}]},{"@type":"WebSite","@id":"https:\/\/volvacgermany.de\/#website","url":"https:\/\/volvacgermany.de\/","name":"VOLVAC","description":"Vakum Paketleme Makinas\u0131 \u0130malat\u00e7\u0131s\u0131 (Garantili)","potentialAction":[{"@type":"SearchAction","target":{"@type":"EntryPoint","urlTemplate":"https:\/\/volvacgermany.de\/?s={search_term_string}"},"query-input":"required name=search_term_string"}],"inLanguage":"en-US"}]}},"_links":{"self":[{"href":"https:\/\/volvacgermany.de\/en\/wp-json\/wp\/v2\/pages\/10160","targetHints":{"allow":["GET"]}}],"collection":[{"href":"https:\/\/volvacgermany.de\/en\/wp-json\/wp\/v2\/pages"}],"about":[{"href":"https:\/\/volvacgermany.de\/en\/wp-json\/wp\/v2\/types\/page"}],"author":[{"embeddable":true,"href":"https:\/\/volvacgermany.de\/en\/wp-json\/wp\/v2\/users\/1"}],"replies":[{"embeddable":true,"href":"https:\/\/volvacgermany.de\/en\/wp-json\/wp\/v2\/comments?post=10160"}],"version-history":[{"count":1,"href":"https:\/\/volvacgermany.de\/en\/wp-json\/wp\/v2\/pages\/10160\/revisions"}],"predecessor-version":[{"id":10161,"href":"https:\/\/volvacgermany.de\/en\/wp-json\/wp\/v2\/pages\/10160\/revisions\/10161"}],"up":[{"embeddable":true,"href":"https:\/\/volvacgermany.de\/en\/wp-json\/wp\/v2\/pages\/10118"}],"wp:attachment":[{"href":"https:\/\/volvacgermany.de\/en\/wp-json\/wp\/v2\/media?parent=10160"}],"curies":[{"name":"wp","href":"https:\/\/api.w.org\/{rel}","templated":true}]}}