{"id":6720,"date":"2022-06-08T10:45:27","date_gmt":"2022-06-08T07:45:27","guid":{"rendered":"https:\/\/volvacgermany.de\/machines\/vakum-paketleme-makineleri\/"},"modified":"2022-06-15T12:20:19","modified_gmt":"2022-06-15T09:20:19","slug":"vacuum-packaging-machines","status":"publish","type":"page","link":"https:\/\/volvacgermany.de\/en\/machines\/vacuum-packaging-machines\/","title":{"rendered":"Vacuum Packaging Machines"},"content":{"rendered":"\t\t<div data-elementor-type=\"wp-page\" data-elementor-id=\"6720\" class=\"elementor elementor-6720 elementor-1791\">\n\t\t\t\t\t\t\t\t\t<section data-particle_enable=\"false\" data-particle-mobile-disabled=\"false\" class=\"elementor-section elementor-top-section elementor-element elementor-element-f6edb4b elementor-section-boxed elementor-section-height-default elementor-section-height-default\" data-id=\"f6edb4b\" data-element_type=\"section\" data-settings=\"{&quot;background_background&quot;:&quot;classic&quot;}\">\n\t\t\n\t\t\t\t\t\t\t<div class=\"elementor-container elementor-column-gap-default\">\n\t\t\t\t\t\t\t\t\t\t\t<div class=\"elementor-column elementor-col-100 elementor-top-column elementor-element elementor-element-a4518da\" data-id=\"a4518da\" data-element_type=\"column\">\n\t\t\t\t\t<div class=\"elementor-widget-wrap elementor-element-populated\">\n\t\t\t\t\t\t\t\t<div class=\"elementor-element elementor-element-ebde3d7 elementor-position-top elementor-vertical-align-top elementor-widget elementor-widget-image-box\" data-id=\"ebde3d7\" data-element_type=\"widget\" data-widget_type=\"image-box.default\">\n\t\t\t\t<div class=\"elementor-widget-container\">\n\t\t\t<style>.elementor-widget-image-box .elementor-image-box-content{width:100%}@media (min-width:768px){.elementor-widget-image-box.elementor-position-left .elementor-image-box-wrapper,.elementor-widget-image-box.elementor-position-right .elementor-image-box-wrapper{display:flex}.elementor-widget-image-box.elementor-position-right .elementor-image-box-wrapper{text-align:right;flex-direction:row-reverse}.elementor-widget-image-box.elementor-position-left .elementor-image-box-wrapper{text-align:left;flex-direction:row}.elementor-widget-image-box.elementor-position-top .elementor-image-box-img{margin:auto}.elementor-widget-image-box.elementor-vertical-align-top .elementor-image-box-wrapper{align-items:flex-start}.elementor-widget-image-box.elementor-vertical-align-middle .elementor-image-box-wrapper{align-items:center}.elementor-widget-image-box.elementor-vertical-align-bottom .elementor-image-box-wrapper{align-items:flex-end}}@media (max-width:767px){.elementor-widget-image-box .elementor-image-box-img{margin-left:auto!important;margin-right:auto!important;margin-bottom:15px}}.elementor-widget-image-box .elementor-image-box-img{display:inline-block}.elementor-widget-image-box .elementor-image-box-title a{color:inherit}.elementor-widget-image-box .elementor-image-box-wrapper{text-align:center}.elementor-widget-image-box .elementor-image-box-description{margin:0}<\/style><div class=\"elementor-image-box-wrapper\"><figure class=\"elementor-image-box-img\"><img loading=\"lazy\" decoding=\"async\" width=\"500\" height=\"128\" src=\"https:\/\/volvacgermany.de\/wp-content\/uploads\/2022\/02\/vakum.png\" class=\"attachment-large size-large wp-image-573\" alt=\"\" \/><\/figure><div class=\"elementor-image-box-content\"><p class=\"elementor-image-box-description\">Check out all machine models suitable for vacuum bag. We have models suitable for small, medium and large vacuum bags.<\/p><\/div><\/div>\t\t<\/div>\n\t\t\t\t<\/div>\n\t\t\t\t\t<\/div>\n\t\t\t\t<\/div>\n\t\t\t\t\t<\/div>\n\t\t\t\t<\/section>\n\t\t\t\t<section data-particle_enable=\"false\" data-particle-mobile-disabled=\"false\" class=\"elementor-section elementor-top-section elementor-element elementor-element-43d8829 elementor-section-boxed elementor-section-height-default elementor-section-height-default\" data-id=\"43d8829\" data-element_type=\"section\" data-settings=\"{&quot;background_background&quot;:&quot;classic&quot;}\">\n\t\t\n\t\t\t\t\t\t\t<div class=\"elementor-container elementor-column-gap-default\">\n\t\t\t\t\t\t\t\t\t\t\t<div class=\"elementor-column elementor-col-33 elementor-top-column elementor-element elementor-element-6b3b730\" data-id=\"6b3b730\" data-element_type=\"column\">\n\t\t\t\t\t<div class=\"elementor-widget-wrap elementor-element-populated\">\n\t\t\t\t\t\t\t\t<div class=\"elementor-element elementor-element-5485b2f elementor-position-top elementor-vertical-align-top elementor-widget elementor-widget-image-box\" data-id=\"5485b2f\" data-element_type=\"widget\" data-widget_type=\"image-box.default\">\n\t\t\t\t<div class=\"elementor-widget-container\">\n\t\t\t<div class=\"elementor-image-box-wrapper\"><figure class=\"elementor-image-box-img\"><a href=\"https:\/\/volvacgermany.de\/en\/machines\/vacuum-packaging-machines\/table-top-models\/\"><img loading=\"lazy\" decoding=\"async\" width=\"651\" height=\"432\" src=\"https:\/\/volvacgermany.de\/wp-content\/uploads\/2022\/02\/5.jpg\" class=\"attachment-medium_large size-medium_large wp-image-1033\" alt=\"\" \/><\/a><\/figure><div class=\"elementor-image-box-content\"><h3 class=\"elementor-image-box-title\"><a href=\"https:\/\/volvacgermany.de\/en\/machines\/vacuum-packaging-machines\/table-top-models\/\">TABLE TOP MODELS<\/a><\/h3><\/div><\/div>\t\t<\/div>\n\t\t\t\t<\/div>\n\t\t\t\t\t<\/div>\n\t\t\t\t<\/div>\n\t\t\t\t<div class=\"elementor-column elementor-col-33 elementor-top-column elementor-element elementor-element-7c9c688\" data-id=\"7c9c688\" data-element_type=\"column\">\n\t\t\t\t\t<div class=\"elementor-widget-wrap elementor-element-populated\">\n\t\t\t\t\t\t\t\t<div class=\"elementor-element elementor-element-e598799 elementor-position-top elementor-vertical-align-top elementor-widget elementor-widget-image-box\" data-id=\"e598799\" data-element_type=\"widget\" data-widget_type=\"image-box.default\">\n\t\t\t\t<div class=\"elementor-widget-container\">\n\t\t\t<div class=\"elementor-image-box-wrapper\"><figure class=\"elementor-image-box-img\"><a href=\"https:\/\/volvacgermany.de\/en\/machines\/vacuum-packaging-machines\/footed-models\/\"><img loading=\"lazy\" decoding=\"async\" width=\"651\" height=\"432\" src=\"https:\/\/volvacgermany.de\/wp-content\/uploads\/2022\/02\/6.jpg\" class=\"attachment-medium_large size-medium_large wp-image-1034\" alt=\"\" \/><\/a><\/figure><div class=\"elementor-image-box-content\"><h3 class=\"elementor-image-box-title\"><a href=\"https:\/\/volvacgermany.de\/en\/machines\/vacuum-packaging-machines\/footed-models\/\">FOOTED MODELS<\/a><\/h3><\/div><\/div>\t\t<\/div>\n\t\t\t\t<\/div>\n\t\t\t\t\t<\/div>\n\t\t\t\t<\/div>\n\t\t\t\t<div class=\"elementor-column elementor-col-33 elementor-top-column elementor-element elementor-element-b0633a5\" data-id=\"b0633a5\" data-element_type=\"column\">\n\t\t\t\t\t<div class=\"elementor-widget-wrap elementor-element-populated\">\n\t\t\t\t\t\t\t\t<div class=\"elementor-element elementor-element-719e584 elementor-position-top elementor-vertical-align-top elementor-widget elementor-widget-image-box\" data-id=\"719e584\" data-element_type=\"widget\" data-widget_type=\"image-box.default\">\n\t\t\t\t<div class=\"elementor-widget-container\">\n\t\t\t<div class=\"elementor-image-box-wrapper\"><figure class=\"elementor-image-box-img\"><a href=\"https:\/\/volvacgermany.de\/en\/machines\/vacuum-packaging-machines\/double-chamber-models\/\"><img loading=\"lazy\" decoding=\"async\" width=\"651\" height=\"432\" src=\"https:\/\/volvacgermany.de\/wp-content\/uploads\/2022\/02\/7.jpg\" class=\"attachment-medium_large size-medium_large wp-image-1035\" alt=\"\" \/><\/a><\/figure><div class=\"elementor-image-box-content\"><h3 class=\"elementor-image-box-title\"><a href=\"https:\/\/volvacgermany.de\/en\/machines\/vacuum-packaging-machines\/double-chamber-models\/\">DOUBLE CHAMBER MODELS<\/a><\/h3><\/div><\/div>\t\t<\/div>\n\t\t\t\t<\/div>\n\t\t\t\t\t<\/div>\n\t\t\t\t<\/div>\n\t\t\t\t\t<\/div>\n\t\t\t\t<\/section>\n\t\t\t\t<section data-particle_enable=\"false\" data-particle-mobile-disabled=\"false\" class=\"elementor-section elementor-top-section elementor-element elementor-element-6b4e0ed elementor-section-boxed elementor-section-height-default elementor-section-height-default\" data-id=\"6b4e0ed\" data-element_type=\"section\" data-settings=\"{&quot;background_background&quot;:&quot;classic&quot;}\">\n\t\t\n\t\t\t\t\t\t\t<div class=\"elementor-container elementor-column-gap-default\">\n\t\t\t\t\t\t\t\t\t\t\t<div class=\"elementor-column elementor-col-33 elementor-top-column elementor-element elementor-element-03bcda3\" data-id=\"03bcda3\" data-element_type=\"column\">\n\t\t\t\t\t<div class=\"elementor-widget-wrap elementor-element-populated\">\n\t\t\t\t\t\t\t\t<div class=\"elementor-element elementor-element-702b443 elementor-position-top elementor-vertical-align-top elementor-widget elementor-widget-image-box\" data-id=\"702b443\" data-element_type=\"widget\" data-widget_type=\"image-box.default\">\n\t\t\t\t<div class=\"elementor-widget-container\">\n\t\t\t<div class=\"elementor-image-box-wrapper\"><figure class=\"elementor-image-box-img\"><a href=\"https:\/\/volvacgermany.de\/en\/machines\/vacuum-packaging-machines\/volvac-w700\/\"><img loading=\"lazy\" decoding=\"async\" width=\"651\" height=\"432\" src=\"https:\/\/volvacgermany.de\/wp-content\/uploads\/2022\/02\/9.jpg\" class=\"attachment-medium_large size-medium_large wp-image-1037\" alt=\"\" \/><\/a><\/figure><div class=\"elementor-image-box-content\"><h3 class=\"elementor-image-box-title\"><a href=\"https:\/\/volvacgermany.de\/en\/machines\/vacuum-packaging-machines\/volvac-w700\/\">VERTICAL MODELS<\/a><\/h3><\/div><\/div>\t\t<\/div>\n\t\t\t\t<\/div>\n\t\t\t\t\t<\/div>\n\t\t\t\t<\/div>\n\t\t\t\t<div class=\"elementor-column elementor-col-33 elementor-top-column elementor-element elementor-element-e7ac9ea\" data-id=\"e7ac9ea\" data-element_type=\"column\">\n\t\t\t\t\t<div class=\"elementor-widget-wrap\">\n\t\t\t\t\t\t\t\t\t<\/div>\n\t\t\t\t<\/div>\n\t\t\t\t<div class=\"elementor-column elementor-col-33 elementor-top-column elementor-element elementor-element-1fa3871\" data-id=\"1fa3871\" data-element_type=\"column\">\n\t\t\t\t\t<div class=\"elementor-widget-wrap\">\n\t\t\t\t\t\t\t\t\t<\/div>\n\t\t\t\t<\/div>\n\t\t\t\t\t<\/div>\n\t\t\t\t<\/section>\n\t\t\t\t\t\t\t<\/div>\n\t\t","protected":false},"excerpt":{"rendered":"<p>Check out all machine models suitable for vacuum bag. We have models suitable for small, medium and large vacuum bags. TABLE TOP MODELS FOOTED MODELS DOUBLE CHAMBER MODELS VERTICAL MODELS<\/p>\n","protected":false},"author":1,"featured_media":0,"parent":6427,"menu_order":0,"comment_status":"closed","ping_status":"closed","template":"","meta":{"footnotes":""},"class_list":["post-6720","page","type-page","status-publish","hentry"],"acf":[],"yoast_head":"<!-- This site is optimized with the Yoast SEO Premium plugin v19.5 (Yoast SEO v19.13) - https:\/\/yoast.com\/wordpress\/plugins\/seo\/ -->\n<title>Vacuum Packaging Machines - VOLVAC<\/title>\n<meta name=\"robots\" content=\"index, follow, max-snippet:-1, max-image-preview:large, max-video-preview:-1\" \/>\n<link rel=\"canonical\" href=\"https:\/\/volvacgermany.de\/en\/machines\/vacuum-packaging-machines\/\" \/>\n<meta property=\"og:locale\" content=\"en_US\" \/>\n<meta property=\"og:type\" content=\"article\" \/>\n<meta property=\"og:title\" content=\"Vacuum Packaging Machines\" \/>\n<meta property=\"og:description\" content=\"Check out all machine models suitable for vacuum bag. We have models suitable for small, medium and large vacuum bags. TABLE TOP MODELS FOOTED MODELS DOUBLE CHAMBER MODELS VERTICAL MODELS\" \/>\n<meta property=\"og:url\" content=\"https:\/\/volvacgermany.de\/en\/machines\/vacuum-packaging-machines\/\" \/>\n<meta property=\"og:site_name\" content=\"VOLVAC\" \/>\n<meta property=\"article:modified_time\" content=\"2022-06-15T09:20:19+00:00\" \/>\n<meta property=\"og:image\" content=\"https:\/\/volvacgermany.de\/wp-content\/uploads\/2022\/02\/vakum.png\" \/>\n<meta name=\"twitter:card\" content=\"summary_large_image\" \/>\n<meta name=\"twitter:label1\" content=\"Est. reading time\" \/>\n\t<meta name=\"twitter:data1\" content=\"2 minutes\" \/>\n<script type=\"application\/ld+json\" class=\"yoast-schema-graph\">{\"@context\":\"https:\/\/schema.org\",\"@graph\":[{\"@type\":\"WebPage\",\"@id\":\"https:\/\/volvacgermany.de\/en\/machines\/vacuum-packaging-machines\/\",\"url\":\"https:\/\/volvacgermany.de\/en\/machines\/vacuum-packaging-machines\/\",\"name\":\"Vacuum Packaging Machines - VOLVAC\",\"isPartOf\":{\"@id\":\"https:\/\/volvacgermany.de\/#website\"},\"datePublished\":\"2022-06-08T07:45:27+00:00\",\"dateModified\":\"2022-06-15T09:20:19+00:00\",\"breadcrumb\":{\"@id\":\"https:\/\/volvacgermany.de\/en\/machines\/vacuum-packaging-machines\/#breadcrumb\"},\"inLanguage\":\"en-US\",\"potentialAction\":[{\"@type\":\"ReadAction\",\"target\":[\"https:\/\/volvacgermany.de\/en\/machines\/vacuum-packaging-machines\/\"]}]},{\"@type\":\"BreadcrumbList\",\"@id\":\"https:\/\/volvacgermany.de\/en\/machines\/vacuum-packaging-machines\/#breadcrumb\",\"itemListElement\":[{\"@type\":\"ListItem\",\"position\":1,\"name\":\"Home\",\"item\":\"https:\/\/volvacgermany.de\/en\/\"},{\"@type\":\"ListItem\",\"position\":2,\"name\":\"MACHINES\",\"item\":\"https:\/\/volvacgermany.de\/en\/machines\/\"},{\"@type\":\"ListItem\",\"position\":3,\"name\":\"Vacuum Packaging Machines\"}]},{\"@type\":\"WebSite\",\"@id\":\"https:\/\/volvacgermany.de\/#website\",\"url\":\"https:\/\/volvacgermany.de\/\",\"name\":\"VOLVAC\",\"description\":\"Vakum Paketleme Makinas\u0131 \u0130malat\u00e7\u0131s\u0131 (Garantili)\",\"potentialAction\":[{\"@type\":\"SearchAction\",\"target\":{\"@type\":\"EntryPoint\",\"urlTemplate\":\"https:\/\/volvacgermany.de\/?s={search_term_string}\"},\"query-input\":\"required name=search_term_string\"}],\"inLanguage\":\"en-US\"}]}<\/script>\n<!-- \/ Yoast SEO Premium plugin. -->","yoast_head_json":{"title":"Vacuum Packaging Machines - VOLVAC","robots":{"index":"index","follow":"follow","max-snippet":"max-snippet:-1","max-image-preview":"max-image-preview:large","max-video-preview":"max-video-preview:-1"},"canonical":"https:\/\/volvacgermany.de\/en\/machines\/vacuum-packaging-machines\/","og_locale":"en_US","og_type":"article","og_title":"Vacuum Packaging Machines","og_description":"Check out all machine models suitable for vacuum bag. We have models suitable for small, medium and large vacuum bags. TABLE TOP MODELS FOOTED MODELS DOUBLE CHAMBER MODELS VERTICAL MODELS","og_url":"https:\/\/volvacgermany.de\/en\/machines\/vacuum-packaging-machines\/","og_site_name":"VOLVAC","article_modified_time":"2022-06-15T09:20:19+00:00","og_image":[{"url":"https:\/\/volvacgermany.de\/wp-content\/uploads\/2022\/02\/vakum.png"}],"twitter_card":"summary_large_image","twitter_misc":{"Est. reading time":"2 minutes"},"schema":{"@context":"https:\/\/schema.org","@graph":[{"@type":"WebPage","@id":"https:\/\/volvacgermany.de\/en\/machines\/vacuum-packaging-machines\/","url":"https:\/\/volvacgermany.de\/en\/machines\/vacuum-packaging-machines\/","name":"Vacuum Packaging Machines - VOLVAC","isPartOf":{"@id":"https:\/\/volvacgermany.de\/#website"},"datePublished":"2022-06-08T07:45:27+00:00","dateModified":"2022-06-15T09:20:19+00:00","breadcrumb":{"@id":"https:\/\/volvacgermany.de\/en\/machines\/vacuum-packaging-machines\/#breadcrumb"},"inLanguage":"en-US","potentialAction":[{"@type":"ReadAction","target":["https:\/\/volvacgermany.de\/en\/machines\/vacuum-packaging-machines\/"]}]},{"@type":"BreadcrumbList","@id":"https:\/\/volvacgermany.de\/en\/machines\/vacuum-packaging-machines\/#breadcrumb","itemListElement":[{"@type":"ListItem","position":1,"name":"Home","item":"https:\/\/volvacgermany.de\/en\/"},{"@type":"ListItem","position":2,"name":"MACHINES","item":"https:\/\/volvacgermany.de\/en\/machines\/"},{"@type":"ListItem","position":3,"name":"Vacuum Packaging Machines"}]},{"@type":"WebSite","@id":"https:\/\/volvacgermany.de\/#website","url":"https:\/\/volvacgermany.de\/","name":"VOLVAC","description":"Vakum Paketleme Makinas\u0131 \u0130malat\u00e7\u0131s\u0131 (Garantili)","potentialAction":[{"@type":"SearchAction","target":{"@type":"EntryPoint","urlTemplate":"https:\/\/volvacgermany.de\/?s={search_term_string}"},"query-input":"required name=search_term_string"}],"inLanguage":"en-US"}]}},"_links":{"self":[{"href":"https:\/\/volvacgermany.de\/en\/wp-json\/wp\/v2\/pages\/6720","targetHints":{"allow":["GET"]}}],"collection":[{"href":"https:\/\/volvacgermany.de\/en\/wp-json\/wp\/v2\/pages"}],"about":[{"href":"https:\/\/volvacgermany.de\/en\/wp-json\/wp\/v2\/types\/page"}],"author":[{"embeddable":true,"href":"https:\/\/volvacgermany.de\/en\/wp-json\/wp\/v2\/users\/1"}],"replies":[{"embeddable":true,"href":"https:\/\/volvacgermany.de\/en\/wp-json\/wp\/v2\/comments?post=6720"}],"version-history":[{"count":0,"href":"https:\/\/volvacgermany.de\/en\/wp-json\/wp\/v2\/pages\/6720\/revisions"}],"up":[{"embeddable":true,"href":"https:\/\/volvacgermany.de\/en\/wp-json\/wp\/v2\/pages\/6427"}],"wp:attachment":[{"href":"https:\/\/volvacgermany.de\/en\/wp-json\/wp\/v2\/media?parent=6720"}],"curies":[{"name":"wp","href":"https:\/\/api.w.org\/{rel}","templated":true}]}}