{"id":6568,"date":"2022-06-08T09:06:57","date_gmt":"2022-06-08T06:06:57","guid":{"rendered":"https:\/\/volvacgermany.de\/machines\/tabak-kapatma-makineleri\/"},"modified":"2022-06-15T12:16:43","modified_gmt":"2022-06-15T09:16:43","slug":"tray-sealer-machines","status":"publish","type":"page","link":"https:\/\/volvacgermany.de\/ru\/machines\/tray-sealer-machines\/","title":{"rendered":"\u041c\u0430\u0448\u0438\u043d\u044b \u0434\u043b\u044f \u0437\u0430\u043f\u0430\u0439\u043a\u0438 \u043b\u043e\u0442\u043a\u043e\u0432"},"content":{"rendered":"\t\t<div data-elementor-type=\"wp-page\" data-elementor-id=\"6568\" class=\"elementor elementor-6568 elementor-1793\">\n\t\t\t\t\t\t\t\t\t<section data-particle_enable=\"false\" data-particle-mobile-disabled=\"false\" class=\"elementor-section elementor-top-section elementor-element elementor-element-3715ec9 elementor-section-boxed elementor-section-height-default elementor-section-height-default\" data-id=\"3715ec9\" data-element_type=\"section\" data-settings=\"{&quot;background_background&quot;:&quot;classic&quot;}\">\n\t\t\n\t\t\t\t\t\t\t<div class=\"elementor-container elementor-column-gap-default\">\n\t\t\t\t\t\t\t\t\t\t\t<div class=\"elementor-column elementor-col-100 elementor-top-column elementor-element elementor-element-f7798d9\" data-id=\"f7798d9\" data-element_type=\"column\">\n\t\t\t\t\t<div class=\"elementor-widget-wrap elementor-element-populated\">\n\t\t\t\t\t\t\t\t<div class=\"elementor-element elementor-element-3affa2c elementor-position-top elementor-vertical-align-top elementor-widget elementor-widget-image-box\" data-id=\"3affa2c\" data-element_type=\"widget\" data-widget_type=\"image-box.default\">\n\t\t\t\t<div class=\"elementor-widget-container\">\n\t\t\t<style>.elementor-widget-image-box .elementor-image-box-content{width:100%}@media (min-width:768px){.elementor-widget-image-box.elementor-position-left .elementor-image-box-wrapper,.elementor-widget-image-box.elementor-position-right .elementor-image-box-wrapper{display:flex}.elementor-widget-image-box.elementor-position-right .elementor-image-box-wrapper{text-align:right;flex-direction:row-reverse}.elementor-widget-image-box.elementor-position-left .elementor-image-box-wrapper{text-align:left;flex-direction:row}.elementor-widget-image-box.elementor-position-top .elementor-image-box-img{margin:auto}.elementor-widget-image-box.elementor-vertical-align-top .elementor-image-box-wrapper{align-items:flex-start}.elementor-widget-image-box.elementor-vertical-align-middle .elementor-image-box-wrapper{align-items:center}.elementor-widget-image-box.elementor-vertical-align-bottom .elementor-image-box-wrapper{align-items:flex-end}}@media (max-width:767px){.elementor-widget-image-box .elementor-image-box-img{margin-left:auto!important;margin-right:auto!important;margin-bottom:15px}}.elementor-widget-image-box .elementor-image-box-img{display:inline-block}.elementor-widget-image-box .elementor-image-box-title a{color:inherit}.elementor-widget-image-box .elementor-image-box-wrapper{text-align:center}.elementor-widget-image-box .elementor-image-box-description{margin:0}<\/style><div class=\"elementor-image-box-wrapper\"><figure class=\"elementor-image-box-img\"><img loading=\"lazy\" decoding=\"async\" width=\"500\" height=\"128\" src=\"https:\/\/volvacgermany.de\/wp-content\/uploads\/2022\/02\/tabak.png\" class=\"attachment-large size-large wp-image-571\" alt=\"\" \/><\/figure><div class=\"elementor-image-box-content\"><p class=\"elementor-image-box-description\">\u0412\u044b \u043c\u043e\u0436\u0435\u0442\u0435 \u0432\u044b\u043f\u043e\u043b\u043d\u0438\u0442\u044c \u043f\u0440\u043e\u0446\u0435\u0441\u0441 \u0437\u0430\u043a\u0440\u044b\u0442\u0438\u044f \u0442\u0430\u0440\u0435\u043b\u043e\u043a \u0441 \u043f\u043e\u043c\u043e\u0449\u044c\u044e \u043d\u0430\u0448\u0438\u0445 \u0444\u043e\u0440\u043c, \u043f\u043e\u0434\u0433\u043e\u0442\u043e\u0432\u043b\u0435\u043d\u043d\u044b\u0445 \u0432 \u0441\u043e\u043e\u0442\u0432\u0435\u0442\u0441\u0442\u0432\u0438\u0438 \u0441 \u0440\u0430\u0437\u043c\u0435\u0440\u043e\u043c \u0432\u0430\u0448\u0435\u0439 \u0442\u0430\u0440\u0435\u043b\u043a\u0438. \u041e\u0437\u043d\u0430\u043a\u043e\u043c\u044c\u0442\u0435\u0441\u044c \u0441 \u043d\u0430\u0448\u0438\u043c\u0438 \u0441\u0438\u0441\u0442\u0435\u043c\u0430\u043c\u0438 \u0437\u0430\u043a\u0440\u044b\u0442\u0438\u044f \u0447\u0430\u0448 \u0434\u043b\u044f \u043f\u0440\u0435\u0441\u0441-\u0444\u043e\u0440\u043c \u0440\u0430\u0437\u043d\u044b\u0445 \u0440\u0430\u0437\u043c\u0435\u0440\u043e\u0432.<\/p><\/div><\/div>\t\t<\/div>\n\t\t\t\t<\/div>\n\t\t\t\t\t<\/div>\n\t\t\t\t<\/div>\n\t\t\t\t\t<\/div>\n\t\t\t\t<\/section>\n\t\t\t\t<section data-particle_enable=\"false\" data-particle-mobile-disabled=\"false\" class=\"elementor-section elementor-top-section elementor-element elementor-element-6b98917 elementor-section-boxed elementor-section-height-default elementor-section-height-default\" data-id=\"6b98917\" data-element_type=\"section\" data-settings=\"{&quot;background_background&quot;:&quot;classic&quot;}\">\n\t\t\n\t\t\t\t\t\t\t<div class=\"elementor-container elementor-column-gap-default\">\n\t\t\t\t\t\t\t\t\t\t\t<div class=\"elementor-column elementor-col-33 elementor-top-column elementor-element elementor-element-7c60435\" data-id=\"7c60435\" data-element_type=\"column\">\n\t\t\t\t\t<div class=\"elementor-widget-wrap elementor-element-populated\">\n\t\t\t\t\t\t\t\t<div class=\"elementor-element elementor-element-eb1c8bf elementor-position-top elementor-vertical-align-top elementor-widget elementor-widget-image-box\" data-id=\"eb1c8bf\" data-element_type=\"widget\" data-widget_type=\"image-box.default\">\n\t\t\t\t<div class=\"elementor-widget-container\">\n\t\t\t<div class=\"elementor-image-box-wrapper\"><figure class=\"elementor-image-box-img\"><a href=\"https:\/\/volvacgermany.de\/ru\/machines\/tray-sealer-machines\/fully-automatic-tray-sealer\/\"><img loading=\"lazy\" decoding=\"async\" width=\"768\" height=\"507\" src=\"https:\/\/volvacgermany.de\/wp-content\/uploads\/2022\/06\/E30cats-768x507.png\" class=\"attachment-medium_large size-medium_large wp-image-8115\" alt=\"\" srcset=\"https:\/\/volvacgermany.de\/wp-content\/uploads\/2022\/06\/E30cats-768x507.png 768w, https:\/\/volvacgermany.de\/wp-content\/uploads\/2022\/06\/E30cats-640x422.png 640w, https:\/\/volvacgermany.de\/wp-content\/uploads\/2022\/06\/E30cats-400x264.png 400w\" sizes=\"auto, (max-width: 768px) 100vw, 768px\" \/><\/a><\/figure><div class=\"elementor-image-box-content\"><h3 class=\"elementor-image-box-title\"><a href=\"https:\/\/volvacgermany.de\/ru\/machines\/tray-sealer-machines\/fully-automatic-tray-sealer\/\">\u041f\u043e\u043b\u043d\u043e\u0441\u0442\u044c\u044e \u0430\u0432\u0442\u043e\u043c\u0430\u0442\u0438\u0447\u0435\u0441\u043a\u0438\u0435 \u043c\u043e\u0434\u0435\u043b\u0438<\/a><\/h3><\/div><\/div>\t\t<\/div>\n\t\t\t\t<\/div>\n\t\t\t\t\t<\/div>\n\t\t\t\t<\/div>\n\t\t\t\t<div class=\"elementor-column elementor-col-33 elementor-top-column elementor-element elementor-element-9abed61\" data-id=\"9abed61\" data-element_type=\"column\">\n\t\t\t\t\t<div class=\"elementor-widget-wrap elementor-element-populated\">\n\t\t\t\t\t\t\t\t<div class=\"elementor-element elementor-element-a70a3da elementor-position-top elementor-vertical-align-top elementor-widget elementor-widget-image-box\" data-id=\"a70a3da\" data-element_type=\"widget\" data-widget_type=\"image-box.default\">\n\t\t\t\t<div class=\"elementor-widget-container\">\n\t\t\t<div class=\"elementor-image-box-wrapper\"><figure class=\"elementor-image-box-img\"><a href=\"https:\/\/volvacgermany.de\/ru\/machines\/tray-sealer-machines\/drawer-models\/\"><img loading=\"lazy\" decoding=\"async\" width=\"651\" height=\"432\" src=\"https:\/\/volvacgermany.de\/wp-content\/uploads\/2022\/02\/1.jpg\" class=\"attachment-medium_large size-medium_large wp-image-1029\" alt=\"\" \/><\/a><\/figure><div class=\"elementor-image-box-content\"><h3 class=\"elementor-image-box-title\"><a href=\"https:\/\/volvacgermany.de\/ru\/machines\/tray-sealer-machines\/drawer-models\/\">\u0412\u044b\u0434\u0432\u0438\u0436\u043d\u044b\u0435 \u043c\u043e\u0434\u0435\u043b\u0438<\/a><\/h3><\/div><\/div>\t\t<\/div>\n\t\t\t\t<\/div>\n\t\t\t\t\t<\/div>\n\t\t\t\t<\/div>\n\t\t\t\t<div class=\"elementor-column elementor-col-33 elementor-top-column elementor-element elementor-element-2d7f2e2\" data-id=\"2d7f2e2\" data-element_type=\"column\">\n\t\t\t\t\t<div class=\"elementor-widget-wrap elementor-element-populated\">\n\t\t\t\t\t\t\t\t<div class=\"elementor-element elementor-element-7eba9fe elementor-position-top elementor-vertical-align-top elementor-widget elementor-widget-image-box\" data-id=\"7eba9fe\" data-element_type=\"widget\" data-widget_type=\"image-box.default\">\n\t\t\t\t<div class=\"elementor-widget-container\">\n\t\t\t<div class=\"elementor-image-box-wrapper\"><figure class=\"elementor-image-box-img\"><a href=\"https:\/\/volvacgermany.de\/ru\/machines\/tray-sealer-machines\/semi-automatic-models\/\"><img loading=\"lazy\" decoding=\"async\" width=\"651\" height=\"432\" src=\"https:\/\/volvacgermany.de\/wp-content\/uploads\/2022\/02\/3.jpg\" class=\"attachment-large size-large wp-image-1031\" alt=\"\" \/><\/a><\/figure><div class=\"elementor-image-box-content\"><h3 class=\"elementor-image-box-title\"><a href=\"https:\/\/volvacgermany.de\/ru\/machines\/tray-sealer-machines\/semi-automatic-models\/\">\u041f\u043e\u043b\u0443\u0430\u0432\u0442\u043e\u043c\u0430\u0442\u0438\u0447\u0435\u0441\u043a\u0438\u0435 \u043c\u043e\u0434\u0435\u043b\u0438<\/a><\/h3><\/div><\/div>\t\t<\/div>\n\t\t\t\t<\/div>\n\t\t\t\t\t<\/div>\n\t\t\t\t<\/div>\n\t\t\t\t\t<\/div>\n\t\t\t\t<\/section>\n\t\t\t\t<section data-particle_enable=\"false\" data-particle-mobile-disabled=\"false\" class=\"elementor-section elementor-top-section elementor-element elementor-element-bd981d8 elementor-section-boxed elementor-section-height-default elementor-section-height-default\" data-id=\"bd981d8\" data-element_type=\"section\" data-settings=\"{&quot;background_background&quot;:&quot;classic&quot;}\">\n\t\t\n\t\t\t\t\t\t\t<div class=\"elementor-container elementor-column-gap-default\">\n\t\t\t\t\t\t\t\t\t\t\t<div class=\"elementor-column elementor-col-33 elementor-top-column elementor-element elementor-element-4b2993e\" data-id=\"4b2993e\" data-element_type=\"column\">\n\t\t\t\t\t<div class=\"elementor-widget-wrap elementor-element-populated\">\n\t\t\t\t\t\t\t\t<div class=\"elementor-element elementor-element-a5cd22a elementor-position-top elementor-vertical-align-top elementor-widget elementor-widget-image-box\" data-id=\"a5cd22a\" data-element_type=\"widget\" data-widget_type=\"image-box.default\">\n\t\t\t\t<div class=\"elementor-widget-container\">\n\t\t\t<div class=\"elementor-image-box-wrapper\"><figure class=\"elementor-image-box-img\"><a href=\"https:\/\/volvacgermany.de\/ru\/machines\/tray-sealer-machines\/drawer-models\/\"><img loading=\"lazy\" decoding=\"async\" width=\"651\" height=\"432\" src=\"https:\/\/volvacgermany.de\/wp-content\/uploads\/2022\/02\/4.jpg\" class=\"attachment-medium_large size-medium_large wp-image-1032\" alt=\"\" \/><\/a><\/figure><div class=\"elementor-image-box-content\"><h3 class=\"elementor-image-box-title\"><a href=\"https:\/\/volvacgermany.de\/ru\/machines\/tray-sealer-machines\/drawer-models\/\">\u041c\u041e\u0414\u0415\u041b\u0418 \u0421 \u0412\u042b\u0414\u0412\u0418\u0416\u041d\u042b\u041c\u0418 \u042f\u0429\u0418\u041a\u0410\u041c\u0418<\/a><\/h3><\/div><\/div>\t\t<\/div>\n\t\t\t\t<\/div>\n\t\t\t\t\t<\/div>\n\t\t\t\t<\/div>\n\t\t\t\t<div class=\"elementor-column elementor-col-33 elementor-top-column elementor-element elementor-element-098535c\" data-id=\"098535c\" data-element_type=\"column\">\n\t\t\t\t\t<div class=\"elementor-widget-wrap elementor-element-populated\">\n\t\t\t\t\t\t\t\t<div class=\"elementor-element elementor-element-b6af103 elementor-position-top elementor-vertical-align-top elementor-widget elementor-widget-image-box\" data-id=\"b6af103\" data-element_type=\"widget\" data-widget_type=\"image-box.default\">\n\t\t\t\t<div class=\"elementor-widget-container\">\n\t\t\t<div class=\"elementor-image-box-wrapper\"><figure class=\"elementor-image-box-img\"><a href=\"https:\/\/volvacgermany.de\/ru\/machines\/tray-sealer-machines\/basic-models\/\"><img loading=\"lazy\" decoding=\"async\" width=\"191\" height=\"300\" src=\"https:\/\/volvacgermany.de\/wp-content\/uploads\/2022\/06\/TS350cats-191x300.png\" class=\"attachment-medium size-medium wp-image-8270\" alt=\"\" \/><\/a><\/figure><div class=\"elementor-image-box-content\"><h3 class=\"elementor-image-box-title\"><a href=\"https:\/\/volvacgermany.de\/ru\/machines\/tray-sealer-machines\/basic-models\/\">\u0411\u0430\u0437\u043e\u0432\u044b\u0435 \u043c\u043e\u0434\u0435\u043b\u0438<\/a><\/h3><\/div><\/div>\t\t<\/div>\n\t\t\t\t<\/div>\n\t\t\t\t\t<\/div>\n\t\t\t\t<\/div>\n\t\t\t\t<div class=\"elementor-column elementor-col-33 elementor-top-column elementor-element elementor-element-bea0ea0\" data-id=\"bea0ea0\" data-element_type=\"column\">\n\t\t\t\t\t<div class=\"elementor-widget-wrap\">\n\t\t\t\t\t\t\t\t\t<\/div>\n\t\t\t\t<\/div>\n\t\t\t\t\t<\/div>\n\t\t\t\t<\/section>\n\t\t\t\t\t\t\t<\/div>\n\t\t","protected":false},"excerpt":{"rendered":"<p>\u0412\u044b \u043c\u043e\u0436\u0435\u0442\u0435 \u0432\u044b\u043f\u043e\u043b\u043d\u0438\u0442\u044c \u043f\u0440\u043e\u0446\u0435\u0441\u0441 \u0437\u0430\u043a\u0440\u044b\u0442\u0438\u044f \u0442\u0430\u0440\u0435\u043b\u043e\u043a \u0441 \u043f\u043e\u043c\u043e\u0449\u044c\u044e \u043d\u0430\u0448\u0438\u0445 \u0444\u043e\u0440\u043c, \u043f\u043e\u0434\u0433\u043e\u0442\u043e\u0432\u043b\u0435\u043d\u043d\u044b\u0445 \u0432 \u0441\u043e\u043e\u0442\u0432\u0435\u0442\u0441\u0442\u0432\u0438\u0438 \u0441 \u0440\u0430\u0437\u043c\u0435\u0440\u043e\u043c \u0432\u0430\u0448\u0435\u0439 \u0442\u0430\u0440\u0435\u043b\u043a\u0438. \u041e\u0437\u043d\u0430\u043a\u043e\u043c\u044c\u0442\u0435\u0441\u044c \u0441 \u043d\u0430\u0448\u0438\u043c\u0438 \u0441\u0438\u0441\u0442\u0435\u043c\u0430\u043c\u0438 \u0437\u0430\u043a\u0440\u044b\u0442\u0438\u044f \u0447\u0430\u0448 \u0434\u043b\u044f \u043f\u0440\u0435\u0441\u0441-\u0444\u043e\u0440\u043c \u0440\u0430\u0437\u043d\u044b\u0445 \u0440\u0430\u0437\u043c\u0435\u0440\u043e\u0432. \u041f\u043e\u043b\u043d\u043e\u0441\u0442\u044c\u044e \u0430\u0432\u0442\u043e\u043c\u0430\u0442\u0438\u0447\u0435\u0441\u043a\u0438\u0435 \u043c\u043e\u0434\u0435\u043b\u0438 \u0412\u044b\u0434\u0432\u0438\u0436\u043d\u044b\u0435 \u043c\u043e\u0434\u0435\u043b\u0438 \u041f\u043e\u043b\u0443\u0430\u0432\u0442\u043e\u043c\u0430\u0442\u0438\u0447\u0435\u0441\u043a\u0438\u0435 \u043c\u043e\u0434\u0435\u043b\u0438 \u041c\u041e\u0414\u0415\u041b\u0418 \u0421 \u0412\u042b\u0414\u0412\u0418\u0416\u041d\u042b\u041c\u0418 \u042f\u0429\u0418\u041a\u0410\u041c\u0418 \u0411\u0430\u0437\u043e\u0432\u044b\u0435 \u043c\u043e\u0434\u0435\u043b\u0438<\/p>\n","protected":false},"author":1,"featured_media":0,"parent":6432,"menu_order":0,"comment_status":"closed","ping_status":"closed","template":"","meta":{"footnotes":""},"class_list":["post-6568","page","type-page","status-publish","hentry"],"acf":[],"yoast_head":"<!-- This site is optimized with the Yoast SEO Premium plugin v19.5 (Yoast SEO v19.13) - https:\/\/yoast.com\/wordpress\/plugins\/seo\/ -->\n<title>\u041c\u0430\u0448\u0438\u043d\u044b \u0434\u043b\u044f \u0437\u0430\u043f\u0430\u0439\u043a\u0438 \u043b\u043e\u0442\u043a\u043e\u0432 - VOLVAC<\/title>\n<meta name=\"robots\" content=\"index, follow, max-snippet:-1, max-image-preview:large, max-video-preview:-1\" \/>\n<link rel=\"canonical\" href=\"https:\/\/volvacgermany.de\/ru\/machines\/tray-sealer-machines\/\" \/>\n<meta property=\"og:locale\" content=\"ru_RU\" \/>\n<meta property=\"og:type\" content=\"article\" \/>\n<meta property=\"og:title\" content=\"\u041c\u0430\u0448\u0438\u043d\u044b \u0434\u043b\u044f \u0437\u0430\u043f\u0430\u0439\u043a\u0438 \u043b\u043e\u0442\u043a\u043e\u0432\" \/>\n<meta property=\"og:description\" content=\"\u0412\u044b \u043c\u043e\u0436\u0435\u0442\u0435 \u0432\u044b\u043f\u043e\u043b\u043d\u0438\u0442\u044c \u043f\u0440\u043e\u0446\u0435\u0441\u0441 \u0437\u0430\u043a\u0440\u044b\u0442\u0438\u044f \u0442\u0430\u0440\u0435\u043b\u043e\u043a \u0441 \u043f\u043e\u043c\u043e\u0449\u044c\u044e \u043d\u0430\u0448\u0438\u0445 \u0444\u043e\u0440\u043c, \u043f\u043e\u0434\u0433\u043e\u0442\u043e\u0432\u043b\u0435\u043d\u043d\u044b\u0445 \u0432 \u0441\u043e\u043e\u0442\u0432\u0435\u0442\u0441\u0442\u0432\u0438\u0438 \u0441 \u0440\u0430\u0437\u043c\u0435\u0440\u043e\u043c \u0432\u0430\u0448\u0435\u0439 \u0442\u0430\u0440\u0435\u043b\u043a\u0438. \u041e\u0437\u043d\u0430\u043a\u043e\u043c\u044c\u0442\u0435\u0441\u044c \u0441 \u043d\u0430\u0448\u0438\u043c\u0438 \u0441\u0438\u0441\u0442\u0435\u043c\u0430\u043c\u0438 \u0437\u0430\u043a\u0440\u044b\u0442\u0438\u044f \u0447\u0430\u0448 \u0434\u043b\u044f \u043f\u0440\u0435\u0441\u0441-\u0444\u043e\u0440\u043c \u0440\u0430\u0437\u043d\u044b\u0445 \u0440\u0430\u0437\u043c\u0435\u0440\u043e\u0432. \u041f\u043e\u043b\u043d\u043e\u0441\u0442\u044c\u044e \u0430\u0432\u0442\u043e\u043c\u0430\u0442\u0438\u0447\u0435\u0441\u043a\u0438\u0435 \u043c\u043e\u0434\u0435\u043b\u0438 \u0412\u044b\u0434\u0432\u0438\u0436\u043d\u044b\u0435 \u043c\u043e\u0434\u0435\u043b\u0438 \u041f\u043e\u043b\u0443\u0430\u0432\u0442\u043e\u043c\u0430\u0442\u0438\u0447\u0435\u0441\u043a\u0438\u0435 \u043c\u043e\u0434\u0435\u043b\u0438 \u041c\u041e\u0414\u0415\u041b\u0418 \u0421 \u0412\u042b\u0414\u0412\u0418\u0416\u041d\u042b\u041c\u0418 \u042f\u0429\u0418\u041a\u0410\u041c\u0418 \u0411\u0430\u0437\u043e\u0432\u044b\u0435 \u043c\u043e\u0434\u0435\u043b\u0438\" \/>\n<meta property=\"og:url\" content=\"https:\/\/volvacgermany.de\/ru\/machines\/tray-sealer-machines\/\" \/>\n<meta property=\"og:site_name\" content=\"VOLVAC\" \/>\n<meta property=\"article:modified_time\" content=\"2022-06-15T09:16:43+00:00\" \/>\n<meta property=\"og:image\" content=\"https:\/\/volvacgermany.de\/wp-content\/uploads\/2022\/02\/tabak.png\" \/>\n<meta name=\"twitter:card\" content=\"summary_large_image\" \/>\n<meta name=\"twitter:label1\" content=\"\u041f\u0440\u0438\u043c\u0435\u0440\u043d\u043e\u0435 \u0432\u0440\u0435\u043c\u044f \u0434\u043b\u044f \u0447\u0442\u0435\u043d\u0438\u044f\" \/>\n\t<meta name=\"twitter:data1\" content=\"2 \u043c\u0438\u043d\u0443\u0442\u044b\" \/>\n<script type=\"application\/ld+json\" class=\"yoast-schema-graph\">{\"@context\":\"https:\/\/schema.org\",\"@graph\":[{\"@type\":\"WebPage\",\"@id\":\"https:\/\/volvacgermany.de\/ru\/machines\/tray-sealer-machines\/\",\"url\":\"https:\/\/volvacgermany.de\/ru\/machines\/tray-sealer-machines\/\",\"name\":\"\u041c\u0430\u0448\u0438\u043d\u044b \u0434\u043b\u044f \u0437\u0430\u043f\u0430\u0439\u043a\u0438 \u043b\u043e\u0442\u043a\u043e\u0432 - VOLVAC\",\"isPartOf\":{\"@id\":\"https:\/\/volvacgermany.de\/#website\"},\"datePublished\":\"2022-06-08T06:06:57+00:00\",\"dateModified\":\"2022-06-15T09:16:43+00:00\",\"breadcrumb\":{\"@id\":\"https:\/\/volvacgermany.de\/ru\/machines\/tray-sealer-machines\/#breadcrumb\"},\"inLanguage\":\"ru-RU\",\"potentialAction\":[{\"@type\":\"ReadAction\",\"target\":[\"https:\/\/volvacgermany.de\/ru\/machines\/tray-sealer-machines\/\"]}]},{\"@type\":\"BreadcrumbList\",\"@id\":\"https:\/\/volvacgermany.de\/ru\/machines\/tray-sealer-machines\/#breadcrumb\",\"itemListElement\":[{\"@type\":\"ListItem\",\"position\":1,\"name\":\"Home\",\"item\":\"https:\/\/volvacgermany.de\/ru\/\"},{\"@type\":\"ListItem\",\"position\":2,\"name\":\"\u041c\u0410\u0428\u0418\u041d\u042b\",\"item\":\"https:\/\/volvacgermany.de\/ru\/machines\/\"},{\"@type\":\"ListItem\",\"position\":3,\"name\":\"\u041c\u0430\u0448\u0438\u043d\u044b \u0434\u043b\u044f \u0437\u0430\u043f\u0430\u0439\u043a\u0438 \u043b\u043e\u0442\u043a\u043e\u0432\"}]},{\"@type\":\"WebSite\",\"@id\":\"https:\/\/volvacgermany.de\/#website\",\"url\":\"https:\/\/volvacgermany.de\/\",\"name\":\"VOLVAC\",\"description\":\"Vakum Paketleme Makinas\u0131 \u0130malat\u00e7\u0131s\u0131 (Garantili)\",\"potentialAction\":[{\"@type\":\"SearchAction\",\"target\":{\"@type\":\"EntryPoint\",\"urlTemplate\":\"https:\/\/volvacgermany.de\/?s={search_term_string}\"},\"query-input\":\"required name=search_term_string\"}],\"inLanguage\":\"ru-RU\"}]}<\/script>\n<!-- \/ Yoast SEO Premium plugin. -->","yoast_head_json":{"title":"\u041c\u0430\u0448\u0438\u043d\u044b \u0434\u043b\u044f \u0437\u0430\u043f\u0430\u0439\u043a\u0438 \u043b\u043e\u0442\u043a\u043e\u0432 - VOLVAC","robots":{"index":"index","follow":"follow","max-snippet":"max-snippet:-1","max-image-preview":"max-image-preview:large","max-video-preview":"max-video-preview:-1"},"canonical":"https:\/\/volvacgermany.de\/ru\/machines\/tray-sealer-machines\/","og_locale":"ru_RU","og_type":"article","og_title":"\u041c\u0430\u0448\u0438\u043d\u044b \u0434\u043b\u044f \u0437\u0430\u043f\u0430\u0439\u043a\u0438 \u043b\u043e\u0442\u043a\u043e\u0432","og_description":"\u0412\u044b \u043c\u043e\u0436\u0435\u0442\u0435 \u0432\u044b\u043f\u043e\u043b\u043d\u0438\u0442\u044c \u043f\u0440\u043e\u0446\u0435\u0441\u0441 \u0437\u0430\u043a\u0440\u044b\u0442\u0438\u044f \u0442\u0430\u0440\u0435\u043b\u043e\u043a \u0441 \u043f\u043e\u043c\u043e\u0449\u044c\u044e \u043d\u0430\u0448\u0438\u0445 \u0444\u043e\u0440\u043c, \u043f\u043e\u0434\u0433\u043e\u0442\u043e\u0432\u043b\u0435\u043d\u043d\u044b\u0445 \u0432 \u0441\u043e\u043e\u0442\u0432\u0435\u0442\u0441\u0442\u0432\u0438\u0438 \u0441 \u0440\u0430\u0437\u043c\u0435\u0440\u043e\u043c \u0432\u0430\u0448\u0435\u0439 \u0442\u0430\u0440\u0435\u043b\u043a\u0438. \u041e\u0437\u043d\u0430\u043a\u043e\u043c\u044c\u0442\u0435\u0441\u044c \u0441 \u043d\u0430\u0448\u0438\u043c\u0438 \u0441\u0438\u0441\u0442\u0435\u043c\u0430\u043c\u0438 \u0437\u0430\u043a\u0440\u044b\u0442\u0438\u044f \u0447\u0430\u0448 \u0434\u043b\u044f \u043f\u0440\u0435\u0441\u0441-\u0444\u043e\u0440\u043c \u0440\u0430\u0437\u043d\u044b\u0445 \u0440\u0430\u0437\u043c\u0435\u0440\u043e\u0432. \u041f\u043e\u043b\u043d\u043e\u0441\u0442\u044c\u044e \u0430\u0432\u0442\u043e\u043c\u0430\u0442\u0438\u0447\u0435\u0441\u043a\u0438\u0435 \u043c\u043e\u0434\u0435\u043b\u0438 \u0412\u044b\u0434\u0432\u0438\u0436\u043d\u044b\u0435 \u043c\u043e\u0434\u0435\u043b\u0438 \u041f\u043e\u043b\u0443\u0430\u0432\u0442\u043e\u043c\u0430\u0442\u0438\u0447\u0435\u0441\u043a\u0438\u0435 \u043c\u043e\u0434\u0435\u043b\u0438 \u041c\u041e\u0414\u0415\u041b\u0418 \u0421 \u0412\u042b\u0414\u0412\u0418\u0416\u041d\u042b\u041c\u0418 \u042f\u0429\u0418\u041a\u0410\u041c\u0418 \u0411\u0430\u0437\u043e\u0432\u044b\u0435 \u043c\u043e\u0434\u0435\u043b\u0438","og_url":"https:\/\/volvacgermany.de\/ru\/machines\/tray-sealer-machines\/","og_site_name":"VOLVAC","article_modified_time":"2022-06-15T09:16:43+00:00","og_image":[{"url":"https:\/\/volvacgermany.de\/wp-content\/uploads\/2022\/02\/tabak.png"}],"twitter_card":"summary_large_image","twitter_misc":{"\u041f\u0440\u0438\u043c\u0435\u0440\u043d\u043e\u0435 \u0432\u0440\u0435\u043c\u044f \u0434\u043b\u044f \u0447\u0442\u0435\u043d\u0438\u044f":"2 \u043c\u0438\u043d\u0443\u0442\u044b"},"schema":{"@context":"https:\/\/schema.org","@graph":[{"@type":"WebPage","@id":"https:\/\/volvacgermany.de\/ru\/machines\/tray-sealer-machines\/","url":"https:\/\/volvacgermany.de\/ru\/machines\/tray-sealer-machines\/","name":"\u041c\u0430\u0448\u0438\u043d\u044b \u0434\u043b\u044f \u0437\u0430\u043f\u0430\u0439\u043a\u0438 \u043b\u043e\u0442\u043a\u043e\u0432 - VOLVAC","isPartOf":{"@id":"https:\/\/volvacgermany.de\/#website"},"datePublished":"2022-06-08T06:06:57+00:00","dateModified":"2022-06-15T09:16:43+00:00","breadcrumb":{"@id":"https:\/\/volvacgermany.de\/ru\/machines\/tray-sealer-machines\/#breadcrumb"},"inLanguage":"ru-RU","potentialAction":[{"@type":"ReadAction","target":["https:\/\/volvacgermany.de\/ru\/machines\/tray-sealer-machines\/"]}]},{"@type":"BreadcrumbList","@id":"https:\/\/volvacgermany.de\/ru\/machines\/tray-sealer-machines\/#breadcrumb","itemListElement":[{"@type":"ListItem","position":1,"name":"Home","item":"https:\/\/volvacgermany.de\/ru\/"},{"@type":"ListItem","position":2,"name":"\u041c\u0410\u0428\u0418\u041d\u042b","item":"https:\/\/volvacgermany.de\/ru\/machines\/"},{"@type":"ListItem","position":3,"name":"\u041c\u0430\u0448\u0438\u043d\u044b \u0434\u043b\u044f \u0437\u0430\u043f\u0430\u0439\u043a\u0438 \u043b\u043e\u0442\u043a\u043e\u0432"}]},{"@type":"WebSite","@id":"https:\/\/volvacgermany.de\/#website","url":"https:\/\/volvacgermany.de\/","name":"VOLVAC","description":"Vakum Paketleme Makinas\u0131 \u0130malat\u00e7\u0131s\u0131 (Garantili)","potentialAction":[{"@type":"SearchAction","target":{"@type":"EntryPoint","urlTemplate":"https:\/\/volvacgermany.de\/?s={search_term_string}"},"query-input":"required name=search_term_string"}],"inLanguage":"ru-RU"}]}},"_links":{"self":[{"href":"https:\/\/volvacgermany.de\/ru\/wp-json\/wp\/v2\/pages\/6568","targetHints":{"allow":["GET"]}}],"collection":[{"href":"https:\/\/volvacgermany.de\/ru\/wp-json\/wp\/v2\/pages"}],"about":[{"href":"https:\/\/volvacgermany.de\/ru\/wp-json\/wp\/v2\/types\/page"}],"author":[{"embeddable":true,"href":"https:\/\/volvacgermany.de\/ru\/wp-json\/wp\/v2\/users\/1"}],"replies":[{"embeddable":true,"href":"https:\/\/volvacgermany.de\/ru\/wp-json\/wp\/v2\/comments?post=6568"}],"version-history":[{"count":0,"href":"https:\/\/volvacgermany.de\/ru\/wp-json\/wp\/v2\/pages\/6568\/revisions"}],"up":[{"embeddable":true,"href":"https:\/\/volvacgermany.de\/ru\/wp-json\/wp\/v2\/pages\/6432"}],"wp:attachment":[{"href":"https:\/\/volvacgermany.de\/ru\/wp-json\/wp\/v2\/media?parent=6568"}],"curies":[{"name":"wp","href":"https:\/\/api.w.org\/{rel}","templated":true}]}}